{"id":1016,"date":"2017-01-12T13:05:11","date_gmt":"2017-01-12T13:05:11","guid":{"rendered":"http:\/\/transcrim.pravo.unizg.hr\/?page_id=1016"},"modified":"2017-01-16T11:30:05","modified_gmt":"2017-01-16T11:30:05","slug":"conference-participation-and-presentation-in-2016","status":"publish","type":"page","link":"https:\/\/transcrim.pravo.unizg.hr\/index.php\/conference-participation-and-presentation-in-2016\/","title":{"rendered":"Conference participation and presentation in 2016"},"content":{"rendered":"<p style=\"text-align: center;\"><img loading=\"lazy\" decoding=\"async\" class=\"alignnone size-full wp-image-467\" src=\"https:\/\/transcrim.pravo.unizg.hr\/wp-content\/uploads\/2016\/01\/HRZZ-LOGO.png\" alt=\"\" width=\"214\" height=\"81\" \/><\/p>\n<p style=\"text-align: center;\"><strong>IZLAGANJA I SUDJELOVANJA ISTRA\u017dIVA\u010cA<\/strong><br \/>\nPROJEKTA POD BR. 1949.<\/p>\n<p style=\"text-align: center;\"><em><strong> \u201cMULTIDISCIPLINARY RESEARCH CLUSTER ON CRIME IN TRANSITION \u2013 TRAFFICKING IN HUMAN BEINGS, CORRUPTION AND ECONOMIC CRIME.\u201d<\/strong><\/em><\/p>\n<p style=\"text-align: center;\"><strong>NA NACIONALNIM I ME\u0110UNARODNIM SKUPOVIMA I KONFERENCIJAMA<\/strong><\/p>\n<br \/>\n<p>1. <b>201. Tribina Kluba pravnika Grada Zagreba, Zagreb, Hrvatska, 23.02.2016.\u00a0<\/b><\/p>\n<p>-Frane Stani\u010di\u0107: <i>Izazovi za\u0161tite dr\u017eavne granice u migrantskoj krizi\u00a0<\/i><\/p>\n<p>2. <b>International Scientific Conference <i>Archibald Reiss Days<\/i>, Beograd, 10-11.03.2016.\u00a0<\/b><\/p>\n<p>-Bo\u017ei\u0107 Vanda: <i>Comparative legislative analysis of criminal legislation of the Republic of Croatia and the Republic of Serbia in terms of human trafficking as the most brutal violations of fundamental human rights\u00a0<\/i><\/p>\n<p>3. <b>Me\u0111unarodni proljetni te\u010daj \u201eSprje\u010davanje kriminala putem kaznenog prava i sigurnosnih studija\u201c 20-25.03.2016. <\/b>Na Interuniverzitetskom centru Dubrovnik u organizaciji Pravnog fakulteta Sveu\u010dili\u0161ta u Zagrebu i u sklopu Projekta Multidisciplinary Research Cluster on Crime in Transition \u2013 Trafficking in Human Beings, Corruption and Economic Crime<\/p>\n<p>-Tihomir Katuli\u0107: <i>Digital Rights Management and Technical Protection Measures \u2013 From Digital Millenium Copyright Act and European Copyright Directive to Darknet<br \/>\n<\/i>-Richard P. Farkas: <i>Technology and Criminal Law: Revisiting the Story of the Rabbit and the Tortoise<br \/>\n<\/i>&#8211; Marko Juri\u0107: <i>Surveillance of electronic communications in the case law of the European Court of Human Rights and the Court of Justice of the EU<br \/>\n<\/i>-Maja Munivrana Vajda<i>: Words can hurt \u2013 fighting (online) hate speech through criminal law<br \/>\n<\/i>&#8211; Hrvoje Lisi\u010dar, Sun\u010dana Roksandi\u0107 Vidli\u010dka: <i>The Role of Information Technology in Human Trafficking and Terrorism and their Prevention<br \/>\n<\/i>-Nina Gumzej: <i>Role of Technology in the New Directive on Data Protection in Police and Judicial Cooperation in Criminal Matters\u00a0<\/i><\/p>\n<p>4. <b>Annual Conference of American Criminal Justice Academy, Denver, SAD, 29.03.2016.\u00a0<\/b><\/p>\n<p>-Davor Deren\u010dinovi\u0107: <i>Non-Punishment of Victims of Trafficking in Human Beings\u00a0<\/i><\/p>\n<p>5. <b>International Conference &#8220;Establishing a Global Knowledge Network: ISIS as a Threat and Legal Challenge and the Prevention of Recruitment\u201c, Dubrovnik, Hrvatska, 25-29.04.2016.\u00a0<\/b><\/p>\n<p>-Maja Munivrana Vajda; Sun\u010dana Roksandi\u0107 Vidli\u010dka: <i>Establishing ICC jurisdiction over ISIS &#8211; theoretical and practical challenges<br \/>\n<\/i>-Deren\u010dinovi\u0107, Davor: <i>International Legal Framework and Fight Against Terrorism\u00a0<\/i><\/p>\n<p>6. <b>Bioeti\u010dki utorak, Peta tribina: Ciljana ubojstva u sjeni terora, Zagreb, Hrvatska, 10.05.2016.\u00a0<\/b><\/p>\n<p>&#8211; Sun\u010dana Roksandi\u0107 Vidli\u010dka: <i>Ciljana ubojstva kroz prizmu terorizma i za\u0161tite ljudskih prava\u00a0<\/i><\/p>\n<p>7. <b>XII International May Conference \u201cServices and Rules on Services\u201d Pravni fakultet u Kragujevcu, 13.05.2016.\u00a0<\/b><\/p>\n<p>-Bo\u017ei\u0107 Vanda: <i>Koruptivno kazneno djelo davanja mita kao nezakonita \u201eprotuusluga za uslugu\u201c\u00a0<\/i><\/p>\n<p>8. <b>International scientific conference \u201eLegal, social and political control in national, international and EU law\u201c, Faculty of Law Ni\u0161, 19.05.2016.\u00a0<\/b><\/p>\n<p>-Bo\u017ei\u0107 Vanda: <i>Labor exploitation as the most common form of the crime of trafficking in human beings in spite of the state border control and the labor market\u00a0<\/i><\/p>\n<p>9. <b>VII Scientific and professional Conference with international participation \u201cEuropean Integration: Justice, Freedom and Security\u201d, Tara, 24-26 May 2016\u00a0<\/b><\/p>\n<p>-Bo\u017ei\u0107 Vanda: <i>Kaznenopravni odgovori na korupciju uz prijedloge de lege ferenda\u00a0<\/i><\/p>\n<p>10. <b>International Criminal Court Moot Court Competition, Haag, Nizozemska, 25.05.2016.\u00a0<\/b><\/p>\n<p>-Davor Deren\u010dinovi\u0107: <i>Sudjelovanje u svojstvu suca\u00a0<\/i><\/p>\n<p>11. <b>7th International scientific conference \u201eContemporary Trends in Social Control of Crime,\u201c Ohrid, Macedonia, 30-31.05.2016.\u00a0<\/b><\/p>\n<p>-Bo\u017ei\u0107 Vanda: <i>Steps towards combating trafficking in human organs in South Eastern Europe, with particular reference to the case of &#8220;Kosovo&#8221;\u00a0<\/i><\/p>\n<p>12. <b>39th International Convention: Croatian Society for Information and Communication Technology, Electronics and Microelectronics &#8211; MIPRO, Opatija 30.05.-03.06.2016.\u00a0<\/b><\/p>\n<p>-Tihomir Katuli\u0107: <i>From Safe Harbour to European Data Protection Reform\u00a0<\/i><\/p>\n<p>13. <b>Aktualnosti u zakonodavstvu i praksi u podru\u010dju prava azila, Zagreb, Hrvatska, 07-08.07.2016.\u00a0<\/b><\/p>\n<p>-Frane Stani\u010di\u0107: <i>Uloga upravnog sudovanja kao korektiv postupanja tijela dr\u017eavne uprave s posebnim naglaskom na postupke me\u0111unarodne za\u0161tite\u00a0<\/i><\/p>\n<p>14. <b>Max Planck International Criminal Law &amp; Transitioanl Justice Colloquiums Series: Creation &amp; Protection of Historical Memory by the Means of Criminal Law, Freiburg, Njema\u010dka, 29.07.2016.\u00a0<\/b><\/p>\n<p>&#8211; Sun\u010dana Roksandi\u0107 Vidli\u010dka: <i>Medical experiments on human beings as crimes against humanity\u00a0<\/i><\/p>\n<p>15. <b>Me\u0111unarodna konferencija Straniak Academy for Democracy and Human Rights, Ulcinj, Crna Gora, 04-17.09.2016. godine\u00a0<\/b><\/p>\n<p>-Davor Deren\u010dinovi\u0107:<i>Combating trafficking in human beings, Combating corruption and the concept of good governance\u00a0<\/i><\/p>\n<p>16. <b>16th Annual Conference of the European Society of Criminology, Muenster, Njema\u010dka, 21-24.09.2016.\u00a0<\/b><\/p>\n<p>&#8211; Sun\u010dana Roksandi\u0107 Vidli\u010dka: <i>Economic crimes as international crimes, Recruitment and ISIS: EU Challanges<br \/>\n<\/i>-Aleksandar Marsavelski: <i>The Phenomenology of Crimes comitted by Political Parties in the Balkans\u00a0<\/i><\/p>\n<p>17. <b>LVI Savjetovanje Srpskog udru\u017eenja za krivi\u010dnopravnu teoriju i praksu, Europske integracije i kazneno zakonodavstvo, Zlatibor, 22-24.09.2016.\u00a0<\/b><\/p>\n<p>-Bo\u017ei\u0107 Vanda: <i>Gospodarska kaznena djela u hrvatskom kaznenom zakonodavstvu s posebnim osvrtom na prijevaru u gospodarskom poslovanju kao naju\u010destalijim gospodarskim kaznenim djelom u sudskoj praksi\u00a0<\/i><\/p>\n<p>18. <b>Me\u0111unarodna konferencija \u201eSuzbijanje orgnizovanog kriminala kao preduslov vladavine prava,\u201c Institut za uporedno pravo, Vr\u0161ac, 29-30.09.2016.\u00a0<\/b><\/p>\n<p>-Bo\u017ei\u0107 Vanda: <i>Suzbijanje organiziranog kriminaliteta u svjetlu pozitivnog kaznenog zakonodavstva Republike Hrvatske\u00a0<\/i><\/p>\n<p>19. <b>1st International Scientific Conference of Maritime Law: Modern Challenges of Marine Navigation&#8221;), Split, 29-30.09.2016.\u00a0<\/b><\/p>\n<p>-Nikoleta Radionov: <i>Ljudska prava pomoraca izme\u0111u snova i stvarnosti:(Ne)mogu\u0107e te\u017enje?\u00a0<\/i><\/p>\n<p>20. <b>Me\u0111unarodni znanstveni skup \u201eThe study and thetTeaching of Roman law and Roman Legal tradition at the beginning of the XXI Century\u201c, Sofija, 14.10.2016.\u00a0<\/b><\/p>\n<p><b>&#8211;<\/b>Ivana Jaramaz Resku\u0161i\u0107: <i>Late republican struggle against electoral corruption: cases of Murena and Plancius\u00a0<\/i><\/p>\n<p>21. <b>East China University of Political Science and Law, Shanghai, Kina, 18.10.2016.\u00a0<\/b><\/p>\n<p>-Davor Deren\u010dinovi\u0107: <i>Developments in Croatia Criminal Legislation\u00a0<\/i><\/p>\n<p>22. <b>Suvremene migracije: pravni i institucionalni aspekt, Zagreb, Hrvatska, 3.11.2016.\u00a0<\/b><\/p>\n<p>-Frane Stani\u010di\u0107: <i>Postupanja prema strancima u ovlasti policije<br \/>\n<\/i>-Sun\u010dana Roksandi\u0107 Vidli\u010dka: <i>Migracija i terorizam: EU unutarnja sigurnosna politika<br \/>\n<\/i>-Marta Dragi\u010devi\u0107 Prtenja\u010da: <i>Migracije i \u017ertve trgovanja ljudima s posebnim osvrtom na neka\u017enjavanje za po\u010dinjenja kaznena djela\u00a0<\/i><\/p>\n<p>23. <b>Cooperation against Cybercrime, 16-18.11.2016. Council of Europe, Strasbourg, France\u00a0<\/b><\/p>\n<p>-Hrvoje Lisi\u010dar, Budapest Convention: 15th anniversary<br \/>\n-Marko Juri\u0107, Budapest Convention: 15th anniversary<\/p>\n<p>24. <b>Me\u0111unarodna konferencija \u201cDjeca bez pratnje: \u017ertve trgovanja ljudima i tra\u017eitelji azila u sudskim postupcima\u201d, Zagreb, 24-25.11.2016.\u00a0<\/b><\/p>\n<p>-Davor Deren\u010dinovi\u0107: <i>Dje\u010dja prava\/za\u0161tita djece bez pratnje: me\u0111unarodni i nacionalni pravni okviri<br \/>\n<\/i>-Vanda Bo\u017ei\u0107: <i>Pravni okvir Evropske unije \u2013 pregled obaveza specifi\u010dno vezanih za djecu u Europskom zajedni\u010dkom sistemu azila, EU Direktive o spre\u010davanju i suzbijanju trgovanja ljudima i za\u0161titi njegovih \u017ertava i EU Direktive o zajedni\u010dkim standardima i postupcima dr\u017eava \u010dlanica za vra\u0107anje dr\u017eavljana tre\u0107ih zemalja s nezakonitim boravkom.\u00a0<\/i><\/p>\n<p>25. <b>UNODC Anti-Corruption Academic Expert Workshop &#8211; Enhancing the capacity of academia to deliver high quality anti-corruption education, Tirana, Albanija, 24-25.11.2016.\u00a0<\/b><\/p>\n<p>&#8211; Sun\u010dana Roksandi\u0107 Vidli\u010dka: <i>Transitional economic crimes and corruption\u00a0<\/i><\/p>\n<p>26. <b>4th Annual Transport Law de lege ferenda \u2013 Young Academics&#8217; Vision on Tomorrow&#8217;s Transport Law, School of Law, Korea University, Seoul, South Korea, 27.11.2016.\u00a0<\/b><\/p>\n<p>&#8211; Tihomir Katuli\u0107: <i>Impact of the new European Information Security Regulation on the Transport Industry Information Systems<br \/>\n<\/i>&#8211; Mi\u0161o Mudri\u0107: <i>Upcoming UAV Regulations: a Global Way Forward\u00a0<\/i><\/p>\n<p>27. <b>Me\u0111unarodna konferencija &#8220;Society, Law, and Legal Culture&#8221; 1-2 December 2016, Zagreb, Croatia, Faculty of Law\u00a0<\/b><\/p>\n<p>-Nina Gumzej: Impa<i>ct assessments under the general data protection regulation and technology-enabled surveillance: a critical appraisal.<br \/>\n<\/i>-Cvitanovi\u0107 Leo &amp; Dragi\u010devi\u0107 Prtenja\u010da, Marta: <i>Era of the Demise of Classical Punishment<br \/>\n<\/i>-Radionov, Nikoleta: <i>Good Legal Education and the Prohibition to Access the Legal\u00a0<\/i><i>Profession for the Teachers of Law: Contradictio in Adjecto?\u00a0<\/i><\/p>\n<p>28. <b>Comparative Study on Social Governance in Transitional Countries: Historical experience and Ongoing challenges, The 3rd Sino-European International Forum, Shangai, Kina, 03-04.12.2016.\u00a0<\/b><\/p>\n<p>-Sun\u010dana Roksandi\u0107 Vidli\u010dka: <i>Transitional economic crimes and unique Croatian policies<br \/>\n<\/i>-Marta Dragi\u010devi\u0107 Prtenja\u010da: <i>Change of Anti-Corruption Policies during Transition in Croatia<br \/>\n<\/i>-Davor Deren\u010dinovi\u0107: <i>Crime Prevention Challenges in Transition Countries\u00a0<\/i><\/p>\n<p>29. <b>4th RACVIAC \/ KAS Annual Conference on Security Challenges for the Europe, RACVIAC SE Europe, Centre for Security Cooperation, Konrad Adenauer Stiftung, Zagreb, Croatia, 06-08.12.2016.\u00a0<\/b><\/p>\n<p>-Mi\u0161o Mudri\u0107: <i>Moderator panela \u201cSecurity Challenges for Europe and Beyond\u201d \u201cMigrations Challenge: Origins and Impacts\u201d<br \/>\n<\/i>-Vanda Bo\u017ei\u0107: <i>The Fight Against Illegal Migration in the South East Europe:\u00a0<\/i><i>Special Reference to the Republic of Croatia<br \/>\n<\/i>-Tihomir Katuli\u0107: <i>European Network Information Security Directive:\u00a0<\/i><i>Implementation, Challenges and Unanswered Questions\u00a0<\/i><\/p>\n<p>30. <b>Nanjing University, Kina, 06.12.2016.\u00a0<\/b><\/p>\n<p>-Davor Deren\u010dinovi\u0107: <i>Developments in Croatian Criminal Legislation\u00a0<\/i><\/p>\n<p>31. <b>Roundtable Conference on Cybercrime in Transnational Society Sungkyunkwan University, JU\u017dNA KOREJA, SEUL, 06.12.2016.\u00a0<\/b><\/p>\n<p>-Hrvoje Liscar: <i>General Overview of the Cybercrime Convention and the Implementation of its Substantive Law in the Republic of Croatia<br \/>\n<\/i>-Marko Juric: <i>Procedural Powers in the Cybercrime Convention and Their Use in South and Eastern European Countries<br \/>\n<\/i>-Maja Munivrana Vajda: <i>Criminal Liability for Online Hate Speech<br \/>\n<\/i>-Aleksandar Marsavelski: <i>Regulating Child Pornography\u00a0<\/i><\/p>\n<p>32. <b>Skup:Ja\u010danje integriteta hrvatskih tvrtki u suzbijanju korupcije \u2013 izazovi i mogu\u0107nosti, Zagreb, Hrvatska, 07.12.2016.\u00a0<\/b><\/p>\n<p>-Bo\u017ei\u0107 Vanda: <i>Zakonodavni okvir za suzbijanje korupcije (me\u0111unarodni pravni instrumenti, EU, RH)\u00a0<\/i><\/p>\n<p>33. <b>Javna rasprava Izazovi pred nama \u2013 korupcija u civilnom dru\u0161tvu, medijima i politici kao prepreka dru\u0161tvenom razvoju Hrvatske, Zagreb, 09.12.2016.\u00a0<\/b><\/p>\n<p>-Bo\u017ei\u0107 Vanda, <i>sudjelovanje u raspravi\u00a0<\/i><\/p>\n<p>34. <b>XXIX International Scientific Conference Law and Social Imperatives, Kopaonik, 12-17.12.2016.\u00a0<\/b><\/p>\n<p>-Bo\u017ei\u0107 Vanda: <i>Suzbijanje seksualne eksploatacije kao vode\u0107eg oblika trgovanja ljudima u funkciji za\u0161tite prava na \u017eivot i temeljnih ljudskih prava\u00a0<\/i><\/p>\n<p>35. <b>Prva poslovna konferencija o bespilotnim letjelicama u Hrvatskoj, IN2, Zagreb, 2016.\u00a0<\/b><\/p>\n<p>-Mi\u0161o Mudri\u0107: <i>Regulatorna strategija u slu\u017ebi razvoja tr\u017ei\u0161ta bespilotnih letjelica\u00a0<\/i><\/p>\n<p style=\"text-align: left;\">\n","protected":false},"excerpt":{"rendered":"<p>IZLAGANJA I SUDJELOVANJA ISTRA\u017dIVA\u010cA PROJEKTA POD BR. 1949. \u201cMULTIDISCIPLINARY RESEARCH CLUSTER ON CRIME IN TRANSITION \u2013 TRAFFICKING IN HUMAN BEINGS, CORRUPTION AND ECONOMIC CRIME.\u201d NA NACIONALNIM I ME\u0110UNARODNIM SKUPOVIMA I KONFERENCIJAMA 1. 201. Tribina Kluba pravnika Grada Zagreba, Zagreb, Hrvatska, 23.02.2016.\u00a0 -Frane Stani\u010di\u0107: Izazovi za\u0161tite dr\u017eavne granice u migrantskoj krizi\u00a0 2. International Scientific Conference Archibald&#8230;<\/p>\n","protected":false},"author":2,"featured_media":0,"parent":0,"menu_order":0,"comment_status":"closed","ping_status":"closed","template":"","meta":{"footnotes":""},"_links":{"self":[{"href":"https:\/\/transcrim.pravo.unizg.hr\/index.php\/wp-json\/wp\/v2\/pages\/1016"}],"collection":[{"href":"https:\/\/transcrim.pravo.unizg.hr\/index.php\/wp-json\/wp\/v2\/pages"}],"about":[{"href":"https:\/\/transcrim.pravo.unizg.hr\/index.php\/wp-json\/wp\/v2\/types\/page"}],"author":[{"embeddable":true,"href":"https:\/\/transcrim.pravo.unizg.hr\/index.php\/wp-json\/wp\/v2\/users\/2"}],"replies":[{"embeddable":true,"href":"https:\/\/transcrim.pravo.unizg.hr\/index.php\/wp-json\/wp\/v2\/comments?post=1016"}],"version-history":[{"count":0,"href":"https:\/\/transcrim.pravo.unizg.hr\/index.php\/wp-json\/wp\/v2\/pages\/1016\/revisions"}],"wp:attachment":[{"href":"https:\/\/transcrim.pravo.unizg.hr\/index.php\/wp-json\/wp\/v2\/media?parent=1016"}],"curies":[{"name":"wp","href":"https:\/\/api.w.org\/{rel}","templated":true}]}}