{"id":1083,"date":"2018-01-11T15:40:42","date_gmt":"2018-01-11T15:40:42","guid":{"rendered":"http:\/\/transcrim.pravo.unizg.hr\/?page_id=1083"},"modified":"2018-01-11T15:43:27","modified_gmt":"2018-01-11T15:43:27","slug":"conference-participation-and-presentation-in-2017","status":"publish","type":"page","link":"https:\/\/transcrim.pravo.unizg.hr\/index.php\/conference-participation-and-presentation-in-2017\/","title":{"rendered":"Conference participation and presentation in 2017"},"content":{"rendered":"<p style=\"text-align: center;\"><img loading=\"lazy\" decoding=\"async\" class=\"alignnone size-full wp-image-467\" src=\"https:\/\/transcrim.pravo.unizg.hr\/wp-content\/uploads\/2016\/01\/HRZZ-LOGO.png\" alt=\"\" width=\"214\" height=\"81\" \/><\/p>\n<p style=\"text-align: center;\">\u00a0<strong>IZLAGANJA I SUDJELOVANJA ISTRA\u017dIVA\u010cA<\/strong><\/p>\n<p style=\"text-align: center;\">PROJEKTA POD BR. 1949.<\/p>\n<p style=\"text-align: center;\"><strong>\u201cMULTIDISCIPLINARY RESEARCH CLUSTER ON CRIME IN TRANSITION \u2013 TRAFFICKING IN HUMAN BEINGS, CORRUPTION AND ECONOMIC CRIME.\u201d<\/strong><\/p>\n<p style=\"text-align: center;\"><strong>NA NACIONALNIM I ME\u0110UNARODNIM SKUPOVIMA I KONFERENCIJAMA<\/strong><\/p>\n<ol>\n<li><strong>Znanstveno stru\u010dni skup: Sistem policijskog obrazovanja u funkciji efikasnog odgovora na nove bezbednosne pretnje, Vr\u0161ac, Srbija, 30.-31.01.2017.<br \/>\n<\/strong>&#8211; Bo\u017ei\u0107 Vanda: Permanent education of police officers in the function of combating new forms of crime<\/li>\n<\/ol>\n<ol start=\"2\">\n<li><strong>Me\u0111unarodni znanstveni skup \u201cUsagla\u0161avanje pravne regulative sa pravnim tekovinama (Acquis Communautaire) EU\u201d \u2013 stanje u BiH i iskustva drugih, Istra\u017eiva\u010dki centar Banja Luka, Banja Luka, 24-25.02.2017.<br \/>\n<\/strong>&#8211; Bo\u017ei\u0107 Vanda: Borba protiv korupcije na podru\u010dju Regije s posebnim osvrtom na Republiku Hrvatsku i Republiku Srbiju<\/li>\n<\/ol>\n<ol start=\"3\">\n<li><strong>Okrugli stol Kaznenopravna za\u0161tita okoli\u0161a, Hrvatska akademija znanosti i umjetnosti u Zagrebu, 01.03.2017.<br \/>\n<\/strong>&#8211; Sun\u010dana Roksandi\u0107 Vidli\u010dka: Pravo okoli\u0161a i gospodarsko kazneno pravo: poja\u010dano naoru\u017eanje za o\u010duvanje okoli\u0161a i suo\u010davanje s klimatskim promjenama, \u0160to mo\u017eemo nau\u010diti od SAD-a \u2013 Primjer ExxonnMobila<br \/>\n&#8211; Aleksandar Mar\u0161avelski: Odgovornost pravnih osoba za kaznena djela protiv okoli\u0161a: teorijsko utemeljenje u odgovaraju\u0107oj regulaciji<br \/>\n&#8211; Davor Deren\u010dinovi\u0107: Ne\u010delo sic utere i kazneno pravo u funkciji za\u0161tite od prekora\u010denog one\u010di\u0161\u0107enja okoli\u0161a<br \/>\n&#8211; Leo Cvitanovi\u0107: Napomene uz kaznenopravnu za\u0161titu okoli\u0161a<br \/>\n&#8211; Maja Munivrana Vajda: Ugro\u017eavanje okoli\u0161a bukom<br \/>\n&#8211; Marta Dragi\u010devi\u0107 Prtenja\u010da: Svjetlosno one\u010di\u0161\u0107enje u okviru kaznenopravne za\u0161tite okoli\u0161a<\/li>\n<\/ol>\n<p>4.<strong>\u00a0Annual Colloqium \u201cMIGRATIONS AND TRAFFICKING IN HUMAN BEINGS\u201d, Dubrovnik, 2-4 April 2017<br \/>\n<\/strong>&#8211; Davor Deren\u010dinovi\u0107: Trafficking in human beings &#8211; introductory notes<br \/>\n&#8211; Anna Maria Geto\u0161 Kalac: Trafficking in human beings- introductory notes<br \/>\n&#8211; Frane Stani\u010di\u0107: Granting temporary residence in Croatia to victims of trafficking in human beings<br \/>\n&#8211; Marta Dragi\u010devi\u0107 Prtenja\u010da: Migrants, refugees and victims of THB \u2013 special reference to \u201cnon-punishment\u201d of victims of THB for illegal acts in Croatia<br \/>\n&#8211; Iva Savi\u0107: Cyber Crime and Human Trafficking in Shipping Industry<br \/>\n&#8211; Mi\u0161o Mudri\u0107: Migration Crisis and Private Security Companies: Australian Theorem<\/p>\n<ol start=\"5\">\n<li><strong>Javna tribina &#8211; savjetovanje sa zainteresiranom javno\u0161\u0107u o Protokolu za identifikaciju, pomo\u0107 i za\u0161titu \u017ertava trgovanja ljudima te Protokolu o postupanju pri dobrovoljnom i sigurnom povratku \u017ertava trgovanja ljudima, Zagreb, 06.04.2017.<br \/>\n<\/strong>&#8211; Maja Munivrana Vajda: Pregled pitanja povezanih s identifikacijom \u017ertava u kontekstu kaznenog prava i njegove implementacije u RH.<\/li>\n<\/ol>\n<ol start=\"6\">\n<li><strong>Sixth Bosnian Herzegovinian, Croatian and Turkish Jurist Days THE LEGAL FRAMEWORK FOR ECONOMIC COMPETITIVENESS, Faculty of Law, University of Zagreb, 19-23.04.2017.<br \/>\n<\/strong>&#8211; Davor Deren\u010dinovi\u0107: Panel II chair: Criminal and Administrative Law<br \/>\n&#8211; Marta Dragi\u010devi\u0107 Prtenja\u010da: Turkish FDI in Croatia-a gravity model approach<br \/>\n&#8211; Anna-Maria Geto\u0161 Kalac, Sun\u010dana Roksandi\u0107 Vidli\u010dka: White Collar Crime in \u00a0\u00a0Croatia and its Impact on Economic Competitiveness<\/li>\n<\/ol>\n<ol start=\"7\">\n<li><strong>Me\u0111unarodna znanstvena konferencija \u201eGlobalizacija i pravo\u201c, Faculty of Law Ni\u0161, 21-22.04.2017.<br \/>\n<\/strong>&#8211; Bo\u017ei\u0107 Vanda: Globalni i regionalni aspekt pravnog i institucionalnog okvira za suzbijanje trgovine ljudima<\/li>\n<\/ol>\n<ol start=\"8\">\n<li><strong>V International Scientific Conference Romaninan Educational System of Forensic Science, \u201eForensic Sciences between education and operatioanl field\u201c, Alexandar Ioan Cuza and others, Bucharest, Romania, 27 &#8211; 28 Apr 2017<br \/>\n<\/strong>&#8211; Bo\u017ei\u0107 Vanda: Criminal Law and Criminalistic forensic approach to fighting Cyber<\/li>\n<\/ol>\n<ol start=\"9\">\n<li><strong>Roundtable Conference on Cybercrime in Transnational Society 9th of May 2017 at\u00a0<\/strong><strong>Faculty of Law, University of Zagreb<br \/>\n<\/strong>&#8211; Davor Deren\u010dinovi\u0107: Cybercrime in Transnational Society &#8211; introductory notes<br \/>\n&#8211; Sun\u010dana Roksandi\u010d Vidli\u010dka \u2013 Role of digital evidence in EU security agenda<br \/>\n&#8211; Marko Juri\u0107 \u2013 Data retention in electronic communications<br \/>\n&#8211; Tihomir Katuli\u0107 &#8211; Status and Challanges of Implementing EU Network and Information Security Directive in Croatia<br \/>\n&#8211; Aleksandar Mar\u0161avelski &#8211; Computer Crimes in Croatian Criminal Code<strong>\u00a0<\/strong><\/li>\n<\/ol>\n<ol start=\"10\">\n<li><strong>Usluge i krivi\u010dna odgovornost, XIII International May Conference \u201cServices and Rules on Services\u201d Faculty of Law Kragujevac, 19.05.2017.<br \/>\n<\/strong>&#8211; Bo\u017ei\u0107 Vanda: Kaznenopravna odgovornost za primanje mita kao nagrade za obe\u0107anu uslugu<\/li>\n<\/ol>\n<ol start=\"11\">\n<li><strong>The 8th Scientific and Professional Conference with international participation \u201eThe Police and Judiciary as guarantees of freedom and security in a legal state\u201c, KPA, Fondacija Hanns Seidel, Serbia, Tara, 23.-25.05.2017.<br \/>\n<\/strong>-Bo\u017ei\u0107 Vanda: Fight against Organised Crime with reference to permanent education of police officers<\/li>\n<\/ol>\n<ol start=\"12\">\n<li><strong>Adriatic Maritime Law Conference Opatija, 25-27.05. 2017.<br \/>\n<\/strong>&#8211; Mi\u0161o Mudri\u0107: The Legal Framework Relating to Security in the Ports of Nautical Tourism<\/li>\n<\/ol>\n<ol start=\"13\">\n<li><strong>Regionalna konferencija Mere bezbednosti u krivi\u010dnom pravu \u2013 norme, sudska praksa i izvr\u0161enje, 2. jun 2017, hotel Zira, Beograd<br \/>\n<\/strong>&#8211; Davor Deren\u010dinovi\u0107: Mere bezbednosti medicinskog karaktera: hrvatsko krivi\u010dno zakonodavstvo i iskustva u njegovoj primeni<\/li>\n<\/ol>\n<ol start=\"14\">\n<li><strong>International Scientific Conference Security Concepts And Policies &#8211; New Generation of Risks And Threats 04 -05 June 2017, Ohrid<br \/>\n<\/strong>-Bo\u017ei\u0107 Vanda: International Legal Framework For Combating Cyber Crime With\u00a0Reference to the Legislation of the Republic of Croatia<strong><em>\u00a0<\/em><\/strong><\/li>\n<\/ol>\n<ol start=\"15\">\n<li><strong>4TH SINO-EUROPEAN INTERNATIONAL FORUM 2017 on the topic Eradicating Corruption While Strengthening the Rule of Law and Pursuing Economic Growth in cooperation with Institute of Law, Shanghai Academy of Social Sciences&amp; East China University of Political Science and Law, Faculty of Law, University of Zagreb, 8 -10.06.2017.<br \/>\n<\/strong>&#8211; Davor Deren\u010dinovi\u0107: Corruption-introductory notes<br \/>\n&#8211; Sun\u010dana Roksandi\u0107 Vidli\u010dka: Corruption as International Crime: What Can We Learn from Transitional Justice in order to Strenghten \u00a0\u00a0the Rule of Law and Pursue Economic Growth?<strong><em>\u00a0<\/em><\/strong><\/li>\n<\/ol>\n<ol start=\"16\">\n<li><strong>Summer Seminar in Legal studies : Central Asia and Central Europe, University of Zagreb, American University of Central Asia, Bishkek,\u00a0<\/strong><strong>Zagreb Faculty of Law, 11-18 June 2017<br \/>\n<\/strong>-Sun\u010dana Roksandi\u0107 Vidli\u010dka: Economic and social rights and criminal law<br \/>\n-Marta Dragi\u010devi\u0107 Prtenja\u010da: Domestic Violence in Croatia &#8211; Criminal Offence or Misdemeanor<\/li>\n<\/ol>\n<ol start=\"17\">\n<li><strong>Me\u0111unarodna znanstvena konferencija Principi vladavine prava, Udru\u017eenje za me\u0111unarodno krivi\u010dno pravo Republike Srbije, Tara, 14.-18.06.2017.<br \/>\n<\/strong>-Bo\u017ei\u0107 Vanda: Kraznenopravni aspekti trgovine ljudima kroz prizmu za\u0161tite maloljetnih \u017ertava\u00a0<strong><em>\u00a0<\/em><\/strong><\/li>\n<\/ol>\n<ol start=\"18\">\n<li><strong>DePaul University, Chicago, studijski boravak od 9.-17.9.2017.\u00a0<\/strong><strong>Predavanje za studente i nastavnike &#8211; 13.9.2017.<br \/>\n<\/strong>&#8211; Davor Deren\u010dinovi\u0107: The Role of Legal System in the Prevention of Human Trafficking<strong><em>\u00a0<\/em><\/strong><\/li>\n<\/ol>\n<ol start=\"19\">\n<li><strong>22nd International Scientific Conference on Economic and Social Development &#8211; &#8220;Legal Challenges of Modern World&#8221; Faculty of Law, University of Split, 29-30 June, 2017<br \/>\n<\/strong>&#8211; Davor Deren\u010dinovi\u0107: President of the Croatian Academy of Legal Sciences \u2013 introductory notes<\/li>\n<\/ol>\n<ol start=\"20\">\n<li><strong>International Scientific Conference &#8220;Asymmetry and Strategy&#8221;, organized by the Institute for Strategic Research, Belgrade, 18.10.2017.<br \/>\n<\/strong>-Bo\u017ei\u0107 Vanda: Fight against organized crime in the States of the Region and EU Member States<\/li>\n<\/ol>\n<ol start=\"21\">\n<li><strong>Me\u0111unarodna znanstvena konferencija Reforma pravnog sistema Crne gore \u2013 Pravosu\u0111e i temeljna prava, Univerzitet Crne gore, Pravni fakultet Podgorica, 27.10.2017.<br \/>\n<\/strong>-Bo\u017ei\u0107 Vanda: Kaznenopravni aspekti prijevara i zlouporaba u osiguranju kao oblik neznatnog i organiziranog kriminaliteta<\/li>\n<\/ol>\n<ol start=\"22\">\n<li><strong>International Scientific Conference Archibald Reiss Days, Beograd, 07-09.11.2017.<br \/>\n<\/strong>&#8211; Bo\u017ei\u0107 Vanda: Joint investigative teams as a mechanism of The UN Convention against transnational organized crime\u00a0<strong><em>\u00a0<\/em><\/strong><\/li>\n<\/ol>\n<ol start=\"23\">\n<li><strong>The 5th RACVIAC \/ KAS \u201cSecurity Challenges for Europe\u201d Annual Conference,\u00a0<\/strong><strong>22 &#8211; 24 November 2017<br \/>\n<\/strong>-Mi\u0161o Mudri\u0107: Lessons Learned from the Irregular Uncontrolled Migration Refugee Crisis 2015\/2016 &#8211; introductory notes<\/li>\n<\/ol>\n<ol start=\"24\">\n<li><strong>Radionice &#8211; Potpora provedbi politike za integraciju migranata, Psihosocijalni rad s djecom bez pratnje i \u017ertvama trgovanja ljudima, Kaznenopravna za\u0161tita djece \u017ertava trgovine ljudima, studeni-prosinac 2017.<br \/>\n<\/strong>Trening je odr\u017ean organizaciji konzorcija koji \u010dine WYG savjetovanje d. o. o., Teched savjetodavne usluge d. o. o. i Hrvatski Pravni Centar pod pokoviteljstvom Europske unije i Vlade RH\u2013 Ureda za ljudska prava i prava nacionalnih manjina.<\/li>\n<\/ol>\n<p>-Maja Munivrana Vajda: radionice u Splitu 16.-17.11 i Zagrebu 7.-8.12<br \/>\n-Aleksandar Mar\u0161avelski: radionice u Rijeci 9.-10.11. i Osijeku 30.11.-1.12<\/p>\n<ol start=\"25\">\n<li><strong>Konferencija &#8211; Ja\u010danje integriteta hrvatskih poduze\u0107a u suzbijanju korupcije, Izazovi korporativne uskla\u0111enosti, 8. prosinca 2017., Zagreb, Hrvatska gospodarska komora<br \/>\n<\/strong>-Marta Dragi\u010devi\u0107 Prtenja\u010da: Sukob interesa u poslovnom sektoru<\/li>\n<\/ol>\n<ol start=\"26\">\n<li><strong>Znanstveni skup Akademije pravnih znanosti Hrvatske, Me\u0111unarodno kazneno pravo\u2013naslije\u0111e i novi izazovi, u suradnji s Pravnim fakultetom Sveu\u010dili\u0161ta u Zagrebu, Zagreb, 12-13.12. 2017.<br \/>\n<\/strong>-Davor Deren\u010dinovi\u0107: Ad honorem Cherif M. Bassiouni: Me\u0111unarodno kazneno pravo \u00a0od utopije do distopije<br \/>\n-Maja Munivrana Vajda: Izazovi procesuiranja i ka\u017enjavanja ratnih zlo\u010dina u RH<br \/>\n-Sun\u010dana Roksandi\u0107 Vidli\u010dka: Procesuiranje poduzetnika pred Me\u0111unarodnim kaznenim \u00a0sudom<br \/>\n-Aleksandar Mar\u0161avelski: Odgovornost politi\u010dkih stranaka za me\u0111unarodne zlo\u010dine<br \/>\n-Davorin Lapa\u0161, dr.sc. Rutvica Rusan Novokmet: Sankcioniranje terorizma u sustavu Ujedinjenih naroda<br \/>\n-Marta Dragi\u010devi\u0107 Prtenja\u010da: Migracije i krijum\u010darenje migranata<\/li>\n<\/ol>\n<ol start=\"27\">\n<li><strong>XXX International Scientific Conference Law and Social Imperatives, Kopaonik, 12-17.12.2017.<br \/>\n<\/strong>-Bo\u017ei\u0107 Vanda: \u017drtve nasilja u obitelji kao posebno ranjive skupine podlo\u017ene trgovanju ljudima<\/li>\n<\/ol>\n","protected":false},"excerpt":{"rendered":"<p>\u00a0IZLAGANJA I SUDJELOVANJA ISTRA\u017dIVA\u010cA PROJEKTA POD BR. 1949. \u201cMULTIDISCIPLINARY RESEARCH CLUSTER ON CRIME IN TRANSITION \u2013 TRAFFICKING IN HUMAN BEINGS, CORRUPTION AND ECONOMIC CRIME.\u201d NA NACIONALNIM I ME\u0110UNARODNIM SKUPOVIMA I KONFERENCIJAMA Znanstveno stru\u010dni skup: Sistem policijskog obrazovanja u funkciji efikasnog odgovora na nove bezbednosne pretnje, Vr\u0161ac, Srbija, 30.-31.01.2017. &#8211; Bo\u017ei\u0107 Vanda: Permanent education of police&#8230;<\/p>\n","protected":false},"author":2,"featured_media":0,"parent":0,"menu_order":0,"comment_status":"closed","ping_status":"closed","template":"","meta":{"footnotes":""},"_links":{"self":[{"href":"https:\/\/transcrim.pravo.unizg.hr\/index.php\/wp-json\/wp\/v2\/pages\/1083"}],"collection":[{"href":"https:\/\/transcrim.pravo.unizg.hr\/index.php\/wp-json\/wp\/v2\/pages"}],"about":[{"href":"https:\/\/transcrim.pravo.unizg.hr\/index.php\/wp-json\/wp\/v2\/types\/page"}],"author":[{"embeddable":true,"href":"https:\/\/transcrim.pravo.unizg.hr\/index.php\/wp-json\/wp\/v2\/users\/2"}],"replies":[{"embeddable":true,"href":"https:\/\/transcrim.pravo.unizg.hr\/index.php\/wp-json\/wp\/v2\/comments?post=1083"}],"version-history":[{"count":0,"href":"https:\/\/transcrim.pravo.unizg.hr\/index.php\/wp-json\/wp\/v2\/pages\/1083\/revisions"}],"wp:attachment":[{"href":"https:\/\/transcrim.pravo.unizg.hr\/index.php\/wp-json\/wp\/v2\/media?parent=1083"}],"curies":[{"name":"wp","href":"https:\/\/api.w.org\/{rel}","templated":true}]}}