{"id":1087,"date":"2018-01-11T15:54:31","date_gmt":"2018-01-11T15:54:31","guid":{"rendered":"http:\/\/transcrim.pravo.unizg.hr\/?page_id=1087"},"modified":"2018-02-13T19:29:08","modified_gmt":"2018-02-13T19:29:08","slug":"scientific-papers-2017","status":"publish","type":"page","link":"https:\/\/transcrim.pravo.unizg.hr\/index.php\/scientific-papers-2017\/","title":{"rendered":"Scientific Papers 2017"},"content":{"rendered":"<p style=\"text-align: center;\"><strong><img loading=\"lazy\" decoding=\"async\" class=\"alignnone size-full wp-image-467\" src=\"https:\/\/transcrim.pravo.unizg.hr\/wp-content\/uploads\/2016\/01\/HRZZ-LOGO.png\" alt=\"\" width=\"214\" height=\"81\" \/><\/strong><\/p>\n<p style=\"text-align: center;\"><strong>BAZA ZNANSTVENIH RADOVA<\/strong><\/p>\n<p style=\"text-align: center;\">ZNANSTVENI RADOVI PISANI I OBJAVLJENI U 2017. GODINI<\/p>\n<p style=\"text-align: center;\">U OKVIRU POTPORE HRVATSKE ZAKLADE ZA ZNANOST I ODOBRENOG PROJEKTA POD BR. 1949.<\/p>\n<p style=\"text-align: center;\"><strong>\u201cMULTIDISCIPLINARY RESEARCH CLUSTER ON CRIME IN TRANSITION \u2013 TRAFFICKING IN HUMAN BEINGS, CORRUPTION AND ECONOMIC CRIME.\u201d<\/strong><\/p>\n<p><strong>\u00a0<\/strong><\/p>\n<ol>\n<li><a href=\"https:\/\/transcrim.pravo.unizg.hr\/wp-content\/uploads\/2018\/01\/1.-Vanda-prisilni-brakovi.pdf\">Bo\u017ei\u0107 Vanda:\u00a0<strong><em>Forced Marriages of Children as a Form of Exploitation of Human Trafficking Victims<\/em><\/strong>, EU and Comparative Law Issues And Challenges Series \u2013 Issue 1, Josip Juraj Strossmayer University of Osijek, Faculty of Law Osijek, 2017, p.48-69.<\/a><\/li>\n<\/ol>\n<ol start=\"2\">\n<li><a href=\"https:\/\/transcrim.pravo.unizg.hr\/wp-content\/uploads\/2018\/01\/2.-Vanda-zrtve-nasilja.pdf\">Bo\u017ei\u0107 Vanda:\u00a0<strong><em>\u017drtve nasilja u obitelji kao posebno ranjive skupine podlo\u017ene trgovanju ljudima<\/em><\/strong>, (Victims of Domestic Violence as Paricularly Vulnerable Groups Prone to Trafficking in Persons), Pravni \u017eivot \u2013 \u010dasopis za pravnu teoriju i praksu br.9, 2017, str.233-248.<\/a><\/li>\n<\/ol>\n<ol start=\"3\">\n<li><a href=\"https:\/\/transcrim.pravo.unizg.hr\/wp-content\/uploads\/2018\/01\/3.-Vanda-Minsk.pdf\">Bo\u017ei\u0107 Vanda, Nika\u010d \u017d,:\u00a0<strong><em>Criminal Law and Criminological aspects of combating organized crime<\/em><\/strong>, Republic of Belarus, The Ministry of interior affairs, Police Academy,\u201cProblems of combating crime and training the personnel for law enforcement agencies,\u201d Conference Procedings, Minsk, Belarus, 2017, p.239-241.<\/a><\/li>\n<\/ol>\n<ol start=\"4\">\n<li><a href=\"https:\/\/transcrim.pravo.unizg.hr\/wp-content\/uploads\/2018\/01\/4.-Individual_Libility_for_Business_Involvement_in_International_Crimes.pdf\">Maja Munivrana Vajda, Sun\u010dana Roksandi\u0107 Vidli\u010dka,:\u00a0<strong><em>Individual Liability for Business Involvement in International Crimes<\/em><\/strong>, National Report, Croatia, International Review of Penal Law: Special Issue: &#8220;Individual Liability for Business Involvement in International Crimes&#8221;<\/a><\/li>\n<\/ol>\n<ol start=\"5\">\n<li><a href=\"https:\/\/transcrim.pravo.unizg.hr\/wp-content\/uploads\/2018\/01\/5.-Prijevare-u-osiguranju.pdf\">Bo\u017ei\u0107 Vanda:\u00a0<strong><em>Kaznenopravni aspekti prijevara i zlouporaba u osiguranju kao oblik neznatnog i organiziranog kriminaliteta<\/em><\/strong>, (Criminal law aspects of fraud and abuse in insurance \u2013 from minor to organized crime), Zbornik Pravnog fakulteta u Podgorici, br.43, 2017, Univerzitet Crne gore, Pravni fakultet Podgorica, str.300-320.<\/a><\/li>\n<\/ol>\n<ol start=\"6\">\n<li><a href=\"https:\/\/transcrim.pravo.unizg.hr\/wp-content\/uploads\/2018\/01\/6.-Korupcija.pdf\">Bo\u017ei\u0107 Vanda, Nika\u010d \u017d,:\u00a0<strong><em>Borba protiv korupcije na podru\u010dju Regije s posebnim osvrtom na Republiku Hrvatsku i Republiku Srbiju<\/em><\/strong>,Tematski zbornik radova \u201cUsagla\u0161avanje pravne regulative sa pravnim tekovinama (Acquis Communautaire) EU\u201d \u2013 stanje u BiH i iskustva drugih, Istra\u017eiva\u010dki centar Banja Luka, 2017, str.359-380.<\/a><\/li>\n<\/ol>\n<ol start=\"7\">\n<li><a href=\"https:\/\/transcrim.pravo.unizg.hr\/wp-content\/uploads\/2018\/01\/7.-Vanda-Macedonia.pdf\">Bo\u017ei\u0107 Vanda:\u00a0<strong><em>International Legal Framework For Combating Cyber Crime With Reference to the Legislation of the Republic of Croatia<\/em><\/strong>, Conference Procedings Security Concepts And Policies &#8211; New Generation of Risks And Threats 04 -05 June 2017, Ohrid, Volume III, Skopje 2017, p.136-148.<\/a><\/li>\n<\/ol>\n<ol start=\"8\">\n<li><a href=\"https:\/\/transcrim.pravo.unizg.hr\/wp-content\/uploads\/2018\/01\/8.-Vanda-Cyber.pdf\">Bo\u017ei\u0107 Vanda, Nika\u010d \u017d,:\u00a0<strong><em>Criminal Law and Criminalistic forensic approach to fighting Cyber<\/em><\/strong>, Romaninan Educational System of Forensic Science, Conference Proceedings \u201eForensic Sciences between education and operatioanl field,\u201c Alexandar Ioan Cuza and other, Bucharest 2017, p.281-290.<\/a><\/li>\n<\/ol>\n<ol start=\"9\">\n<li><a href=\"https:\/\/transcrim.pravo.unizg.hr\/wp-content\/uploads\/2018\/01\/9.-Vidlicka.pdf\">Sun\u010dana Roksandi\u0107 Vidli\u010dka:\u00a0<strong><em>Transitional Justice Measures and Application of Law for Economic Crimes in Croatia: What Can Macedonia and Balkan Countries Learn out of them\u00ad?,<\/em><\/strong> Macedonian Journal for Criminal Law &amp; Criminology (1409-5327) God. 24, Br. 1 2017, str. 343-362.<\/a><\/li>\n<\/ol>\n<ol start=\"10\">\n<li><a href=\"https:\/\/transcrim.pravo.unizg.hr\/wp-content\/uploads\/2018\/01\/10.-Vanda-Korupcija-PF-KG.pdf\">Bo\u017ei\u0107 Vanda, Nika\u010d \u017d,:\u00a0<strong><em>Kaznenopravna odgovornost za primanje mita kao nagrade za obe\u0107anu uslugu<\/em><\/strong><strong>, <\/strong>Zbornik Pravnog fakulteta Univerziteta u Kragujevcu, Usluge i krivi\u010dna odgovornost, 2017, str.925-943.<\/a><\/li>\n<\/ol>\n<ol start=\"11\">\n<li><a href=\"https:\/\/transcrim.pravo.unizg.hr\/wp-content\/uploads\/2018\/01\/11.-BORBA-PROTIV-ORGANIZIRANOG-KRIMINALITETA.pdf\">Bo\u017ei\u0107 Vanda, Nika\u010d \u017d, Simi\u0107 B,:\u00a0<strong><em>Borba protiv organizovanog kriminaliteta s osvrtom na permanentnu edukaciju policijskih slu\u017ebenika<\/em><\/strong>, Tematski Zbornik radova <em>Policija i pravosudni organi kao garanti slobode i bezbednosti u pravnoj dr\u017eavi<\/em>, KPA i Hans Zajdel, Beograd 2017, Tom 2, str.271-290.<\/a><\/li>\n<\/ol>\n<ol start=\"12\">\n<li><a href=\"https:\/\/transcrim.pravo.unizg.hr\/wp-content\/uploads\/2018\/01\/12.-Vanda-policijske-ovlasti.pdf\">Bo\u017ei\u0107 Vanda, Nika\u010d \u017d, Le\u0161tanin B,:\u00a0<strong><em>Criminal Law Framework For Treatment and use of Police Powers<\/em><\/strong>, Collection of papers \u201eNational and International Law &#8211; Current Issues and Topics,\u201c Faculty of Law Pri\u0161tina, Kosovska Mitrovica, Tom I, 2017, p.467-483.<\/a><\/li>\n<\/ol>\n<ol start=\"13\">\n<li><a href=\"https:\/\/transcrim.pravo.unizg.hr\/wp-content\/uploads\/2018\/01\/13.-Vanda-nasilje.pdf\">Bo\u017ei\u0107 Vanda, Nika\u010d \u017d,:\u00a0<strong><em>Kaznenopravni aspekti suzbijanja nasilja u obitelji u svjetlu novih zakonskih rje\u0161enja<\/em><\/strong>, Krivi\u010dno zakonodavstvo izme\u0111u prakse i propisa i uskla\u0111ivanje sa evropskim standardima, Udru\u017eenje za krivi\u010dnopravnu teoriju i praksu i Ministarstvo pravde RS, Zbornik radova, BiH, Mili\u0107i 2017, str.277-293.<\/a><\/li>\n<\/ol>\n<ol start=\"14\">\n<li><a href=\"https:\/\/transcrim.pravo.unizg.hr\/wp-content\/uploads\/2018\/01\/14.-Trgovanje-ljudima-maloljetnici.pdf\">Bo\u017ei\u0107 Vanda, Nika\u010d \u017d,:\u00a0<strong><em>Krivi\u010dnopravni aspekti trgovine ljudima kroz prizmu za\u0161tite maloletnih \u017ertava<\/em><\/strong><strong>, <\/strong>Udru\u017eenje za me\u0111unarodno krivi\u010dno pravo RS, Tara, 2017, Tematski Zbornik radova Principi vladavine prava, str.429-447.<\/a><\/li>\n<\/ol>\n<ol start=\"15\">\n<li><a href=\"https:\/\/transcrim.pravo.unizg.hr\/wp-content\/uploads\/2018\/01\/15.-Vanda-org.-kriminalitet-na-sport.priredbama.pdf\">Nika\u010d \u017d, Bo\u017ei\u0107 Vanda,:\u00a0<strong><em>K<\/em><\/strong><strong><em>rivi\u010dnopravni okvir\u00a0 za borbu protiv huliganizma, nasilja i nedoli\u010dnog pona\u0161anja na sport<\/em><\/strong><strong><em>s<\/em><\/strong><strong><em>kim <\/em><\/strong><strong><em>manifestacijama<\/em><\/strong><strong><em> u Srbiji i Hrvatskoj<\/em><\/strong>, Pravna rije\u010d \u2013 \u010dasopis za pravnu teoriju i praksu, br.52\/2017, godina XIV, Banja Luka, 2017, str.295-324.<\/a><\/li>\n<\/ol>\n<ol start=\"16\">\n<li><a href=\"https:\/\/transcrim.pravo.unizg.hr\/wp-content\/uploads\/2018\/01\/16.-Terorizam.pdf\">Bo\u017ei\u0107 Vanda, Nika\u010d \u017d, Le\u0161tanin B,:\u00a0<strong><em>Fight against terrorism in the European union and in the states of the Region<\/em><\/strong>, Proceedings International Scientific Conference <em>Impact of Changes in Operational Environment on Preparation and Execution (Design) of Operations<\/em>, Poko 2017, The University of Defence, Military Academy, National Defence School, Beograd, str.587-600.<\/a><\/li>\n<\/ol>\n<ol start=\"17\">\n<li><a href=\"https:\/\/transcrim.pravo.unizg.hr\/wp-content\/uploads\/2018\/01\/17.-Vanda-JIT.pdf\">Nika\u010d \u017d, Bo\u017ei\u0107 Vanda, Simi\u0107 B,:\u00a0<strong><em>Joint investigative teams as a mechanism of The UN Convention\u00a0 against transnational organized crime<\/em><\/strong>, Thematic Conference proceeding of International Significance \u201cArchibald Reiss Days\u201d, Vol.2, Academy of Criminalistic and Police studies\u201d, Belgrade 2017, p.269-284.<\/a><\/li>\n<\/ol>\n<ol start=\"18\">\n<li><a href=\"https:\/\/transcrim.pravo.unizg.hr\/wp-content\/uploads\/2018\/01\/18.-Ivana-Jaramaz.pdf\">Ivana Jaramaz Resku\u0161i\u0107:\u00a0<strong><em>Pro Plancio: pravne, politi\u010dke i retori\u010dke odrednice Ciceronova govora<\/em><\/strong>, Hrvatski ljetopis za kaznene znanosti i praksu, Vol.24 No.1 Srpanj 2017, str. 203-228.<\/a><\/li>\n<\/ol>\n<ol start=\"19\">\n<li><a href=\"https:\/\/transcrim.pravo.unizg.hr\/wp-content\/uploads\/2018\/01\/19.-Projekti_neduznosti_i_naknadna_DNK_vjestacenja_u_Republici_Hrvatskoj.pdf\">Deren\u010dinovi\u0107, Davor; Roksandi\u0107 Vidli\u010dka, Sun\u010dana; Dragi\u010devi\u0107 Prtenja\u010da, Marta:\u00a0<strong><em>Projekti nedu\u017enosti\u201d i naknadna DNK vje\u0161ta\u010denja u Republici Hrvatskoj \u2013 mogu\u0107a stvarnost ili nedosti\u017ena \u017eelja<\/em><\/strong>, Zbornik Pravnog fakulteta u Zagrebu, 67 (2017), 3-4, str. 373-404.<\/a><\/li>\n<\/ol>\n<ol start=\"20\">\n<li><a href=\"https:\/\/transcrim.pravo.unizg.hr\/wp-content\/uploads\/2018\/01\/20.-Derencinovic.pdf\">Deren\u010dinovi\u0107, Davor:\u00a0<strong><em>Freedom of Expression and Legal Protection of Religious Feelings in Europe \u2014 From Reconciliation to Complementarity<\/em><\/strong>, Law, Religion and Love, Routledge, New York, 2017, str. 194-211<em>., https:\/\/www.bib.irb.hr\/903074<\/em><\/a><\/li>\n<\/ol>\n<ol start=\"21\">\n<li><a href=\"https:\/\/transcrim.pravo.unizg.hr\/wp-content\/uploads\/2018\/01\/21.-Trgovanje-ljudima-Munivrana-Vajda.pdf\">Maja Munivrana Vajda:\u00a0<strong><em>Komentar sudske prakse o trgovanju ljudima<\/em><\/strong>, Hrvatski ljetopis za kaznene znanosti i praksu, 02\/2017, str. 723-728.<\/a><\/li>\n<\/ol>\n<ol start=\"22\">\n<li><a href=\"https:\/\/transcrim.pravo.unizg.hr\/wp-content\/uploads\/2018\/01\/22.-Aleksandar-rad.pdf\">Aleksandar Marsavelski, Furtuna Sheremeti,\u00a0 John Braithwaite:\u00a0<strong><em>Did Nonviolent Resistance Fail in Kosovo?, <\/em><\/strong>The British Journal of Criminology, Volume 58, Issue 1, 18 December 2017, Pages 218\u2013236.<\/a><\/li>\n<\/ol>\n<ol start=\"23\">\n<li><a href=\"https:\/\/transcrim.pravo.unizg.hr\/wp-content\/uploads\/2018\/01\/23.-Vanda-globalni-i-regionalni-aspekt-ttrgovanja-ljudima.pdf\">Kne\u017eevi\u0107 Sa\u0161a, Bo\u017ei\u0107 Vanda, Nika\u010d \u017deljko Globalni i regionalni aspekt pravnog i institucionalnog okvira za suzbijanje trgovine ljudima, Zbornik radova Pravnog fakulteta u Ni\u0161u, br.76, 2017, str. 295-317.<\/a><\/li>\n<\/ol>\n<ol start=\"24\">\n<li><a href=\"https:\/\/transcrim.pravo.unizg.hr\/wp-content\/uploads\/2018\/02\/Trgovanje-ljudskim-organima-Kosovo.pdf\">Bo\u017ei\u0107 Vanda: Steps towards combating trafficking in human organs in South Eastern Europe, with particular reference to the case of &#8220;Kosovo&#8221;, Contemporary Trends in Social Control of Crime, Book of Procedings, Volume I, 2016\/2017, University St.Kliment Ohridski, Bitola, Faculty of Security-Skopje, Tom I, p. 131-151.<\/a><\/li>\n<\/ol>\n<ol start=\"25\">\n<li><a href=\"https:\/\/transcrim.pravo.unizg.hr\/wp-content\/uploads\/2018\/02\/Kaznena-djela-UNCATOC.pdf\">Bo\u017ei\u0107 Vanda, Nika\u010d \u017deljko: Criminal incriminations based on the United nations Convention Against Transnational Organized crime in the criminal legislation of the Republic of Croatia and the Republic of Serbia, Faculty of Security in Skopje, Book of Procedings, Skopje 2016\/2017, p.89-111.<\/a><\/li>\n<\/ol>\n<p><strong>BOOKS OF ABSTRACTS <\/strong><\/p>\n<ol>\n<li><a href=\"https:\/\/transcrim.pravo.unizg.hr\/wp-content\/uploads\/2018\/01\/BOA_1.pdf\">Kne\u017eevi\u0107 S, Bo\u017ei\u0107 Vanda, Nika\u010d \u017d,:\u00a0<strong><em>Globalni i regionalni aspekt pravnog i institucionalnog okvira za suzbijanje trgovine ljudima<\/em><\/strong>, Me\u0111unarodna nau\u010dna konferencija \u201eGlobalizacija i pravo\u201c, Pravni fakultet Ni\u0161, Zbornik sa\u017eetaka, Ni\u0161, 2017, str.106-107. (ISBN 978-86-7148-233-2) (COBBIS.SR-ID 231879948)<\/a><\/li>\n<\/ol>\n<ol start=\"2\">\n<li><a href=\"https:\/\/transcrim.pravo.unizg.hr\/wp-content\/uploads\/2018\/01\/2.-Vanda-Prag.pdf\">Bo\u017ei\u0107 Vanda, Nika\u010d \u017d,:<strong><em>Trafficking in Children as a Qualified Form of the Crime of Trafficking in Human Beings<\/em><\/strong>, World Academy of Science, Engineering and Technology, International Journal of Law and Political Sciences Vol:4, No:7, 2017, Book of Abstracts 6.<\/a><\/li>\n<\/ol>\n<ol start=\"3\">\n<li><a href=\"https:\/\/transcrim.pravo.unizg.hr\/wp-content\/uploads\/2018\/01\/3.-Vanda-org.krim_..pdf\">Bo\u017ei\u0107 Vanda, Nika\u010d \u017d,:\u00a0<strong><em>Kaznenopravni odgovori na izazove, rizike i prijetnje organiziranog kriminaliteta,<\/em><\/strong> XVII Dani kriminalisti\u010dkih nauka, Me\u0111unarodna znanstvena konferencija \u201cCrimen, Forensis, Securitas &#8211; CFS 2017\u201d Fakultet za kriminalistiku, kriminologiju i sigurnosne studije Univerziteta u Sarajevu, BiH,\u00a0 Zbornik sa\u017eetaka, Sarajevo 2017, str.82-83.<\/a><\/li>\n<\/ol>\n<ol start=\"4\">\n<li><a href=\"https:\/\/transcrim.pravo.unizg.hr\/wp-content\/uploads\/2018\/01\/4.-Aleksandar-book-of-abstracts.pdf\">Aleksandar Marsavelski, Furtuna Sheremeti, John Braithwaite:\u00a0<strong><em>Did Nonviolent Resistance Fail in Kosovo?,<\/em><\/strong> 17th Annual Conference of the European Society of Criminology, 13-16 September 2017, Cardiff, UK, Book of Abstracts, P1.22 \u2013 84.<\/a><\/li>\n<\/ol>\n","protected":false},"excerpt":{"rendered":"<p>BAZA ZNANSTVENIH RADOVA ZNANSTVENI RADOVI PISANI I OBJAVLJENI U 2017. GODINI U OKVIRU POTPORE HRVATSKE ZAKLADE ZA ZNANOST I ODOBRENOG PROJEKTA POD BR. 1949. \u201cMULTIDISCIPLINARY RESEARCH CLUSTER ON CRIME IN TRANSITION \u2013 TRAFFICKING IN HUMAN BEINGS, CORRUPTION AND ECONOMIC CRIME.\u201d \u00a0 Bo\u017ei\u0107 Vanda:\u00a0Forced Marriages of Children as a Form of Exploitation of Human Trafficking Victims,&#8230;<\/p>\n","protected":false},"author":2,"featured_media":0,"parent":0,"menu_order":0,"comment_status":"closed","ping_status":"closed","template":"","meta":{"footnotes":""},"_links":{"self":[{"href":"https:\/\/transcrim.pravo.unizg.hr\/index.php\/wp-json\/wp\/v2\/pages\/1087"}],"collection":[{"href":"https:\/\/transcrim.pravo.unizg.hr\/index.php\/wp-json\/wp\/v2\/pages"}],"about":[{"href":"https:\/\/transcrim.pravo.unizg.hr\/index.php\/wp-json\/wp\/v2\/types\/page"}],"author":[{"embeddable":true,"href":"https:\/\/transcrim.pravo.unizg.hr\/index.php\/wp-json\/wp\/v2\/users\/2"}],"replies":[{"embeddable":true,"href":"https:\/\/transcrim.pravo.unizg.hr\/index.php\/wp-json\/wp\/v2\/comments?post=1087"}],"version-history":[{"count":0,"href":"https:\/\/transcrim.pravo.unizg.hr\/index.php\/wp-json\/wp\/v2\/pages\/1087\/revisions"}],"wp:attachment":[{"href":"https:\/\/transcrim.pravo.unizg.hr\/index.php\/wp-json\/wp\/v2\/media?parent=1087"}],"curies":[{"name":"wp","href":"https:\/\/api.w.org\/{rel}","templated":true}]}}