{"id":1186,"date":"2018-01-14T16:48:30","date_gmt":"2018-01-14T16:48:30","guid":{"rendered":"http:\/\/transcrim.pravo.unizg.hr\/?page_id=1186"},"modified":"2018-01-14T16:48:30","modified_gmt":"2018-01-14T16:48:30","slug":"cyber2017_2","status":"publish","type":"page","link":"https:\/\/transcrim.pravo.unizg.hr\/index.php\/cyber2017_2\/","title":{"rendered":"<h3>Kaznena djela protiv ra\u010dunalnih sustava, programa i podataka u Republici Hrvatskoj<\/h3>"},"content":{"rendered":"<table border=\"0\" width=\"90%\">\n<tbody>\n<tr>\n<td>\n<table border=\"0\" width=\"200\" align=\"right\">\n<tbody>\n<tr>\n<td style=\"text-align: center;\" width=\"60\"><a href=\"https:\/\/transcrim.pravo.unizg.hr\/index.php\/cyber2017_1\/\">\u00a0Previous<\/a><\/td>\n<td style=\"text-align: center;\" width=\"40\"><a href=\"https:\/\/transcrim.pravo.unizg.hr\/index.php\/cyber2017_1\"><img loading=\"lazy\" decoding=\"async\" class=\"aligncenter wp-image-583 size-full\" src=\"https:\/\/transcrim.pravo.unizg.hr\/wp-content\/uploads\/2016\/01\/panel_left_over-e1453826653583.png\" alt=\"panel_left_over\" width=\"20\" height=\"20\" \/><\/a><\/td>\n<td style=\"text-align: center;\" width=\"40\"><a href=\"https:\/\/transcrim.pravo.unizg.hr\/index.php\/cyber2017_1\"><img loading=\"lazy\" decoding=\"async\" class=\"aligncenter wp-image-584 size-full\" src=\"https:\/\/transcrim.pravo.unizg.hr\/wp-content\/uploads\/2016\/01\/panel_right_over-e1453826639441.png\" alt=\"panel_right_over\" width=\"20\" height=\"20\" \/><\/a><\/td>\n<td style=\"text-align: left;\" width=\"60\">\u00a0<a href=\"https:\/\/transcrim.pravo.unizg.hr\/index.php\/cyber2017_1\/\">Next<\/a><\/td>\n<\/tr>\n<\/tbody>\n<\/table>\n<\/td>\n<\/tr>\n<tr>\n<td>\u00a0\u00a0\u00a0<h2 id=\"tablepress-34-name\" class=\"tablepress-table-name tablepress-table-name-id-34\"><h5>Po\u010dinitelji kaznenih djela ra\u010dunalnog kriminaliteta u 2014. i 2015.<\/h5><\/h2>\n\n<table id=\"tablepress-34\" class=\"tablepress tablepress-id-34\" aria-labelledby=\"tablepress-34-name\">\n<thead>\n<tr class=\"row-1 odd\">\n\t<th class=\"column-1\">Kazneno djelo<\/th><th class=\"column-2\">Po\u010dinitelji kaznenih djela 2014<\/th><th class=\"column-3\">Po\u010dinitelji kaznenih djela 2015<\/th><th class=\"column-4\">+ - %<\/th><th class=\"column-5\">Prosje\u010dan broj kaznenih djela po po\u010dinitelju 2014<\/th><th class=\"column-6\">Prosje\u010dan broj kaznenih djela po po\u010dinitelju 2015<\/th><th class=\"column-7\">+  -<\/th>\n<\/tr>\n<\/thead>\n<tbody class=\"row-hover\">\n<tr class=\"row-2 even\">\n\t<td class=\"column-1\">Neovla\u0161ten pristup<\/td><td class=\"column-2\">7<\/td><td class=\"column-3\">8<\/td><td class=\"column-4\">14,3<\/td><td class=\"column-5\">2,3<\/td><td class=\"column-6\">3,6<\/td><td class=\"column-7\">1,3<\/td>\n<\/tr>\n<tr class=\"row-3 odd\">\n\t<td class=\"column-1\">Ometanje rada ra\u010dunalnog sustava<\/td><td class=\"column-2\">-<\/td><td class=\"column-3\">1<\/td><td class=\"column-4\">-<\/td><td class=\"column-5\">-<\/td><td class=\"column-6\">2<\/td><td class=\"column-7\">-<\/td>\n<\/tr>\n<tr class=\"row-4 even\">\n\t<td class=\"column-1\">O\u0161te\u0107enje ra\u010dunalnih podataka<\/td><td class=\"column-2\">1<\/td><td class=\"column-3\">1<\/td><td class=\"column-4\">0<\/td><td class=\"column-5\">4<\/td><td class=\"column-6\">7<\/td><td class=\"column-7\">3<\/td>\n<\/tr>\n<tr class=\"row-5 odd\">\n\t<td class=\"column-1\">Neovla\u0161teno presretanje ra\u010dunalnih podataka<\/td><td class=\"column-2\">1<\/td><td class=\"column-3\">4<\/td><td class=\"column-4\">300<\/td><td class=\"column-5\">3<\/td><td class=\"column-6\">1,3<\/td><td class=\"column-7\">-1,8<\/td>\n<\/tr>\n<tr class=\"row-6 even\">\n\t<td class=\"column-1\">Ra\u010dunalno krivotvorenje<\/td><td class=\"column-2\">10<\/td><td class=\"column-3\">1<\/td><td class=\"column-4\">-90<\/td><td class=\"column-5\">16,9<\/td><td class=\"column-6\">80<\/td><td class=\"column-7\">63,1<\/td>\n<\/tr>\n<tr class=\"row-7 odd\">\n\t<td class=\"column-1\">Ra\u010dunalna prijevara<\/td><td class=\"column-2\">70<\/td><td class=\"column-3\">78<\/td><td class=\"column-4\">11,4<\/td><td class=\"column-5\">13,7<\/td><td class=\"column-6\">17,4<\/td><td class=\"column-7\">3,7<\/td>\n<\/tr>\n<tr class=\"row-8 even\">\n\t<td class=\"column-1\">Zlouporaba naprava<\/td><td class=\"column-2\">4<\/td><td class=\"column-3\">-<\/td><td class=\"column-4\">-<\/td><td class=\"column-5\">4,8<\/td><td class=\"column-6\">-<\/td><td class=\"column-7\">-<\/td>\n<\/tr>\n<tr class=\"row-9 odd\">\n\t<td class=\"column-1\">Ukupno<\/td><td class=\"column-2\">93<\/td><td class=\"column-3\">93<\/td><td class=\"column-4\">235,7<\/td><td class=\"column-5\">44,7<\/td><td class=\"column-6\">18,55<\/td><td class=\"column-7\">69,3<\/td>\n<\/tr>\n<\/tbody>\n<\/table>\n<\/td>\n<\/tr>\n<tr>\n<td><\/td>\n<\/tr>\n<\/tbody>\n<\/table>\n","protected":false},"excerpt":{"rendered":"<p>\u00a0Previous \u00a0Next \u00a0\u00a0\u00a0<\/p>\n","protected":false},"author":2,"featured_media":0,"parent":0,"menu_order":0,"comment_status":"closed","ping_status":"closed","template":"","meta":{"footnotes":""},"_links":{"self":[{"href":"https:\/\/transcrim.pravo.unizg.hr\/index.php\/wp-json\/wp\/v2\/pages\/1186"}],"collection":[{"href":"https:\/\/transcrim.pravo.unizg.hr\/index.php\/wp-json\/wp\/v2\/pages"}],"about":[{"href":"https:\/\/transcrim.pravo.unizg.hr\/index.php\/wp-json\/wp\/v2\/types\/page"}],"author":[{"embeddable":true,"href":"https:\/\/transcrim.pravo.unizg.hr\/index.php\/wp-json\/wp\/v2\/users\/2"}],"replies":[{"embeddable":true,"href":"https:\/\/transcrim.pravo.unizg.hr\/index.php\/wp-json\/wp\/v2\/comments?post=1186"}],"version-history":[{"count":0,"href":"https:\/\/transcrim.pravo.unizg.hr\/index.php\/wp-json\/wp\/v2\/pages\/1186\/revisions"}],"wp:attachment":[{"href":"https:\/\/transcrim.pravo.unizg.hr\/index.php\/wp-json\/wp\/v2\/media?parent=1186"}],"curies":[{"name":"wp","href":"https:\/\/api.w.org\/{rel}","templated":true}]}}