{"id":1195,"date":"2019-01-20T16:13:37","date_gmt":"2019-01-20T16:13:37","guid":{"rendered":"http:\/\/transcrim.pravo.unizg.hr\/?page_id=1195"},"modified":"2019-01-20T16:58:50","modified_gmt":"2019-01-20T16:58:50","slug":"conference-participation-and-presentation-in-2018","status":"publish","type":"page","link":"https:\/\/transcrim.pravo.unizg.hr\/index.php\/conference-participation-and-presentation-in-2018\/","title":{"rendered":"Conference participation and presentation in 2018"},"content":{"rendered":"<p style=\"text-align: center;\"><img loading=\"lazy\" decoding=\"async\" class=\"alignnone size-full wp-image-467\" src=\"https:\/\/transcrim.pravo.unizg.hr\/wp-content\/uploads\/2016\/01\/HRZZ-LOGO.png\" alt=\"\" width=\"214\" height=\"81\" \/><\/p>\n<p style=\"text-align: center;\">\u00a0<strong>IZLAGANJA I SUDJELOVANJA ISTRA\u017dIVA\u010cA<\/strong><\/p>\n<p style=\"text-align: center;\">PROJEKTA POD BR. 1949.<\/p>\n<p style=\"text-align: center;\"><strong>\u201cMULTIDISCIPLINARY RESEARCH CLUSTER ON CRIME IN TRANSITION \u2013 TRAFFICKING IN HUMAN BEINGS, CORRUPTION AND ECONOMIC CRIME.\u201d<\/strong><\/p>\n<p style=\"text-align: center;\"><strong>NA NACIONALNIM I ME\u0110UNARODNIM SKUPOVIMA I KONFERENCIJAMA<\/strong><\/p>\n<p><a href=\"https:\/\/transcrim.pravo.unizg.hr\/wp-content\/uploads\/2019\/01\/1.-Agenda-BL.pdf\"><strong>1. II. Me\u0111unarodna nau\u010dna konferencija \u201eUsagla\u0161avanje pravne regulative sa pravnim tekovinama (acquis communautaire) EU\u201c &#8211; Stanje u Bosni i Hercegovini i iskustva drugih &#8211; Banja Luka, BiH, Skup\u0161tina Grada Banja Luka, 30.03.2018.<\/strong><\/a><br \/>\n&#8211; Bo\u017ei\u0107 Vanda: Legal Framework for Establishing a Criminal Intelligence Model According to EU Standards<\/p>\n<p><strong>2. ECPR Joint Sessions University of Nicosia, Workshop Rethinking \u2018Militant Democracy\u2019: Democratic Dilemmas in the Age of Populism, University of Nicosia (Cyprus), 10-14.04.2018.<\/strong><br \/>\n&#8211; Aleksandar Marsavelski: Criminal Liability of Political Parties: A New Instrument of Militant Democracies<br \/>\n<a href=\"https:\/\/ecpr.eu\/Events\/PaperDetails.aspx?PaperID=38149&amp;EventID=112\">https:\/\/ecpr.eu\/Events\/PaperDetails.aspx?PaperID=38149&amp;EventID=112<\/a><\/p>\n<p><a href=\"https:\/\/transcrim.pravo.unizg.hr\/wp-content\/uploads\/2019\/01\/3.-Program-PF-Ni\u0161-02.04.pdf\"><strong>3. Me\u0111unarodna znanstvena konferencija \u201ePravo pred izazovima savremenog doba\u201c, Faculty of Law Ni\u0161, 13-14.04.2018.<\/strong><\/a><br \/>\n&#8211; Bo\u017ei\u0107 Vanda: Europski uhidbeni nalog kao mehanizmm ekstradicije u me\u0111unarodnoj kaznenopravnoj suradnji<\/p>\n<p><a href=\"https:\/\/transcrim.pravo.unizg.hr\/wp-content\/uploads\/2019\/01\/4.-LUMLPG-Conference-programme-2018-Iva-Savi\u0107.pdf\"><strong>4. The Ninth Annual Maritime Law and Policy Postgraduate Research Conference 2018, The City Law School, City University London, Friday 20.04.2018.<\/strong><\/a><br \/>\n&#8211; Iva Savi\u0107: Human Trafficking, Cybercrime and Maritime Transport<\/p>\n<p><a href=\"https:\/\/transcrim.pravo.unizg.hr\/wp-content\/uploads\/2019\/01\/5.-PF-Bitola-.pdf\"><strong>5. International Scientific Conference \u201cTowards a better future: THE RULE OF LAW, DEMOCRACY AND POLYCENTRIC DEVELOPMENT\u201d, \u201cST. Kliment Ohridski\u201d UNIVERSITY \u2013 BITOLA, Faculty of law, Bitola, Republic of Macedonia, 11-12.05.2018.<\/strong><\/a><br \/>\n&#8211; Bo\u017ei\u0107 Vanda: Criminal Law Responses to Smuggling of People in Croatia and Serbia with The Analysis of Situation and Trends<\/p>\n<p><strong>6. The Sixth Conference on Law and Religion in Africa: &#8216;Law, Religion and Human Flourishing&#8217;, Baze University in Abuja, Nigerija, 20-22.05.2018.<\/strong><br \/>\n&#8211; Vanja Ivan Savi\u0107: Religion in Consociational State: Any Lessons to Exchange between Africa and Europe?<br \/>\n<a href=\"https:\/\/www.aclars.org\/content\/blurb\/files\/Sixth%20ACLARS%20Conference%20Final%20Program.pdf\">https:\/\/www.aclars.org\/content\/blurb\/files\/Sixth%20ACLARS%20Conference%20Final%20Program.pdf<\/a><\/p>\n<p><a href=\"https:\/\/transcrim.pravo.unizg.hr\/wp-content\/uploads\/2019\/01\/7.-\u041f\u0440\u043e\u0433\u0440\u0430\u043c\u043c\u0430-2018_\u043a\u043e\u043d\u0433\u0440\u0435\u0441\u0441.pdf\"><strong>7. \u041e\u0434\u0438\u043d\u043d\u0430\u0434\u0446\u0430\u0442\u044b\u0439 \u0420\u043e\u0441\u0441\u0438\u0439\u0441\u043a\u0438\u0439 \u041a\u043e\u043d\u0433\u0440\u0435\u0441\u0441 \u0443\u0433\u043e\u043b\u043e\u0432\u043d\u043e\u0433\u043e \u043f\u0440\u0430\u0432\u0430, Lomonosov State University, Moscow (Russia), 31.05.-01.06.2018.<\/strong><\/a><br \/>\n&#8211; Aleksandar Marsavelski: Engagement of Political Parties in Cyber Warfare<br \/>\n&#8211; Bo\u017ei\u0107 Vanda: \u0423\u0433\u043e\u043b\u043e\u0432\u043d\u043e-\u043f\u0440\u0430\u0432\u043e\u0432\u044b\u0435 \u0430\u0441\u043f\u0435\u043a\u0442\u044b \u043c\u0435\u0436\u0434\u0443\u043d\u0430\u0440\u043e\u0434\u043d\u043e\u0433\u043e \u0441\u043e\u0442\u0440\u0443\u0434\u043d\u0438\u0447\u0435\u0441\u0442\u0432\u0430 \u0411\u0430\u043b\u043a\u0430\u043d\u0441\u043a\u0438\u0445 \u0441\u0442\u0440\u0430\u043d \u0432 \u0431\u043e\u0440\u044c\u0431\u0435 \u0441 \u043e\u0440\u0433\u0430\u043d\u0438\u0437\u043e\u0432\u0430\u043d\u043d\u043e\u0439 \u043f\u0440\u0435\u0441\u0442\u0443\u043f\u043d\u043e\u0441\u0442\u044c\u044e<\/p>\n<p><a href=\"https:\/\/transcrim.pravo.unizg.hr\/wp-content\/uploads\/2019\/01\/8.-Program-Split-2018-final.pdf\"><strong>8. 31th International Scientific Conference on Economic and Social Development\u00a0<\/strong><strong>&#8220;Legal Challenges of Modern World&#8221;, Faculty of Law, University of Split, 07-08.06.2018.<\/strong><\/a><br \/>\n&#8211; Bo\u017ei\u0107 Vanda: Comparative Overview of Money Laundering in Criminal Legislation of the Republic of Croatia and the Republic of Serbia<\/p>\n<p><strong>9. 5th Geoffrey Nice Foundation Master Class: Political Expediency behind International Criminal Courts, Dubrovnik, 02-13.07.2018.<\/strong><br \/>\n&#8211; Sun\u010dana Roksandi\u0107 Vidli\u010dka: Transitional Justice and Economic Crimes<\/p>\n<p><strong>10. IV Interkatedarska konferencija &#8211; In memoriam: Davor Krapac (1947.-2016.), Zagreb, 07.09.2018.<\/strong><br \/>\n&#8211; Sun\u010dana Roksandi\u0107 Vidli\u010dka: Odgovornost za kr\u0161enja ljudskih prava od strane poduzetnika u Kambod\u017ei &#8211; \u0161iri li Me\u0111unarodni kazneni sud svoju nadle\u017enost ratione materiae<\/p>\n<p><a href=\"https:\/\/transcrim.pravo.unizg.hr\/wp-content\/uploads\/2019\/01\/11.-Hrvatsko-francuski-upravnopravni-dani-Turudi\u0107.pdf\"><strong>11. Hrvatsko-francuski upravnopravni dani, Journ\u00e9es juridiques et administratives franco-croates, 12. godina, Split, 13-14.09.2018<\/strong><\/a><br \/>\n&#8211; Marko Turudi\u0107, Bosiljka Britvi\u0107 Vetma: Uloga stranke u upravnom djelovanju tijela jedinica lokalne i podru\u010dne (regionalne) samouprave<\/p>\n<p><a href=\"https:\/\/transcrim.pravo.unizg.hr\/wp-content\/uploads\/2019\/01\/12.-ZITEH-Agenda-2018.pdf\"><strong>12. Interantional Scientific Conference &#8220;ZITEH 2018&#8221;, Poslovni i pravni fakultet, Belgrade, 26.09.2018.<\/strong><\/a><br \/>\n&#8211; Bo\u017ei\u0107 Vanda: Criminal Law Significance of Important Solutions from the Law on National DNA Registry<\/p>\n<p><a href=\"https:\/\/transcrim.pravo.unizg.hr\/wp-content\/uploads\/2019\/01\/13.-Ljubljana-2018-Program.pdf\"><strong>13. International Scientific Conference Criminal Justice and Security in Central and Eastern Europe From Common Sense to Evidence-based Policy-making, Ljubljana, Slovenia, 25-27.09.2018.<\/strong><\/a><br \/>\n&#8211; Bo\u017ei\u0107 Vanda: Trafficking in human beings for sexual exploitation in Croatia and Serbia<\/p>\n<p><a href=\"https:\/\/transcrim.pravo.unizg.hr\/wp-content\/uploads\/2019\/01\/14.-PROGRAM-OF-THE-2nd-ISCML-Split-2018-Savi\u0107-Radionov.pdf\"><strong>14. II Me\u0111unarodna znanstvena konferencija pomorskog prava \u201eSuvremeni izazovi pomorske plovidbe\u201c, Split, 27\u201328.09.2018.<\/strong><\/a><br \/>\n&#8211; Radionov Nikoleta, Savi\u0107 Iva: Suzbijanje krijum\u010darenja i trgovine ljudima implementacijom novih standarda sigurnosne za\u0161tite u transportu<\/p>\n<p><strong>15. Skup: Godina dana implemetacije Direktive 2012\/29\/EU: uspjesi i izazovi\u00a0Implementacija Direktive 2012\/29\/EU o pravima \u017ertava kaznenih djela\u00a0( Implementation of the EU Vicitms Directive ), Zagreb, Hrvatska, 01.10.2018.<\/strong><br \/>\n&#8211; Sun\u010dana Roksandi\u0107 Vidli\u010dka: Implementacija Direktive 2012\/29\/EU o pravima \u017ertava kaznenih djela ( Implementation of the EU Vicitms Directive )<\/p>\n<p><a href=\"https:\/\/transcrim.pravo.unizg.hr\/wp-content\/uploads\/2019\/01\/16.-KPU-Agenda-2018.pdf\"><strong>16. The VIII International Scientific Conference ARCHIBALD REIS DAYS,\u00a0University of Criminal Investigation and Police Studies, Belgrade, 02-03.10.2018.<\/strong><\/a><br \/>\n&#8211; Bo\u017ei\u0107 Vanda: Counter Terrorism and Migrant Crisis in Context of Criminal Law Cooperation Between Countries of the Region<\/p>\n<p><a href=\"https:\/\/transcrim.pravo.unizg.hr\/wp-content\/uploads\/2019\/01\/17.-Udru\u017eenje-logisti\u010dara-Br\u010dko-Radionov.pdf\"><strong>17. Skup logisti\u010dara \u201eLOGIN 11\u201c &#8211; \u201cUticaj globalnih ekonomskih kretanja na transportnu industriju Jugoisto\u010dne Evrope\u201d, Br\u010dko, 04-05.10.2018.<\/strong><\/a><br \/>\n&#8211; Radionov Nikoleta: Ilegalne migracije i industrija kopnenog prijevoza u zemljama Jugoisto\u010dne Europe: novi trendovi<\/p>\n<p><a href=\"https:\/\/transcrim.pravo.unizg.hr\/wp-content\/uploads\/2019\/01\/18.-Agenda-PF-BL-10-2018.pdf\"><strong>18. Me\u0111unarodna konferencija \u201eOktobarski pravni\u010dki dani\u201c u organizaciji Pravnog fakulteta u Banjoj Luci i Udru\u017eenja pravnika, Pravni fakultet Banja Luka, 12-13.10.2018.<\/strong><\/a><br \/>\n&#8211; Bo\u017ei\u0107 Vanda: Me\u0111unarodni kaznenopravni odgovori na aktualnu migrantsku krizu<\/p>\n<p><strong>19. Tematska sjednica Odbora za ravnopravnost spolova Hrvatskog sabora u suradnji s Centrom za \u017eene \u017ertve rata ROSA s temom: \u201eSuzbijanje problema trgovanja \u017eenama\u201c, Zagreb, 17.10.2018.<\/strong><br \/>\n&#8211; Davor Deren\u010dinovi\u0107: Trgovanje ljudima<br \/>\n<a href=\"http:\/\/sabor.hr\/hr\/press\/priopcenja\/u-saboru-odrzana-tematska-sjednica-o-problemu-trgovanja-zenama\">http:\/\/sabor.hr\/hr\/press\/priopcenja\/u-saboru-odrzana-tematska-sjednica-o-problemu-trgovanja-zenama<\/a><\/p>\n<p><a href=\"https:\/\/transcrim.pravo.unizg.hr\/wp-content\/uploads\/2019\/01\/20.-Okrugli-stol-18.10.2018.pdf\"><strong>20. Okrugli stol \u2013\u201eDru\u0161tvene mre\u017ee na internetu \u2013 novi trendovi vrbovanja i iskori\u0161tavanja \u017ertava trgovanja ljudima\u201c, Pravni fakultet u Zagrebu, 18.10.2018.<\/strong><\/a><br \/>\n&#8211; Davor Deren\u010dinovi\u0107: Trendovi trgovanja ljudima na podru\u010dju jugoisto\u010dne Europe<br \/>\n&#8211; Maja Munivrana Vajda: Izazovi identificiranja i procesuiranja po\u010dinitelja trgovanja ljudima<br \/>\n<a href=\"https:\/\/ljudskaprava.gov.hr\/print.aspx?id=838&amp;url=print\">https:\/\/ljudskaprava.gov.hr\/print.aspx?id=838&amp;url=print<\/a><\/p>\n<p><strong>21. Znanstveni skup Akademije pravnih znanosti Hrvatske: Me\u0111unarodno kazneno pravo \u2013 naslije\u0111e i novi izazovi u suradnji s Pravnim fakultetom Sveu\u010dili\u0161ta u Zagrebu, Zagreb, 18-19.10.2018.<\/strong><br \/>\n&#8211; Sun\u010dana Roksandi\u0107 Vidli\u010dka: Prosecution of businessman at International Criminal Court<\/p>\n<p><a href=\"https:\/\/transcrim.pravo.unizg.hr\/wp-content\/uploads\/2019\/01\/22.-Agenda-Bitola-2018.pdf\"><strong>22. International Scientific Conference \u201cSecurity, Political and Legal Challenges of the Modern World\u201d, ST. KLIMENT OHRIDSKI\u201d University \u2013 Bitola, Faculty of Security \u2013 Skopje, Faculty of Law \u2013 Kicevo, Republic of Macedonia, 19-21.10.2018.<\/strong><\/a><br \/>\n&#8211; Bo\u017ei\u0107 Vanda: International Legal Framework for Combating Organized Crime<\/p>\n<p><a href=\"https:\/\/transcrim.pravo.unizg.hr\/wp-content\/uploads\/2019\/01\/23.-Program-Konferencija-19.10.2018-Frane-Stani\u010di\u0107.pdf\"><strong>23. Stru\u010dna konferencija \u201eAnaliza ure\u0111enja policijskih slu\u017ebenika, socijalnog dijaloga i organizacijske strukture\u201c, Hotel Antunovi\u0107, Zagreb, 19.10.2018.<\/strong><\/a><br \/>\n&#8211; Frane Stani\u010di\u0107: Op\u0107i problemi u radu policije s gledi\u0161ta policijskog prava i njegove primjene<\/p>\n<p><a href=\"https:\/\/transcrim.pravo.unizg.hr\/wp-content\/uploads\/2019\/01\/24.-Program-Ius-Humanitas-Jaramaz.pdf\"><strong>24. Me\u0111unarodni znanstveni skup \u201cIus and Humanitas\u201d &#8211; Third International Scientific Conference Balkan Association of Roman Law and Roman Legal Tradition, Skopje, 25-27.10.2018.<\/strong><\/a><br \/>\n&#8211; Ivana Jaramaz Resku\u0161i\u0107: Roman Republic Election Campagne between ius and humanitas<\/p>\n<p><strong>25. Skup: South-Eastern European Anti-Corruption Academic Initative, Ljubljana, Slovenia, 26-28.10.2018.<\/strong><br \/>\n&#8211; Sun\u010dana Roksandi\u0107 Vidli\u010dka: Corruption as an International Offence<\/p>\n<p><a href=\"https:\/\/transcrim.pravo.unizg.hr\/wp-content\/uploads\/2019\/01\/2.-Pravna-za\u0161tita-u-javnoj-nabavi-Turudi\u0107.pdf\"><strong>26. Me\u0111unarodna konferencija \u201ePravna za\u0161tita u javnoj nabavi\u201c, Petnaest godina Dr\u017eavne komisije za kontrolu postupaka javne nabave \u2013 iskustva i izazovi, Zagreb, 08-09.11.2018.<\/strong><\/a><br \/>\n&#8211; Marko Turudic: Ugovor o javnoj nabavi kao upravni ugovor<\/p>\n<p><strong>27. Skup: UNODC, Education for Justice (E4J), Expert Group Meeting, E4J University Modules on Anti- Corruption, Be\u010d, Austrija, 08-09.11.2018.<\/strong><br \/>\n&#8211; Sun\u010dana Roksandi\u0107 Vidli\u010dka: Teaching on Corruption, Peace and Security (UNCAC)<\/p>\n<p><strong>28. 5TH SINO-EUROPEAN INTERNATIONAL FORUM 2018\u00a0Shanghai Academy of Social Sciences (China), 15.-16.11.2018.<\/strong><br \/>\n&#8211; Aleksandar Marsavelski: Political Corruption in Transition: The Unacknowledged Phenomenon of Corrupt Political Parties<br \/>\n&#8211; Maja Munivrana Vajda: New Technologies and Fight against Terrorism and Hate Speech in an European Perspective &#8211; National Report Croatia<br \/>\n<a href=\"https:\/\/drive.google.com\/file\/d\/1v-579YmklcTnapFI73GA3nl_5ikJCJ4Y\/view\">https:\/\/drive.google.com\/file\/d\/1v-579YmklcTnapFI73GA3nl_5ikJCJ4Y\/view<\/a><\/p>\n<p><a href=\"https:\/\/transcrim.pravo.unizg.hr\/wp-content\/uploads\/2019\/01\/29.-Program-Lisbon-2018.pdf\"><strong>29. 35th International Scientific Conference on Economic and Social Development &#8211; &#8220;Sustainability from an Economic and Social Perspective&#8221;\u00a0\u00a0Lisbon, Portugal, 15-16.11.2018.<\/strong><\/a><br \/>\n&#8211; Bo\u017ei\u0107 Vanda: Criminal Law Framework to Combat Criminal Offenses of Corruption in Croatia and Serbia<\/p>\n<p><a href=\"https:\/\/transcrim.pravo.unizg.hr\/wp-content\/uploads\/2019\/01\/30.-3-godisnja-konferencija-26-11-2018.pdf\"><strong>30. Tre\u0107a godi\u0161nja Stru\u010dna konferencija- ja\u010danje integriteta i uskla\u0111enosti u poslovanju \u2013 sukob interesa\u201d, HGK, Zagreb, Hrvatska, 26. 11.2018.<\/strong><\/a><br \/>\n&#8211; Marta Dragi\u010devi\u0107 Prtenja\u010da: \u201ePredstavljanje smjernica ICC-ja o sukobu interesa u poduze\u0107ima\u201d<\/p>\n<p><strong>31. Stru\u010dno savjetovanje \u201eIlegalne migracije i industrija transporta u Hrvatskoj: novine i izazovi u praksi\u201c, Hrvatsko dru\u0161tvo za transportno pravo i Hrvatska udruga poslodavaca, HUP, Zagreb, 11.12.2018.<\/strong><br \/>\n&#8211; Radionov Nikoleta: Utjecaj migrantske krize na industriju kopnenog prijevoza robe<br \/>\n&#8211; Savi\u0107 Iva: Europa bez granica\u201c nakon migrantske krize<br \/>\n<a href=\"http:\/\/hdtp.eu\/odrzano-strucno-savjetovanje\/\">http:\/\/hdtp.eu\/odrzano-strucno-savjetovanje\/<\/a><br \/>\n<a href=\"http:\/\/hdtp.eu\/detaljan-pregled-izlaganja\/\">http:\/\/hdtp.eu\/detaljan-pregled-izlaganja\/<\/a><\/p>\n<p><strong>32. Zavr\u0161na konferencija i predstavljanje rezultata projekta Multidisciplinary Research Cluster on Crime in Transition &#8211; Trafficking in Human Beings, Corruption and Economic Crime, Pravni fakultet u Zagrebu, 18.12.2018.<\/strong><br \/>\n&#8211; Davor Deren\u010dinovi\u0107: Predstavljanje rezultata projekta i Hrestomatije TRANSCRIM<br \/>\n&#8211; Sudjelovanje: Svi suradnici na projektu<\/p>\n","protected":false},"excerpt":{"rendered":"<p>\u00a0IZLAGANJA I SUDJELOVANJA ISTRA\u017dIVA\u010cA PROJEKTA POD BR. 1949. \u201cMULTIDISCIPLINARY RESEARCH CLUSTER ON CRIME IN TRANSITION \u2013 TRAFFICKING IN HUMAN BEINGS, CORRUPTION AND ECONOMIC CRIME.\u201d NA NACIONALNIM I ME\u0110UNARODNIM SKUPOVIMA I KONFERENCIJAMA 1. II. Me\u0111unarodna nau\u010dna konferencija \u201eUsagla\u0161avanje pravne regulative sa pravnim tekovinama (acquis communautaire) EU\u201c &#8211; Stanje u Bosni i Hercegovini i iskustva drugih &#8211;&#8230;<\/p>\n","protected":false},"author":2,"featured_media":0,"parent":0,"menu_order":0,"comment_status":"closed","ping_status":"closed","template":"","meta":{"footnotes":""},"_links":{"self":[{"href":"https:\/\/transcrim.pravo.unizg.hr\/index.php\/wp-json\/wp\/v2\/pages\/1195"}],"collection":[{"href":"https:\/\/transcrim.pravo.unizg.hr\/index.php\/wp-json\/wp\/v2\/pages"}],"about":[{"href":"https:\/\/transcrim.pravo.unizg.hr\/index.php\/wp-json\/wp\/v2\/types\/page"}],"author":[{"embeddable":true,"href":"https:\/\/transcrim.pravo.unizg.hr\/index.php\/wp-json\/wp\/v2\/users\/2"}],"replies":[{"embeddable":true,"href":"https:\/\/transcrim.pravo.unizg.hr\/index.php\/wp-json\/wp\/v2\/comments?post=1195"}],"version-history":[{"count":0,"href":"https:\/\/transcrim.pravo.unizg.hr\/index.php\/wp-json\/wp\/v2\/pages\/1195\/revisions"}],"wp:attachment":[{"href":"https:\/\/transcrim.pravo.unizg.hr\/index.php\/wp-json\/wp\/v2\/media?parent=1195"}],"curies":[{"name":"wp","href":"https:\/\/api.w.org\/{rel}","templated":true}]}}