{"id":1229,"date":"2019-01-20T17:09:37","date_gmt":"2019-01-20T17:09:37","guid":{"rendered":"http:\/\/transcrim.pravo.unizg.hr\/?page_id=1229"},"modified":"2019-01-21T08:49:22","modified_gmt":"2019-01-21T08:49:22","slug":"scientific-papers-2018","status":"publish","type":"page","link":"https:\/\/transcrim.pravo.unizg.hr\/index.php\/scientific-papers-2018\/","title":{"rendered":"Scientific Papers 2018"},"content":{"rendered":"<p style=\"text-align: center;\"><strong><img loading=\"lazy\" decoding=\"async\" class=\"alignnone size-full wp-image-467\" src=\"https:\/\/transcrim.pravo.unizg.hr\/wp-content\/uploads\/2016\/01\/HRZZ-LOGO.png\" alt=\"\" width=\"214\" height=\"81\" \/><\/strong><\/p>\n<p style=\"text-align: center;\"><strong>BAZA ZNANSTVENIH RADOVA<\/strong><\/p>\n<p style=\"text-align: center;\">ZNANSTVENI RADOVI PISANI I OBJAVLJENI U 2018. GODINI<\/p>\n<p style=\"text-align: center;\">U OKVIRU POTPORE HRVATSKE ZAKLADE ZA ZNANOST I ODOBRENOG PROJEKTA POD BR. 1949.<\/p>\n<p style=\"text-align: center;\"><strong>\u201cMULTIDISCIPLINARY RESEARCH CLUSTER ON CRIME IN TRANSITION \u2013 TRAFFICKING IN HUMAN BEINGS, CORRUPTION AND ECONOMIC CRIME.\u201d<\/strong><\/p>\n<p><a href=\"https:\/\/transcrim.pravo.unizg.hr\/wp-content\/uploads\/2019\/01\/1.-Moskva-Marsavelski.pdf\">1. Mar\u0161avelski Aleksandar<\/a>,<br \/>\n<a href=\"https:\/\/transcrim.pravo.unizg.hr\/wp-content\/uploads\/2019\/01\/1.-Moskva-Marsavelski.pdf\">\u0422\u0435\u0440\u0440\u043e\u0440\u0438\u0441\u0442\u0438\u0447\u0435\u0441\u043a\u0438\u0435 \u043f\u043e\u043b\u0438\u0442\u0438\u0447\u0435\u0441\u043a\u0438\u0435 \u043f\u0430\u0440\u0442\u0438\u0438: \u043c\u043e\u0434\u0435\u043b\u0438 \u043e\u0442\u0432\u0435\u0442\u0441\u0442\u0432\u0435\u043d\u043d\u043e\u0441\u0442\u0438 \u0438 \u043c\u0435\u0440\u044b \u0431\u043e\u0440\u0431\u044b, \u041e\u0431\u0435\u0441\u043f\u0435\u0447\u0435\u043d\u0438\u0435 \u043d\u0430\u0446\u0438\u043e\u043d\u0430\u043b\u044c\u043d\u043e\u0439 \u0431\u0435\u0437\u043e\u043f\u0430\u0441\u043d\u043e\u0441\u0442\u0438 &#8211; \u043f\u0440\u0438\u043e\u0440\u0438\u0442\u0435\u0442\u043d\u043e\u0435 \u043d\u0430\u043f\u0440\u0430\u0432\u043b\u0435\u043d\u0438\u0435 \u0443\u0433\u043e\u043b\u043e\u0432\u043d\u043e-\u043f\u0440\u0430\u0432\u043e\u0432\u043e\u0439, \u043a\u0440\u0438\u043c\u0438\u043d\u043e\u043b\u043e\u0433\u0438\u0447\u0435\u0441\u043a\u043e\u0439 \u0438 \u0443\u0433\u043e\u043b\u043e\u0432\u043d\u043e-\u0438\u0441\u043f\u043e\u043b\u043d\u0438\u0442\u0435\u043b\u044c\u043d\u043e\u0439 \u043f\u043e\u043b\u0438\u0442\u0438\u043a\u0438 \/ \u0421\u0442\u0435\u043f\u0430\u043d\u043e\u0432-\u0415\u0433\u0438\u044f\u043d\u0446, \u0412.\u0413 (ur.).Moskva: \u041c\u043e\u0441\u043a\u043e\u0432\u0441\u043a\u0438\u0439 \u0433\u043e\u0441\u0443\u0434\u0430\u0440\u0441\u0442\u0432\u0435\u043d\u043d\u044b\u0439 \u0443\u043d\u0438\u0432\u0435\u0440\u0441\u0438\u0442\u0435\u0442 \u0438\u043c\u0435\u043d\u0438 \u041c.\u0412. \u041b\u043e\u043c\u043e\u043d\u043e\u0441\u043e\u0432\u0430, \u042e\u0440\u0438\u0434\u0438\u0447\u0435\u0441\u043a\u0438\u0439 \u0444\u0430\u043a\u0443\u043b\u044c\u0442\u0435\u0442, 2018. str. 420-423., poglavlje u knjizi<\/a><\/p>\n<p><a href=\"https:\/\/transcrim.pravo.unizg.hr\/wp-content\/uploads\/2019\/01\/2.-Rad-Bozic-Nikac-PF-Moskva.pdf\">2. Bo\u017ei\u0107 Vanda, Nika\u010d \u017d,<br \/>\n\u0423\u0433\u043e\u043b\u043e\u0432\u043d\u043e-\u043f\u0440\u0430\u0432\u043e\u0432\u044b\u0435 \u0430\u0441\u043f\u0435\u043a\u0442\u044b \u043c\u0435\u0436\u0434\u0443\u043d\u0430\u0440\u043e\u0434\u043d\u043e\u0433\u043e \u0441\u043e\u0442\u0440\u0443\u0434\u043d\u0438\u0447\u0435\u0441\u0442\u0432\u0430 \u0431\u0430\u043b\u043a\u0430\u043d\u0441\u043a\u0438\u0445 \u0441\u0442\u0440\u0430\u043d \u0432 \u0431\u043e\u0440\u044c\u0431\u0435 \u0441 \u043e\u0440\u0433\u0430\u043d\u0438\u0437\u043e\u0432\u0430\u043d\u043d\u043e\u0439 \u043f\u0440\u0435\u0441\u0442\u0443\u043f\u043d\u043e\u0441\u0442\u044c\u044e, (Kaznenopravni aspekti me\u0111unarodne saradnje dr\u017eava Balkana u suzbijanju organizovanog kriminaliteta), \u041e\u0431\u0435\u0441\u043f\u0435\u0447\u0435\u043d\u0438\u0435 \u043d\u0430\u0446\u0438\u043e\u043d\u0430\u043b\u044c\u043d\u043e\u0439 \u0431\u0435\u0437\u043e\u043f\u0430\u0441\u043d\u043e\u0441\u0442\u0438 &#8211; \u043f\u0440\u0438\u043e\u0440\u0438\u0442\u0435\u0442\u043d\u043e\u0435 \u043d\u0430\u043f\u0440\u0430\u0432\u043b\u0435\u043d\u0438\u0435 \u0443\u0433\u043e\u043b\u043e\u0432\u043d\u043e-\u043f\u0440\u0430\u0432\u043e\u0432\u043e\u0439, \u043a\u0440\u0438\u043c\u0438\u043d\u043e\u043b\u043e\u0433\u0438\u0447\u0435\u0441\u043a\u043e\u0439 \u0438 \u0443\u0433\u043e\u043b\u043e\u0432\u043d\u043e-\u0438\u0441\u043f\u043e\u043b\u043d\u0438\u0442\u0435\u043b\u044c\u043d\u043e\u0439 \u043f\u043e\u043b\u0438\u0442\u0438\u043a\u0438 \u0421\u0442\u0435\u043f\u0430\u043d\u043e\u0432-\u0415\u0433\u0438\u044f\u043d\u0446, \u0412.\u0413. Moskva: \u041c\u043e\u0441\u043a\u043e\u0432\u0441\u043a\u0438\u0439 \u0433\u043e\u0441\u0443\u0434\u0430\u0440\u0441\u0442\u0432\u0435\u043d\u043d\u044b\u0439 \u0443\u043d\u0438\u0432\u0435\u0440\u0441\u0438\u0442\u0435\u0442 \u0438\u043c\u0435\u043d\u0438 \u041c.\u0412. \u041b\u043e\u043c\u043e\u043d\u043e\u0441\u043e\u0432\u0430, \u042e\u0440\u0438\u0434\u0438\u0447\u0435\u0441\u043a\u0438\u0439 \u0444\u0430\u043a\u0443\u043b\u044c\u0442\u0435\u0442, 2018. str. 329-335., poglavlje u knjizi<\/a><\/p>\n<p><a href=\"https:\/\/transcrim.pravo.unizg.hr\/wp-content\/uploads\/2019\/01\/3.-Deren\u010dinovi\u0107-Dragi\u010devi\u0107.pdf\">3. Deren\u010dinovi\u0107 Davor, Dragi\u010devi\u0107 Prtenja\u010da Marta,<br \/>\nAgent provokator i institut prikrivenog istra\u017eitelja, Hrvatski ljetopis za kazneno pravo i praksu, 25 (2018), p. 303-328, pregledni rad, znanstveni<\/a><\/p>\n<p><a href=\"https:\/\/transcrim.pravo.unizg.hr\/wp-content\/uploads\/2019\/01\/4.-Le\u0161tanin-Bo\u017ei\u0107-Nika\u010d.pdf\">4. Le\u0161tanin B, Bo\u017ei\u0107 Vanda, Nika\u010d \u017d,<br \/>\nPravni okvir za uspostavljanje kriminalisti\u010dko obave\u0161tajnog modela prema standardima EU, Istra\u017eiva\u010dki centar, Zbornik radova \u201eUsagla\u0161avanje pravne regulative s pravnim tekovinama (Acquis Communautaire) EU &#8211; stanje u BiH i iskustva drugih,\u201d Banja Luka, 2018, str.241-254., prethodno saop\u0161tenje, znanstveni rad<\/a><\/p>\n<p><a href=\"https:\/\/transcrim.pravo.unizg.hr\/wp-content\/uploads\/2019\/01\/5.RKK-Korupcija-Bo\u017ei\u0107-Nika\u010d.pdf\">5. Bo\u017ei\u0107 Vanda, Nika\u010d \u017d,<br \/>\nKazenskopravna in disciplinska odgovornost zdravnikov zaradi podkupovanja v aferi Hipokrat,(Criminal and Disciplinary Liability of Physicians for Passive Bribery in the Hippocrates Affair), Revija za kriminalistiko in kriminologijo, Letn. 69, \u0161t. 2 (apr.-jun. 2018), str. 117-127.(ISSN 0034-690X) (COBISS.SI-ID: 4624072), izvorni znanstveni rad, WoS, Clarivate<\/a><\/p>\n<p><a href=\"https:\/\/transcrim.pravo.unizg.hr\/wp-content\/uploads\/2019\/01\/6.-Bo\u017ei\u0107-Krijum\u010darenje-ljudi.pdf\">6. Bo\u017ei\u0107 Vanda, Nika\u010d \u017d,<br \/>\nCriminal law responses to smuggling of people in Croatia and Serbia with the analysis of situation and trends, Conference Procedings \u201cTowards a better future: the rule of law, democracy and polycentric development\u201d Faculty of Law \u201cSt. Kliment Ohridski\u201d, University Bitola, Macedonia, Volume I, Bitola, 2018, p.304-314., (ISBN 978-608-4670-00-1) (COBISS.MK-ID 107157514)<\/a><\/p>\n<p><a href=\"https:\/\/transcrim.pravo.unizg.hr\/wp-content\/uploads\/2019\/01\/7.-Marin-Mudric.pdf\">7. Marin Jasenko, Mi\u0161o Mudri\u0107,<br \/>\nRedefinirana uloga Frontexa i privatne sigurnosne kompanije kao novi akteri u upravljanju migrantskim krizama, \u010casopis Polemos XXI, br. 41 (2018): str. 81-112.<\/a><\/p>\n<p><a href=\"https:\/\/transcrim.pravo.unizg.hr\/wp-content\/uploads\/2019\/01\/8.-Krijum\u010darenje-Regija.pdf\">8. Bo\u017ei\u0107 Vanda, Nika\u010d \u017d,<br \/>\nThe Fight Against People Smuggling in the Region with Special Reference to the Republic of Croatia and Republic of Serbia, Comparative Security Systems of Neighbouring Countries: Similarities, Differences and Cooperative, International Monograph, Belgrade : Faculty of Business Studies and Law University Union of Belgrade, 2018. Str. 393-416.(ISBN 978-86-81088-01-2) (UDC: 351.756:341.215(497.11+497.5), Poglavlje u knjizi<\/a><\/p>\n<p><a href=\"https:\/\/transcrim.pravo.unizg.hr\/wp-content\/uploads\/2019\/01\/9.-Ekstradicija-organiz.kriminalitet.pdf\">9. Bo\u017ei\u0107 Vanda, Le\u0161tanin B, Nika\u010d \u017d,<br \/>\nEkstradicija kao vid me\u0111unarodne saradnje u izdavanju lica s osvrtom na postupanje policije, Zbornik radova \u201eUniverzalno i osobeno u pravu,\u201c Pravni fakultet Pri\u0161tina, Kosovska Mitrovica, 2018, str.155-172. (ISBN 978-86-6083-054-0), pregledni rad, znanstveni<\/a><\/p>\n<p><a href=\"https:\/\/transcrim.pravo.unizg.hr\/wp-content\/uploads\/2019\/01\/10.-Pranje-novca-Zbornik.pdf\">10. Bo\u017ei\u0107 Vanda, Nika\u010d \u017d,<br \/>\nComparative overview of money laundering in criminal legislation of the Republic of Croatia and the Republic of Serbia, Book of Proceedings, 31st International Scientific Conference on Economic and Social Development \u2013 Legal Challenges of Modern Word\u201d, Split, 7-8 June 2018, p.454-467.Varazdin Development and Entrepreneurship Agency in cooperation with Faculty of Law University of Split &#8211; University of Split , University Department for Forensic Sciences &#8211; Faculty of Law University of Mostar, University North &#8211; Faculty of Management University of Warsaw, Faculty of Law, Economics and Social Sciences Sale &#8211; Mohammed V University in Rabat. (ISSN 1849-7535)WoS, Clarivate<\/a><\/p>\n<p><a href=\"https:\/\/transcrim.pravo.unizg.hr\/wp-content\/uploads\/2019\/01\/11.-Povjerenstvo-za-rad-po-pritu\u017ebama.pdf\">11. Franulovi\u0107 D, Frane Stani\u010di\u0107,<br \/>\nPovjerenstvo za rad po pritu\u017ebama u Ministarstvu unutarnjih poslova Republike Hrvatske \u2013 od svijetlog primjera civilnog nadzora nad radom policije do nestanka?, Zbornik Pravnog fakulteta Sveu\u010dili\u0161ta u Rijeci 39, br. 2 (2018), str.1013-1036., pregledni rad, znanstveni<\/a><\/p>\n<p><a href=\"https:\/\/transcrim.pravo.unizg.hr\/wp-content\/uploads\/2019\/01\/12.-Book-Asimetry-and-Strategy.pdf\">12. Nika\u010d \u017d, Bo\u017ei\u0107 Vanda,<br \/>\nFight against organized crime in the states of the Region and EU members states, Thematic collection of articles &#8211; International scientific conference \u201c Asymmetry and strategy\u201d, Ministry of defence of The Republic of Serbia, University of defence, Strategic research institute &amp; National defence school, Belgrade, 2018, p.339-356., (ISBN 978-86-81121-17-7) (ISBN 978-86-335-0594-9)<\/a><\/p>\n<p><a href=\"https:\/\/transcrim.pravo.unizg.hr\/wp-content\/uploads\/2019\/01\/13.-THB-for-sexual-exploitation.pdf\">13. Bo\u017ei\u0107 Vanda, Nika\u010d \u017d,<br \/>\nTrafficking in human beings for sexualexploitat ion in Croatia and Serbia, Conference Proceedings Criminal Justice and Security in Central and Eastern Europe, From Common Sense to Evidence-based Policy-making, Faculty of criminal justice and security, Maribor, Ljubljana 2018, p.453-466.(ISBN 978-961-286-174-2, pdf), (ISBN 978-961-286-176-6, softback), znanstveni rad(DOI: 10.18690\/978-961-286-174-2), (COBISS.SI-ID 94956033), WoS, Clarivate<\/a><\/p>\n<p><a href=\"https:\/\/transcrim.pravo.unizg.hr\/wp-content\/uploads\/2019\/01\/14.-Alternative-kazni-oduzimanja-slobode.pdf\">14. Deren\u010dinovi\u0107 Davor, Dragi\u010devi\u0107 Prtenja\u010da Marta,<br \/>\nGracin DijanaAlternative kazni oduzimanja slobode, Alternativne krivi\u010dne sankcije (regionalna krivi\u010dna zakonodavstva, iskustva u primeni i mere unapre\u0111enja, Beograd: Organizacija za europsku sigurnost i suradnju &#8211; OEBS, 2018. str. 109-130., znanstveni rad<\/a><\/p>\n<p><a href=\"https:\/\/transcrim.pravo.unizg.hr\/wp-content\/uploads\/2019\/01\/15.-Rad-AR-2018.pdf\">15. Le\u0161tanin B, Bo\u017ei\u0107 Vanda, Nika\u010d \u017d,<br \/>\nCounter terrorism and migrant crisis in context of criminal law cooperation between countries of the Region, Thematic conference proceedings \u201cArchibald reiss days\u201d Volume II, Academy of criminalistic and police studies, Belgrade, 2018, p.293-304., znanstveni rad(ISBN 978-86-7020-405-8) (ISBN 978-86-7020-190-3)<\/a><\/p>\n<p><a href=\"https:\/\/transcrim.pravo.unizg.hr\/wp-content\/uploads\/2019\/01\/16.-Migrantska-kriza-Rad.pdf\">16. Bo\u017ei\u0107 Vanda, Nika\u010d \u017d,<br \/>\nMe\u0111unarodni kaznenopravni odgovori na aktualnu migrantsku krizu, Pravna rije\u010d br.56\/18, Godina XV, Banja Luka, 2018, Udru\u017eenje pravnika RS, BiH, str.167-186. (ISSN 1840-0272), izvorni znanstveni rad<\/a><\/p>\n<p><a href=\"https:\/\/transcrim.pravo.unizg.hr\/wp-content\/uploads\/2019\/01\/17.-Rad-Lisabon.pdf\">17. Bo\u017ei\u0107 Vanda, Nika\u010d \u017d,<br \/>\nCriminal law framework to combat criminal offenses of corruption in Croatia and Serbia, Book of Proceedings &#8211; 35th International Scientific Conference on Economic and Social Development \u2013 &#8220;Sustainability from an Economic and Social Perspective,&#8221; Lisbon, November 2018, p.667-673.Varazdin Development and Entrepreneurship Agency in cooperation with GOVCOPP \u2013 Universidade de Aveiro, CPES \u2013 Universidade Lusofona, CICPRIS \u2013 Universidade Lusofona, University North, Faculty of Management University of Warsaw, Faculty of Law, Economics and Social Sciences Sale \u2013 Mohammed V University in Rabat, (ISSN 1849-7535), znanstveni rad, WoS, Clarivate<\/a><\/p>\n<p><a href=\"https:\/\/transcrim.pravo.unizg.hr\/wp-content\/uploads\/2019\/01\/18.-Korupcija-Sociolo\u0161ki-pregled-\u010dasopis.pdf\">18. Bo\u017ei\u0107 Vanda, Nika\u010d \u017d,<br \/>\nKorupcija i njeno suzbijanje u tranzicionim dru\u0161tvima: primer Hrvatske i Srbije, \u010dasopis Sociolo\u0161ki pregled br.3\/2018, str. 801-831., Beograd, (ISSN 0085-6320, eISSN 2560-4880), pregledni rad, znanstveni<\/a><\/p>\n<p><a href=\"https:\/\/transcrim.pravo.unizg.hr\/wp-content\/uploads\/2019\/01\/19.-PF-Ni\u0161-EUN.pdf\">19. Bo\u017ei\u0107 Vanda, Kne\u017eevi\u0107 S, Nika\u010d \u017d,<br \/>\nEvropski nalog za hap\u0161enje kao mehanizam ekstradicije u me\u0111unarodnoj kaznenopravnoj saradnji, Zbornik Pravnog fakulteta u Ni\u0161u, br.79\/ 2018, str.15-30. (ISBN 0350-8501), izvorni znanstveni rad<\/a><\/p>\n<p><a href=\"https:\/\/transcrim.pravo.unizg.hr\/wp-content\/uploads\/2019\/01\/20.-PF-Bitola-Combating-Organized-Crime.pdf\">20. Bo\u017ei\u0107 Vanda, Nika\u010d \u017d,<br \/>\nInternational Legal Framework for Combating Organized Crime, Conference ProceedingsSecurity, political and legal challenges of the modern world, Volume II, University &#8220;St. Kliment Ohridski&#8221; Bitola, October, 2018, p. 42-55., pregledni rad, znanstveni<\/a><\/p>\n<p>21. Roksandi\u0107 Vidli\u010dka Sun\u010dana, Dragi\u010devi\u0107 Prtenja\u010da Marta,<br \/>\nThe Development of Anti-Corruption Criminal Policy in Croatia during the Transition Period and the related Economic Crimes, Economic Criminology, Shanghai Academy of Social Sciences Press 18 (2018), p.307-337.<\/p>\n<p>PRIHVA\u0106ENI RADOVI U 2018. ZA OBJAVU<\/p>\n<p><a href=\"https:\/\/transcrim.pravo.unizg.hr\/wp-content\/uploads\/2019\/01\/22.-Potvrda_Radionov_Savic-PPP.pdf\">22. Radionov Nikoleta, Savi\u0107 Iva,<br \/>\nImpact of illegal migrations, smuggling and human trafficking on the land transport industry: Croatian case, Poredbeno pomorsko pravo, vol. 58 (br. 173), izvorni znanstveni rad, prihva\u0107eno na objavu u 2018.godini<\/a><\/p>\n<p><a href=\"https:\/\/transcrim.pravo.unizg.hr\/wp-content\/uploads\/2019\/01\/23.-Ofak-Munivrana.pdf\">23. Munivrana Vajda Maja, Ofak Lana,<br \/>\nPreporuke za pobolj\u0161anje hrvatskog pravnog okvira i mjra za suzbijanje i prevenciju trgovanja ljudima, Zbornik Pravnog fakulteta u Zagrebu, izvorni znanstveni rad, prihva\u0107en za objavu u 2018. za br.69\/2019.<\/a><\/p>\n<p><strong>BOOKS OF ABSTRACTS<\/strong><\/p>\n<p><a href=\"https:\/\/transcrim.pravo.unizg.hr\/wp-content\/uploads\/2019\/01\/1.-Book-of-abstracts-Ljubljana-2018.pdf\">1. Bo\u017ei\u0107 Vanda, Nika\u010d \u017d,<br \/>\nTrafficking in human beings for sexual exploitation in Croatia and Serbia, Book of Abstracts, Criminal Justice and Security in Central and Eastern Europe, From Common Sense to Evidence-based Policy-making, Faculty of criminal justice and security, Maribor, Ljubljana 2018, p.43.(ISBN 978-961-286-179-7 (pdf) doi: 10.18690\/978-961-286-179-7)<\/a><\/p>\n<p><a href=\"https:\/\/transcrim.pravo.unizg.hr\/wp-content\/uploads\/2019\/01\/2.-Kne\u017eevi\u0107-S-Bo\u017ei\u0107-Vanda-Nika\u010d-\u017d.pdf\">2. Kne\u017eevi\u0107 S, Bo\u017ei\u0107 Vanda, Nika\u010d \u017d,<br \/>\nEvropski nalog za hap\u0161enje kao mehanizam ekstradicije u me\u0111unarodnoj kaznenopravnoj saradnji, Zbornik sa\u017eetaka \u201ePravo pred izazovima savremenog doba,\u201c Pravni fakultet Ni\u0161, 2018, str.38-39, (ISBN 978-86-7148-245-5) (COBISS.SR-ID 260520460)<\/a><\/p>\n<p><a href=\"https:\/\/transcrim.pravo.unizg.hr\/wp-content\/uploads\/2019\/01\/3.-Zbornik-sazetaka-Stani\u0161i\u0107i-2018.pdf\">3. Nika\u010d \u017d, Bo\u017ei\u0107 Vanda, Le\u0161tanin B,<br \/>\nKrivi\u010dnopravna saradnja dr\u017eava Regiona u borbi protiv terorizma u kontekstu aktuelne migrantske krize, Zbornik apstrakata \u201cRegionalna saradnja u suzbijanju prekograni\u010dnog kriminala &#8211; savremeni izazovi terorizma i migrantske krize,\u201d Fakultet bezbednosti Banja Luka, KPA i Hans Zajdel, Bijeljina-Stani\u0161i\u0107i, 2018, str.18-19.(ISBN 978-86-7020-396-9) (COBISS.SR-ID 263968780)<\/a><\/p>\n<p><a href=\"https:\/\/transcrim.pravo.unizg.hr\/wp-content\/uploads\/2019\/01\/4.-Split-Rad-Zbornik-sa\u017eetaka.pdf\">4. Bo\u017ei\u0107 Vanda, Nika\u010d \u017d,<br \/>\nComparative overview of money laundering in criminal legislation of the Republic of Croatia and the Republic of Serbia, Book of Abstracts, 31st International Scientific Conference on Economic and Social Development \u2013 Legal Challenges of Modern Word\u201d, Split, 7-8 June 2018, p.67-68. Varazdin Development and Entrepreneurship Agency in cooperation with Faculty of Law University of Split &#8211; University of Split , University Department for Forensic Sciences &#8211; Faculty of Law University of Mostar, University North &#8211; Faculty of Management University of Warsaw, Faculty of Law, Economics and Social Sciences Sale &#8211; Mohammed V University in Rabat. (ISSN 1849-7543)<\/a><\/p>\n<p><a href=\"https:\/\/transcrim.pravo.unizg.hr\/wp-content\/uploads\/2019\/01\/5.-Nacionalni-DNA-registar.pdf\">5. Nika\u010d \u017d, Bo\u017ei\u0107 Vanda,Krivi\u010dnopravni zna\u010daj va\u017enijih re\u0161enja iz Zakona o nacionalnom DNK registru, Zbornik apstrakata ZITEH 2018, Beograd, Udru\u017eenje IT ve\u0161tak, Poslovni i pravni fakultet, Univerzitet \u201cUnion Nikola Tesla,\u201d str.35-36. (ISBN 978-86-5375-104-0)<\/a><\/p>\n<p><a href=\"https:\/\/transcrim.pravo.unizg.hr\/wp-content\/uploads\/2019\/01\/6.-Book-of-Abstracts-Lisbon2018.pdf\">6. Bo\u017ei\u0107 Vanda, Nika\u010d \u017d,<br \/>\nCriminal law framework to combat criminal offenses of corruption in Croatia and Serbia, Book of Abstracts &#8211; 35th International Scientific Conference on Economic and Social Development \u2013 &#8220;Sustainability from an Economic and Social Perspective,&#8221; Lisbon, November 2018, p.90-91.Varazdin Development and Entrepreneurship Agency in cooperation with GOVCOPP \u2013 Universidade de Aveiro, CPES \u2013 Universidade Lusofona, CICPRIS \u2013 Universidade Lusofona, University North, Faculty of Management University of Warsaw, Faculty of Law, Economics and Social Sciences Sale \u2013 Mohammed V University in Rabat, (ISSN 1849-7543).<\/a><\/p>\n","protected":false},"excerpt":{"rendered":"<p>BAZA ZNANSTVENIH RADOVA ZNANSTVENI RADOVI PISANI I OBJAVLJENI U 2018. GODINI U OKVIRU POTPORE HRVATSKE ZAKLADE ZA ZNANOST I ODOBRENOG PROJEKTA POD BR. 1949. \u201cMULTIDISCIPLINARY RESEARCH CLUSTER ON CRIME IN TRANSITION \u2013 TRAFFICKING IN HUMAN BEINGS, CORRUPTION AND ECONOMIC CRIME.\u201d 1. Mar\u0161avelski Aleksandar, \u0422\u0435\u0440\u0440\u043e\u0440\u0438\u0441\u0442\u0438\u0447\u0435\u0441\u043a\u0438\u0435 \u043f\u043e\u043b\u0438\u0442\u0438\u0447\u0435\u0441\u043a\u0438\u0435 \u043f\u0430\u0440\u0442\u0438\u0438: \u043c\u043e\u0434\u0435\u043b\u0438 \u043e\u0442\u0432\u0435\u0442\u0441\u0442\u0432\u0435\u043d\u043d\u043e\u0441\u0442\u0438 \u0438 \u043c\u0435\u0440\u044b \u0431\u043e\u0440\u0431\u044b, \u041e\u0431\u0435\u0441\u043f\u0435\u0447\u0435\u043d\u0438\u0435 \u043d\u0430\u0446\u0438\u043e\u043d\u0430\u043b\u044c\u043d\u043e\u0439 \u0431\u0435\u0437\u043e\u043f\u0430\u0441\u043d\u043e\u0441\u0442\u0438 &#8211;&#8230;<\/p>\n","protected":false},"author":2,"featured_media":0,"parent":0,"menu_order":0,"comment_status":"closed","ping_status":"closed","template":"","meta":{"footnotes":""},"_links":{"self":[{"href":"https:\/\/transcrim.pravo.unizg.hr\/index.php\/wp-json\/wp\/v2\/pages\/1229"}],"collection":[{"href":"https:\/\/transcrim.pravo.unizg.hr\/index.php\/wp-json\/wp\/v2\/pages"}],"about":[{"href":"https:\/\/transcrim.pravo.unizg.hr\/index.php\/wp-json\/wp\/v2\/types\/page"}],"author":[{"embeddable":true,"href":"https:\/\/transcrim.pravo.unizg.hr\/index.php\/wp-json\/wp\/v2\/users\/2"}],"replies":[{"embeddable":true,"href":"https:\/\/transcrim.pravo.unizg.hr\/index.php\/wp-json\/wp\/v2\/comments?post=1229"}],"version-history":[{"count":0,"href":"https:\/\/transcrim.pravo.unizg.hr\/index.php\/wp-json\/wp\/v2\/pages\/1229\/revisions"}],"wp:attachment":[{"href":"https:\/\/transcrim.pravo.unizg.hr\/index.php\/wp-json\/wp\/v2\/media?parent=1229"}],"curies":[{"name":"wp","href":"https:\/\/api.w.org\/{rel}","templated":true}]}}