{"id":156,"date":"2015-10-02T07:59:04","date_gmt":"2015-10-02T07:59:04","guid":{"rendered":"http:\/\/transcrim.pravo.unizg.hr\/?page_id=156"},"modified":"2015-10-02T08:06:53","modified_gmt":"2015-10-02T08:06:53","slug":"utjecaj-propisa-o-sigurnosti-i-sigurnosnoj-zastiti-u-pomorskom-prometu-na-ljudska-prava-pomoraca","status":"publish","type":"page","link":"https:\/\/transcrim.pravo.unizg.hr\/index.php\/utjecaj-propisa-o-sigurnosti-i-sigurnosnoj-zastiti-u-pomorskom-prometu-na-ljudska-prava-pomoraca\/","title":{"rendered":"Utjecaj propisa o sigurnosti i sigurnosnoj za\u0161titi u pomorskom prometu na ljudska prava pomoraca"},"content":{"rendered":"<p><strong>Prof. dr. sc. Nikoleta RADIONOV<\/strong><\/p>\n<p>Moderni trendovi razvoja pomorskog prava u posljednja dva desetlje\u0107a u velikoj su mjeri fokusirani na pravila o sigurnosti (safety) i sigurnosnoj za\u0161titi (security) u pomorskom prometu. Zamjetan je razvoj pravne regulative, ali i primjene prava u navedenom razdoblju u podru\u010dju na me\u0111unarodnoj razini, \u0161to je u kona\u010dnici dovelo do bolje za\u0161tite morskog okoli\u0161a od one\u010di\u0161\u0107enja s brodova, kao i pove\u0107anja standarda sigurnosne za\u0161tite brodova i luka od razli\u010ditih ugroza (pirati, teroristi, ilegalni imigranti, trgovanje ljudima itd.). Najzna\u010dajniji normativni instrumenti u oba podru\u010dja, doneseni pod okriljem IMO, jesu 2002 IMO International Safety Management Code (ISM Code) i 2002 IMO International Ship and Port Facility Security Code (ISPS Code). Ipak, uo\u010dena je tendencija ozbiljnog i kontinuiranog kr\u0161enja ljudskih prava pomoraca prilikom implemetancije ovih instrumenata u praksi. Stalno podizanje razine sigurnosti i sigurnosne za\u0161tite vezano uz preventivne mjere na brodovima, bez istovremenog pove\u0107anja broja \u010dlanova posade, dovelo je do uskrate iskrcaja na kopno u lukama za pomorce, pove\u0107ani opseg posla i premor, uskratu sna, pre\u010deste rotacije u smjenama i ostale oblike kr\u0161enja ljudskih prava pomoraca u praksi. Posljedice globalne gospodarske krize i recesije u brodarstvu samo su dodatno pogor\u0161ale situaciju, obzirom da brodarske kompanije nastoje pod svaku cijenu smanjiti tro\u0161kove poslovanja prvo \u0161tede\u0107i na tro\u0161kovima radne snage. Ljudska prava i radna prava pomoraca time su se na\u0161la \u201eizme\u0111u \u010deki\u0107a i nakovnja\u201c: nu\u017enosti implementacije obveznih mjera sigurnosti i sigurnosne za\u0161tite prema ISM i ISPS Kodu s jedne strane, te nu\u017enosti sni\u017eavanja tro\u0161ka radne snage s druge. Na koji na\u010din pomiriti nu\u017enost pove\u0107anja standarda sigurnosti i sigurnosne za\u0161tite u situaciji sve ve\u0107eg pritiska piratstva, trgovine ljudima i napose ilegalnih imigranata morskim putem i za\u0161titu ljudskih prava pomoraca biti \u0107e predmet ove prezentacije.<\/p>\n","protected":false},"excerpt":{"rendered":"<p>Prof. dr. sc. Nikoleta RADIONOV Moderni trendovi razvoja pomorskog prava u posljednja dva desetlje\u0107a u velikoj su mjeri fokusirani na pravila o sigurnosti (safety) i sigurnosnoj za\u0161titi (security) u pomorskom prometu. Zamjetan je razvoj pravne regulative, ali i primjene prava u navedenom razdoblju u podru\u010dju na me\u0111unarodnoj razini, \u0161to je u kona\u010dnici dovelo do bolje&#8230;<\/p>\n","protected":false},"author":2,"featured_media":0,"parent":0,"menu_order":0,"comment_status":"closed","ping_status":"closed","template":"","meta":{"footnotes":""},"_links":{"self":[{"href":"https:\/\/transcrim.pravo.unizg.hr\/index.php\/wp-json\/wp\/v2\/pages\/156"}],"collection":[{"href":"https:\/\/transcrim.pravo.unizg.hr\/index.php\/wp-json\/wp\/v2\/pages"}],"about":[{"href":"https:\/\/transcrim.pravo.unizg.hr\/index.php\/wp-json\/wp\/v2\/types\/page"}],"author":[{"embeddable":true,"href":"https:\/\/transcrim.pravo.unizg.hr\/index.php\/wp-json\/wp\/v2\/users\/2"}],"replies":[{"embeddable":true,"href":"https:\/\/transcrim.pravo.unizg.hr\/index.php\/wp-json\/wp\/v2\/comments?post=156"}],"version-history":[{"count":0,"href":"https:\/\/transcrim.pravo.unizg.hr\/index.php\/wp-json\/wp\/v2\/pages\/156\/revisions"}],"wp:attachment":[{"href":"https:\/\/transcrim.pravo.unizg.hr\/index.php\/wp-json\/wp\/v2\/media?parent=156"}],"curies":[{"name":"wp","href":"https:\/\/api.w.org\/{rel}","templated":true}]}}