{"id":158,"date":"2015-10-02T08:00:15","date_gmt":"2015-10-02T08:00:15","guid":{"rendered":"http:\/\/transcrim.pravo.unizg.hr\/?page_id=158"},"modified":"2015-10-02T08:05:46","modified_gmt":"2015-10-02T08:05:46","slug":"odnos-kaznenog-djela-trgovanja-ljudima-i-kaznenog-djela-protuzakonitog-prebacivanja-osoba-preko-drzavne-granice-uz-osvrt-na-statisticke-podatke","status":"publish","type":"page","link":"https:\/\/transcrim.pravo.unizg.hr\/index.php\/odnos-kaznenog-djela-trgovanja-ljudima-i-kaznenog-djela-protuzakonitog-prebacivanja-osoba-preko-drzavne-granice-uz-osvrt-na-statisticke-podatke\/","title":{"rendered":"<h3>Odnos kaznenog djela trgovanja ljudima i kaznenog djela protuzakonitog prebacivanja osoba preko dr\u017eavne granice uz osvrt na statisti\u010dke podatke<\/h3>"},"content":{"rendered":"<p><strong>Dr.sc. Vanda Bo\u017ei\u0107<\/strong><\/p>\n<p>I trgovanje ljudima <em>engl. trafficking<\/em> i krijum\u010darenje ljudi <em>engl. smuggling <\/em>\u00a0predstavlja kazneno djelo i nezakonit oblik migracije. Krijum\u010darenje ljudi prema starom KZ-u, protuzakonito prebacivanje osoba preko dr\u017eavne granice, bilo je propisano \u010dl.177. dok je novim KZ-om u \u010dl.326. inkriminirano protuzakonito ula\u017eenje, kretanje i boravak u Republici Hrvatskoj.<\/p>\n<p>Svaki ilegalni imigrant mo\u017ee vrlo lako postati meta ne samo krijum\u010dara ve\u0107 i trgovaca ljudima jer je on naj\u010de\u0161\u0107e osoba bez identiteta, osoba koja je osu\u0111ena na skrivanje pred vlastima zemlje kroz koju putuje ili u kojoj \u017eeli trajno \u017eivjeti.<\/p>\n<p>Na prvi pogled mo\u017ee izgledati da je rije\u010d o istom kaznenom djelu, me\u0111utim razlike su itekako klju\u010dne i velike. Upravo i cilj ovog izlaganja jest ukazati na sli\u010dnosti i razlike ova dva kaznena djela uz osvrt na statisti\u010dke podatke u proteklih nekoliko godina.<\/p>\n<p>Me\u0111utim, ni u praksi nije uvijek jednostavno utvrditi razliku izme\u0111u trgovanja ljudima i krijum\u010darenja ljudi, pogotovo iz razloga \u0161to mnoge \u017ertve trgovanja ljudima svoja putovanja upravo zapo\u010dnu kao krijum\u010darene osobe tako \u0161to dobrovoljno anga\u017eiraju kriminalnu skupinu ili pojedinca za pomo\u0107 pri ilegalnom prelasku dr\u017eavne granice uz financijsku im nadoknadu. Odnos izme\u0111u njih je, dakle, dobrovoljan i kratkog roka koji zavr\u0161ava kad krijum\u010darena osoba stigne u zemlju odredi\u0161ta. Me\u0111utim,\u00a0 ima i situacija u kojima su krijum\u010darene osobe prisiljene ostati u daljnjem odnosu s krijum\u010darima jer im ne mogu isplatiti pozama\u0161ne putne tro\u0161kove, tako sve vi\u0161e dolazi do izra\u017eaja sama po\u010detna namjera krijum\u010dara ka pravom i stvarnom njihovom cilju &#8211; trgovanju ljudima.<\/p>\n","protected":false},"excerpt":{"rendered":"<p>Dr.sc. Vanda Bo\u017ei\u0107 I trgovanje ljudima engl. trafficking i krijum\u010darenje ljudi engl. smuggling \u00a0predstavlja kazneno djelo i nezakonit oblik migracije. Krijum\u010darenje ljudi prema starom KZ-u, protuzakonito prebacivanje osoba preko dr\u017eavne granice, bilo je propisano \u010dl.177. dok je novim KZ-om u \u010dl.326. inkriminirano protuzakonito ula\u017eenje, kretanje i boravak u Republici Hrvatskoj. Svaki ilegalni imigrant mo\u017ee vrlo&#8230;<\/p>\n","protected":false},"author":2,"featured_media":0,"parent":0,"menu_order":0,"comment_status":"closed","ping_status":"closed","template":"","meta":{"footnotes":""},"_links":{"self":[{"href":"https:\/\/transcrim.pravo.unizg.hr\/index.php\/wp-json\/wp\/v2\/pages\/158"}],"collection":[{"href":"https:\/\/transcrim.pravo.unizg.hr\/index.php\/wp-json\/wp\/v2\/pages"}],"about":[{"href":"https:\/\/transcrim.pravo.unizg.hr\/index.php\/wp-json\/wp\/v2\/types\/page"}],"author":[{"embeddable":true,"href":"https:\/\/transcrim.pravo.unizg.hr\/index.php\/wp-json\/wp\/v2\/users\/2"}],"replies":[{"embeddable":true,"href":"https:\/\/transcrim.pravo.unizg.hr\/index.php\/wp-json\/wp\/v2\/comments?post=158"}],"version-history":[{"count":0,"href":"https:\/\/transcrim.pravo.unizg.hr\/index.php\/wp-json\/wp\/v2\/pages\/158\/revisions"}],"wp:attachment":[{"href":"https:\/\/transcrim.pravo.unizg.hr\/index.php\/wp-json\/wp\/v2\/media?parent=158"}],"curies":[{"name":"wp","href":"https:\/\/api.w.org\/{rel}","templated":true}]}}