{"id":170,"date":"2015-10-02T08:23:56","date_gmt":"2015-10-02T08:23:56","guid":{"rendered":"http:\/\/transcrim.pravo.unizg.hr\/?page_id=170"},"modified":"2015-10-02T08:24:54","modified_gmt":"2015-10-02T08:24:54","slug":"uporaba-sile-na-moru-privatne-sigurnosne-kompanije-i-pitanje-odgovornosti","status":"publish","type":"page","link":"https:\/\/transcrim.pravo.unizg.hr\/index.php\/uporaba-sile-na-moru-privatne-sigurnosne-kompanije-i-pitanje-odgovornosti\/","title":{"rendered":"Uporaba sile na moru: privatne sigurnosne kompanije i pitanje odgovornosti"},"content":{"rendered":"<p><strong>Dr.sc. Mi\u0161o Mudri\u0107<\/strong><\/p>\n<p>Posljedi\u010dno nestabilnoj situaciji u zemljama Sjeverne Afrike i Bliskog istoka te sve ozbiljnijem migracijskom valu usmjerenom prema Europi, jo\u0161 prije nekoliko godina relativno siguran prostor Mediterana danas predstavlja sigurnosno ugro\u017eeno podru\u010dje \u2013 pojavnost koja zahtjeva sasvim novu paradigmu sigurnosnog djelovanja i prevencije.<\/p>\n<p>Uporaba sile, tradicionalno ograni\u010dena na djelovanje dr\u017eavnih institucija, po\u010detkom novog milenija postepeno se name\u0107e kao sine qua non vanjsko-politi\u010dkog djelovanja zapadnih zemalja, a \u0161to je poglavito primjetno u ratovima u Afganistanu i Iraku. Pojava privatnih kompanija koje pru\u017eaju uslugu naoru\u017eane pratnje na trgova\u010dkim brodovima koji prolaze kroz ugro\u017eene morske zone relativno je novijeg datuma i ve\u017ee se uz obalne dr\u017eave onih zemalja gdje je uru\u0161avanje politi\u010dkog sustava dovelo do sigurnosne nestabilnosti koja djeluje, kako unutar odre\u0111enog podru\u010dja, tako i prema van. Pravo pojedinca na uporabu oru\u017eane sile kao krajnje mjere obrane ve\u017ee se, i pravno opravdava, kroz institut prava pojedinca na samo-obranu.<\/p>\n<p>Pitanje za\u0161tite europskih morskih granica, posebno nagla\u0161eno u teku\u0107em razdoblju, otvara sasvim zasebno poglavlje sprege dr\u017eavnih odnosno supra-nacionalnih institucija i privatnih aktera, poglavito u vezi sa suzbijanjem organiziranog kriminala , ali i me\u0111unarodnim nastojanjima onemogu\u0107avanja djelovanja razli\u010ditih teroristi\u010dkih i povezanih skupina. Postoje\u0107i mehanizmi (poput europske agencije Frontex) sve vi\u0161e se nadopunjuju i komplimentiraju uslugama koje pru\u017ea privatni sektor, a u novije vrijeme posebno se razmatra mogu\u0107nost izravne uporabe privatnih pomorskih sigurnosnih kompanija u svrhu sigurnosne za\u0161tite osjetljivih to\u010daka europskih pomorskih granica.<\/p>\n<p>Po\u010detno istra\u017eivanje (i predstoje\u0107e izlaganje) usmjereno je na analizu prava pojedinca na samo-obranu, odnosno, iz toga izvedenog prava privatnih pomorskih sigurnosnih kompanija na uporabu naoru\u017eane sigurnosne za\u0161tite u svrhu za\u0161tite pomorskih brodova. \u010cinjenicom kako sudska praksa jo\u0161 uvijek ne nudi pravne presedane koji bi ponudili temelj za preispitivanje standarada uporabe oru\u017eane sile, prisutnih u odre\u0111enom broju pravno obvezuju\u0107ih nacionalnih propisa i pravno ne-obvezuju\u0107ih preporuka i standarada prisutnih u dokumentima stru\u010dnih udru\u017eenja i ostalih interesnih skupina , uspore\u0111uje se nedavno usvojena prvostupanjska odluka ameri\u010dkog suda u incidentu Nisour Square, Bagdad \u2013 slu\u010daj uporabe (pretjerane) oru\u017eane sile privatne sigurnosne kompanije Blackwater, usluga koja se pru\u017eala na kopnu \u2013 sa incidentom Enrica Lexie, Indija \u2013 slu\u010daj uporabe (pretjerane) oru\u017eane sile talijanskog vojnog kontingenta koji je \u0161titio talijanski tanker.<\/p>\n","protected":false},"excerpt":{"rendered":"<p>Dr.sc. Mi\u0161o Mudri\u0107 Posljedi\u010dno nestabilnoj situaciji u zemljama Sjeverne Afrike i Bliskog istoka te sve ozbiljnijem migracijskom valu usmjerenom prema Europi, jo\u0161 prije nekoliko godina relativno siguran prostor Mediterana danas predstavlja sigurnosno ugro\u017eeno podru\u010dje \u2013 pojavnost koja zahtjeva sasvim novu paradigmu sigurnosnog djelovanja i prevencije. Uporaba sile, tradicionalno ograni\u010dena na djelovanje dr\u017eavnih institucija, po\u010detkom novog&#8230;<\/p>\n","protected":false},"author":2,"featured_media":0,"parent":0,"menu_order":0,"comment_status":"closed","ping_status":"closed","template":"","meta":{"footnotes":""},"_links":{"self":[{"href":"https:\/\/transcrim.pravo.unizg.hr\/index.php\/wp-json\/wp\/v2\/pages\/170"}],"collection":[{"href":"https:\/\/transcrim.pravo.unizg.hr\/index.php\/wp-json\/wp\/v2\/pages"}],"about":[{"href":"https:\/\/transcrim.pravo.unizg.hr\/index.php\/wp-json\/wp\/v2\/types\/page"}],"author":[{"embeddable":true,"href":"https:\/\/transcrim.pravo.unizg.hr\/index.php\/wp-json\/wp\/v2\/users\/2"}],"replies":[{"embeddable":true,"href":"https:\/\/transcrim.pravo.unizg.hr\/index.php\/wp-json\/wp\/v2\/comments?post=170"}],"version-history":[{"count":0,"href":"https:\/\/transcrim.pravo.unizg.hr\/index.php\/wp-json\/wp\/v2\/pages\/170\/revisions"}],"wp:attachment":[{"href":"https:\/\/transcrim.pravo.unizg.hr\/index.php\/wp-json\/wp\/v2\/media?parent=170"}],"curies":[{"name":"wp","href":"https:\/\/api.w.org\/{rel}","templated":true}]}}