{"id":276,"date":"2015-11-04T18:27:32","date_gmt":"2015-11-04T18:27:32","guid":{"rendered":"http:\/\/transcrim.pravo.unizg.hr\/?page_id=276"},"modified":"2015-11-17T15:14:04","modified_gmt":"2015-11-17T15:14:04","slug":"suncana-roksandic-vidlicka","status":"publish","type":"page","link":"https:\/\/transcrim.pravo.unizg.hr\/index.php\/suncana-roksandic-vidlicka\/","title":{"rendered":"Sun\u010dana Roksandi\u0107 Vidli\u010dka"},"content":{"rendered":"","protected":false},"excerpt":{"rendered":"","protected":false},"author":2,"featured_media":0,"parent":0,"menu_order":0,"comment_status":"closed","ping_status":"closed","template":"","meta":{"footnotes":""},"class_list":["post-276","page","type-page","status-publish","hentry"],"_links":{"self":[{"href":"https:\/\/transcrim.pravo.unizg.hr\/index.php\/wp-json\/wp\/v2\/pages\/276","targetHints":{"allow":["GET"]}}],"collection":[{"href":"https:\/\/transcrim.pravo.unizg.hr\/index.php\/wp-json\/wp\/v2\/pages"}],"about":[{"href":"https:\/\/transcrim.pravo.unizg.hr\/index.php\/wp-json\/wp\/v2\/types\/page"}],"author":[{"embeddable":true,"href":"https:\/\/transcrim.pravo.unizg.hr\/index.php\/wp-json\/wp\/v2\/users\/2"}],"replies":[{"embeddable":true,"href":"https:\/\/transcrim.pravo.unizg.hr\/index.php\/wp-json\/wp\/v2\/comments?post=276"}],"version-history":[{"count":0,"href":"https:\/\/transcrim.pravo.unizg.hr\/index.php\/wp-json\/wp\/v2\/pages\/276\/revisions"}],"wp:attachment":[{"href":"https:\/\/transcrim.pravo.unizg.hr\/index.php\/wp-json\/wp\/v2\/media?parent=276"}],"curies":[{"name":"wp","href":"https:\/\/api.w.org\/{rel}","templated":true}]}}