{"id":331,"date":"2015-11-13T11:24:54","date_gmt":"2015-11-13T11:24:54","guid":{"rendered":"http:\/\/transcrim.pravo.unizg.hr\/?page_id=331"},"modified":"2016-01-26T15:57:30","modified_gmt":"2016-01-26T15:57:30","slug":"programme","status":"publish","type":"page","link":"https:\/\/transcrim.pravo.unizg.hr\/index.php\/programme\/","title":{"rendered":"Programme"},"content":{"rendered":"<div><span style=\"font-size: 14pt;\"><strong><span class=\"portlet_main_titlebar\">INTERNATIONAL SPRING COURSE &amp; ADRIATIC MOOT COURT COMPETITION 2016<\/span><\/strong><\/span><\/div>\n<p><strong><br \/>\n<\/strong><\/p>\n<p><strong>Sunday, March 20<\/strong><br \/>\n12.30 &#8211; 13.00 Registration of Participants<br \/>\n13.00 &#8211; 13.30 Welcome and Introduction of the founding Course director: Davor Deren\u010dinovi\u0107 (University of Zagreb, Croatia)<br \/>\n13:30 &#8211; 14.00 IUC Reception<br \/>\n14.00 &#8211; 14.45 Richard P. Farkas (DePaul University, Chicago, USA): Technology and Criminal Law: Revisiting the Story of the Rabbit and the Tortoise<br \/>\n14.45 &#8211; 15.30 Hans-J\u00f6rg Albrecht (Max Planck Institute for Foreign and International Criminal Law, Germany): Surveillance, Technology, and Criminological Theory<br \/>\n15.30 &#8211; 16.00 Discussion<\/p>\n<p><strong>Monday, March 21<\/strong><br \/>\n10.00 &#8211; 10.30 Pero Maldini (University of Dubrovnik, Croatia): The Political and Legal implications of ICT-mediated Information: Between the public&#8217;s right to information and crime<br \/>\n10.30 \u2013 11.00 Marko Juri\u0107 (University of Zagreb, Croatia): Surveillance of electronic communications in the case law of the European Court of Human Rights and the Court of Justice of the EU<br \/>\n11.00 &#8211; 11.30 Coffee break<br \/>\n11.30 \u2013 12.00 Svetlana Paramonova (University of Zagreb, Croatia): Legal Jurisdiction in Cyber Space<br \/>\n12.00 &#8211; 12.30 Discussion<br \/>\n12.30 &#8211; 14.30 Lunch break<br \/>\n14.30 &#8211; 15.30 Steven Becker (DePaul University, Chicago, USA): Introduction to the Moot Court Case<br \/>\n15.30 &#8211; Dubrovnik Sightseeing<\/p>\n<p><strong>Tuesday, March 22<\/strong><br \/>\n10.00 &#8211; 10.30 Michael Kilchling (Max Planck Institute for Foreign and International Criminal Law, Germany): Privacy versus Crime Control: Data surveillance in the telecommunication and banking sectors<br \/>\n10.30 &#8211; 11.00 Tihomir Katuli\u0107 (University of Zagreb, Croatia): Digital Rights Management and Technical Protection Measures &#8211; From DigitalMillenium Copyright Act and European Copyright Directive to Darknet<br \/>\n11.00 &#8211; 11.30 Coffee break<br \/>\n11.30 &#8211; 12.00 Maja Munivrana Vajda (University of Zagreb, Croatia): Words can hurt \u2013 fighting (online) hate speech through criminal law<br \/>\n12.00 &#8211; 12.30 Discussion<br \/>\n12.30 &#8211; 14.00 Lunch break<br \/>\n14.00 &#8211; 17.15 Moot Court Competition Preparation<\/p>\n<p><strong>Wednesday, March 23<\/strong><br \/>\n10.00 \u2013 10.30 Nikola Tupanceski (Ss. Cyril and Methodius University, Macedonia): Cyber Criminal Law &#8211; a Challange of The New Age<br \/>\n10.30 \u2013 11.00 Gleb Bogush (Lomonosov University, Russia): Freedom of Expression Online and the Role of Criminal Law<br \/>\n11.00 &#8211; 11.30 Discussion<br \/>\n11.30 &#8211; 11.45 Coffee break<br \/>\n11.45 &#8211; 12.30 Hrvoje Lisi\u010dar and Sun\u010dana Roksandi\u0107 Vidli\u010dka (University of Zagreb, Croatia): The Role of Information Technology in Human Trafficking and Terrorism and their Prevention<br \/>\n12.30 &#8211; 12.45 Discussion<br \/>\n12.45 &#8211; 14.30 Lunch break<br \/>\n14.30 &#8211; 17.00 PhD Student Presentations<\/p>\n<p><strong>Thursday, March 24<\/strong><br \/>\n10.15 -11.00 Hannes Tretter (University of Vienna, Austria): Data Protection and Criminal Law<br \/>\n11.00 &#8211; 11.30 Nina Gumzej (University of Zagreb, Croatia): Role of Technology in the New Directive on Data Protection in Police and Judicial Cooperation in Criminal Matters<br \/>\n11.30 &#8211; 12.00 Discussion<br \/>\n12.00 &#8211; 13.30 Lunch break<br \/>\n13.30 &#8211; 15.15 Moot Court Competition<br \/>\n15.15 &#8211; 15.30 Coffe Break<br \/>\n15.30 &#8211; 17.15 Moot Court Competition<\/p>\n<p><strong>Friday, March 25<\/strong><br \/>\n10.00 &#8211; 11.30 Moot Court Competition &#8211; Final<br \/>\n11:30 &#8211; 12:00 Course Conclusions<br \/>\n12:00 \u2013 12:30 Distribution of Certificates<\/p>\n","protected":false},"excerpt":{"rendered":"<p>INTERNATIONAL SPRING COURSE &amp; ADRIATIC MOOT COURT COMPETITION 2016 Sunday, March 20 12.30 &#8211; 13.00 Registration of Participants 13.00 &#8211; 13.30 Welcome and Introduction of the founding Course director: Davor Deren\u010dinovi\u0107 (University of Zagreb, Croatia) 13:30 &#8211; 14.00 IUC Reception 14.00 &#8211; 14.45 Richard P. Farkas (DePaul University, Chicago, USA): Technology and Criminal Law: Revisiting&#8230;<\/p>\n","protected":false},"author":2,"featured_media":0,"parent":0,"menu_order":0,"comment_status":"closed","ping_status":"closed","template":"","meta":{"footnotes":""},"_links":{"self":[{"href":"https:\/\/transcrim.pravo.unizg.hr\/index.php\/wp-json\/wp\/v2\/pages\/331"}],"collection":[{"href":"https:\/\/transcrim.pravo.unizg.hr\/index.php\/wp-json\/wp\/v2\/pages"}],"about":[{"href":"https:\/\/transcrim.pravo.unizg.hr\/index.php\/wp-json\/wp\/v2\/types\/page"}],"author":[{"embeddable":true,"href":"https:\/\/transcrim.pravo.unizg.hr\/index.php\/wp-json\/wp\/v2\/users\/2"}],"replies":[{"embeddable":true,"href":"https:\/\/transcrim.pravo.unizg.hr\/index.php\/wp-json\/wp\/v2\/comments?post=331"}],"version-history":[{"count":0,"href":"https:\/\/transcrim.pravo.unizg.hr\/index.php\/wp-json\/wp\/v2\/pages\/331\/revisions"}],"wp:attachment":[{"href":"https:\/\/transcrim.pravo.unizg.hr\/index.php\/wp-json\/wp\/v2\/media?parent=331"}],"curies":[{"name":"wp","href":"https:\/\/api.w.org\/{rel}","templated":true}]}}