{"id":440,"date":"2016-01-12T05:53:44","date_gmt":"2016-01-12T05:53:44","guid":{"rendered":"http:\/\/transcrim.pravo.unizg.hr\/?page_id=440"},"modified":"2016-01-19T00:15:31","modified_gmt":"2016-01-19T00:15:31","slug":"scientific-papers-2015","status":"publish","type":"page","link":"https:\/\/transcrim.pravo.unizg.hr\/index.php\/scientific-papers-2015\/","title":{"rendered":"Scientific Papers 2015"},"content":{"rendered":"<p style=\"text-align: center;\"><a href=\"https:\/\/transcrim.pravo.unizg.hr\/wp-content\/uploads\/2016\/01\/HRZZ-LOGO.png\" rel=\"attachment wp-att-467\"><img loading=\"lazy\" decoding=\"async\" class=\"size-full wp-image-467 aligncenter\" src=\"https:\/\/transcrim.pravo.unizg.hr\/wp-content\/uploads\/2016\/01\/HRZZ-LOGO.png\" alt=\"HRZZ LOGO\" width=\"214\" height=\"81\" \/><\/a><\/p>\n<p style=\"text-align: center;\">BAZA ZNANSTVENIH RADOVA &#8211;\u00a0ZNANSTVENI RADOVI\u00a0PISANI I OBJAVLJENI U 2015. GODINI\u00a0U OKVIRU POTPORE HRVATSKE ZAKLADE ZA ZNANOST I ODOBRENOG PROJEKTA POD BR. 1949.<\/p>\n<p style=\"text-align: center;\"><strong>\u201cMULTIDISCIPLINARY RESEARCH CLUSTER ON CRIME IN TRANSITION &#8211; TRAFFICKING IN HUMAN BEINGS, CORRUPTION AND ECONOMIC CRIME.\u201d<\/strong><\/p>\n<br \/>\n<p><a href=\"https:\/\/transcrim.pravo.unizg.hr\/wp-content\/uploads\/2016\/01\/Prof.dr_.sc_.Davor-Derencinovic-Comparative-Perspectives-On-Non-Punishment-of-Victims-of-Trafficking-in-Human-Beings.pdf\">1. Prof.dr.sc.Davor Deren\u010dinovi\u0107: Comparative Perspectives On Non-Punishment of Victims of Trafficking in Human Beings, Annales de la Faculte de Droit d\u2019Istanbul, XLVI, N. 63, 3-20, 2014.<\/a><\/p>\n<p><a href=\"https:\/\/transcrim.pravo.unizg.hr\/wp-content\/uploads\/2016\/01\/Derencinovic_Kratak-pregled-pravnog-okvira-za-suzbijanje-organiziranog-kriminala-u-prostoru-sigurnosti-slobode-i-pravde-Europske-unije.pdf\">2. Prof.dr.sc.Davor Deren\u010dinovi\u0107: Kratak pregled pravnog okvira za suzbijanje organiziranog kriminala u prostoru sigurnosti, slobode i pravde Europske unije, Godi\u0161njak Akademije pravnih znanosti Hrvatske, 1\/2014, 40-53<\/a><\/p>\n<p><a href=\"https:\/\/transcrim.pravo.unizg.hr\/wp-content\/uploads\/2016\/01\/Prof.dr_.sc_.Davor-Derencinovic-Rethinki-ng-Trafficking-in-Human-Beings-\u2013-Towards-International-Coalition-of-Academics-Against-Trafficking-in-Human-Beings.pdf\">3. Prof.dr.sc.Davor Deren\u010dinovi\u0107: Rethinking Trafficking in Human Beings \u2013 Towards International Coalition of Academics Against Trafficking in Human Beings (TRACE), International Journal of Sustainable Human Security, Volume 2, Year 2014-2015 Number 1 (December), str. 189.-201.<\/a><\/p>\n<p><a href=\"https:\/\/transcrim.pravo.unizg.hr\/wp-content\/uploads\/2016\/01\/Dr.-sc.-Vanda-Bozic-dr.sc-.Hrvoje-Lisi\u010dar-dr.sc_.Mi\u0161o-Mudri\u0107-KAZNENOPRAVNI-ASPEKTI-KRIJUM\u010cARENJA-LJUDI.pdf\">4. Dr. sc. Vanda Bo\u017ei\u0107, doc. dr. sc. Hrvoje Lisi\u010dar,dr. sc. Mi\u0161o Mudri\u0107: Kaznenopravni aspekti krijum\u010darenja ljudi u Republici Hrvatskoj s osvrtom na\u00a0 mediteransku krizu &#8211; analiza stanja i preporuke de lege ferenda,Pravni \u017eivot, \u010dasopis za pravnu teoriju i praksu, Zbornik me\u0111unarodne konferencije &#8220;Kopaoni\u010dke \u0161kole prava,&#8221; broj 9, 2015.godina, izdava\u010d: Udru\u017eenje pravnika Srbije, str.283-301<\/a><\/p>\n<p><a href=\"https:\/\/transcrim.pravo.unizg.hr\/wp-content\/uploads\/2016\/01\/dr.sc_.Vanda-Bo\u017ei\u0107-Kazneno-djelo-primanja-mita-kroz-prizmu-korupcije-izme\u0161u-ugovornih-lije\u010dnika-obiteljske-medicine-i-tvornice-lijekova-Godi\u0161njak-Akademije-pravnih-znanosti-Vol-VI-12015.pdf\">5. Dr. sc. Vanda Bo\u017ei\u0107: Kazneno djelo primanja mita kroz prizmu korupcije izme\u0111u ugovornih lije\u010dnika obiteljske medicine i tvornice lijekova, Godi\u0161njak Akademije pravnih znanosti, Vol.VI, broj 1\/2015, Izdava\u010d:Akademija pravnih znanosti Hrvatske, str.101-150<\/a><\/p>\n<p><a href=\"https:\/\/transcrim.pravo.unizg.hr\/wp-content\/uploads\/2016\/01\/dr.sc_.Vanda-Bozic-KRIJUMCARE-NJE-LJUDI-I-TRGOVANJE-LJUDIMA-U-HRVATSKOM-KAZNENOM-ZAKONODAVSTVU-I-SUDSKOJ-PRAKSI.pdf\">6. Dr. sc. Vanda Bo\u017ei\u0107: Krijum\u010darenje ljudi i trgovanje ljudima u hrvatskom kaznenom zakonodavstvu i sudskoj praksi (analiza stanja de lege lata uz prijedloge de lege ferenda), Zbornik Pravnog fakulteta u Rijeci, broj 2\/2015, Izdava\u010d: Pravni fakultet u Rijeci, v. 36, br. 2, str. 845-874<\/a><\/p>\n<p><a href=\"https:\/\/transcrim.pravo.unizg.hr\/wp-content\/uploads\/2016\/01\/dr.sc_.Suncana-Roksandic-Vidlicka-POSSI-BLE-FUTURE-CHALLENGE-FOR-THE-ECTHR.pdf\">7. Dr.sc.Sun\u010dana Roksandi\u0107 Vidli\u010dka:Possible Future Challenge for the ECtHR?: Importance of the Act on Exemption and the Sanader Case for Transitional Justice Jurisprudence and the Development of Transitional Justice Policies, Zbornik Pravnog fakulteta u Zagrebu, 64 (2014), 5\/6; str.1091-1119 (objavljeno u 2015)<\/a><\/p>\n<p><a href=\"https:\/\/www.routledge.com\/products\/9780415722148\">8. Novoselec, Petar; Roksandi\u0107 Vidli\u010dka, Sun\u010dana; Mar\u0161avelski, Aleksandar: Retroactive prosecution of transitional economic crimes in Croatia \u2013 testing the legal principles and human rights,u knjizi The Routledge Handbook of White-Collar and Corporate Crime in Europe, Izdava\u010d: Routledge, 2015, str.198-217<\/a><\/p>\n<p><a href=\"https:\/\/transcrim.pravo.unizg.hr\/wp-content\/uploads\/2016\/01\/Roksandic_Marsavelski-Criminal-responsibility-of-political-parties-for-economic-crime.pdf\">9. Roksandi\u0107 Vidli\u010dka, Sun\u010dana; Mar\u0161avelski, Aleksandar: Criminal responsibility of political parties for economic crime : Democracy on test, u knjizi The 15th Cross-border Crime Colloquium of The Criminal Policy Research Centre &#8220;The Relativity of Wrongdoing : Corruption, organized crime, fraud and money laundering in perspective&#8221; : proceedings \/ Van Duyne, Petrus C. ; Maljevi\u0107, Almir ; Antonopoulos, Georgios A. ; Harvey, Jackie ; Von Lampe, Klaus (ur.). &#8211; Oisterwijk : Wolf Legal Publishers , 2015., str. 329-346<\/a><\/p>\n<p><a href=\"https:\/\/transcrim.pravo.unizg.hr\/wp-content\/uploads\/2016\/01\/Roksandic_Galjer-Politicko-gospodarski-kriminalitet-i-prosireno-oduzimanje-imovinske-koristi.pdf\">10. Dr.sc.Sun\u010dana Roksandi\u0107 Vidli\u010dka, Galjer \u0160amota, Marta: Politi\u010dko-gospodarski kriminalitet i pro\u0161ireno oduzimanje imovinske koristi: Quo vadis Hrvatska?, Hrvatski ljetopis za kazneno pravo i praksu, Vol. 22 -br.2 (2015), str. 523-558.<\/a><\/p>\n<p><a href=\"https:\/\/transcrim.pravo.unizg.hr\/wp-content\/uploads\/2016\/01\/dr.sc_.Nina-Gumzej-Pravo-na-zab-orav-i-globalni-internet-izvr\u0161avanje-zahtjeva-za-uklanjanje-poveznica-na-pretra\u017eiva\u010dima.pdf\">11. Doc.dr.sc. Nina Gumzej: Pravo na zaborav i globalni internet: izvr\u0161avanje zahtjeva za uklanjanje poveznica na pretra\u017eiva\u010dima,\u00a0 Dru\u0161tvo i tehnologija DIT-2015 dr. Juraj Plenkovi\u0107, Opatija, 28. &#8211; 30.06.2015, Book of Manuscripts, Plenkovi\u0107, Toplak and Gali\u010di\u0107 (Eds.), Zagreb: Croatian Communication Association, Alma Mater Europaea \u2013 ECM \u2013 the University for Leadership and International Federation of Communication Associations (IFCA), 2015, pp. 224-244.<\/a><\/p>\n<p><a href=\"https:\/\/transcrim.pravo.unizg.hr\/wp-content\/uploads\/2016\/01\/dr.sc_.Tihomir-Katulic-Protect-ion-of-Computer-Programs-in-Comparative-Law-Current-Issues-and-Development-Perspective.pdf\">12. Dr.sc. Tihomir Katuli\u0107: Protection of Computer Programs in Comparative Law: Current Issues and Development Perspective, Zbornik Pravnog fakulteta u Zagrebu. 65 (2015) \u00a02; 237-262<\/a><\/p>\n<p><a href=\"https:\/\/transcrim.pravo.unizg.hr\/wp-content\/uploads\/2016\/01\/dr-Peter-J.Henning-IS-DETERRENCE-RELEVANT-IN-SENTENCING-WHITE-COLLAR-CRIMINALS.pdf\">13. Prof.dr. Peter J. Henning: Is Deterrence Relevant in Sentencing White-Collar Defendants? 61 Wayne Law Review 27 (2015), Wayne State University Law School Research Paper No. 2015-04, Number of Pages in PDF File: 34<\/a><\/p>\n","protected":false},"excerpt":{"rendered":"<p>BAZA ZNANSTVENIH RADOVA &#8211;\u00a0ZNANSTVENI RADOVI\u00a0PISANI I OBJAVLJENI U 2015. GODINI\u00a0U OKVIRU POTPORE HRVATSKE ZAKLADE ZA ZNANOST I ODOBRENOG PROJEKTA POD BR. 1949. \u201cMULTIDISCIPLINARY RESEARCH CLUSTER ON CRIME IN TRANSITION &#8211; TRAFFICKING IN HUMAN BEINGS, CORRUPTION AND ECONOMIC CRIME.\u201d 1. Prof.dr.sc.Davor Deren\u010dinovi\u0107: Comparative Perspectives On Non-Punishment of Victims of Trafficking in Human Beings, Annales de la&#8230;<\/p>\n","protected":false},"author":2,"featured_media":0,"parent":0,"menu_order":0,"comment_status":"closed","ping_status":"closed","template":"","meta":{"footnotes":""},"_links":{"self":[{"href":"https:\/\/transcrim.pravo.unizg.hr\/index.php\/wp-json\/wp\/v2\/pages\/440"}],"collection":[{"href":"https:\/\/transcrim.pravo.unizg.hr\/index.php\/wp-json\/wp\/v2\/pages"}],"about":[{"href":"https:\/\/transcrim.pravo.unizg.hr\/index.php\/wp-json\/wp\/v2\/types\/page"}],"author":[{"embeddable":true,"href":"https:\/\/transcrim.pravo.unizg.hr\/index.php\/wp-json\/wp\/v2\/users\/2"}],"replies":[{"embeddable":true,"href":"https:\/\/transcrim.pravo.unizg.hr\/index.php\/wp-json\/wp\/v2\/comments?post=440"}],"version-history":[{"count":0,"href":"https:\/\/transcrim.pravo.unizg.hr\/index.php\/wp-json\/wp\/v2\/pages\/440\/revisions"}],"wp:attachment":[{"href":"https:\/\/transcrim.pravo.unizg.hr\/index.php\/wp-json\/wp\/v2\/media?parent=440"}],"curies":[{"name":"wp","href":"https:\/\/api.w.org\/{rel}","templated":true}]}}