{"id":526,"date":"2016-01-19T00:24:10","date_gmt":"2016-01-19T00:24:10","guid":{"rendered":"http:\/\/transcrim.pravo.unizg.hr\/?page_id=526"},"modified":"2016-07-15T14:23:24","modified_gmt":"2016-07-15T14:23:24","slug":"legal-framework-analysis","status":"publish","type":"page","link":"https:\/\/transcrim.pravo.unizg.hr\/index.php\/legal-framework-analysis\/","title":{"rendered":"Legal framework analysis"},"content":{"rendered":"<ol>\n<li>Doc.dr.sc. Maja Munivrana Vajda, Dr.sc. Marta Dragi\u010devi\u0107 Prtenja\u010da, Dr.sc. Aleksandar Mar\u0161avelski &#8211; <em>\u017drtve trgovanja ljudima kao po\u010dinitelji kaznenih djela &#8211; poredbeni pristupi klauzuli o neka\u017enjavanju<\/em>\u00a0(<em>Rad je u postupku objavljivanja<\/em>.)<\/li>\n<\/ol>\n<p>2.\u00a0<a href=\"https:\/\/transcrim.pravo.unizg.hr\/wp-content\/uploads\/2016\/01\/Regrutiranje-i-vrbovanje-zrtav-a-kaznenog-djela-trgovanja-ljudima-putem-Interneta-Istra\u017eivanje-i-komparativna-analiza.pdf\">Prof.dr.sc.Dra\u017een Dragi\u010devi\u0107 doc.dr.sc. Hrvoje Lisi\u010dar doc.dr.sc. Marko Juri\u0107 doc.dr.sc. Tihomir Katuli\u0107 doc.dr.sc. Nina Gumzej dr.sc. Vanda Bo\u017ei\u0107 &#8211; \u00a0REGRUTIRANJE I VRBOVANJE \u017dRTAVA KAZNENOG DJELA TRGOVANJA LJUDIMA PUTEM INTERNETA &#8211; ISTRA\u017dIVANJE I KOMPARATIVNA ANALIZA\u00a0<\/a><\/p>\n","protected":false},"excerpt":{"rendered":"<p>Doc.dr.sc. Maja Munivrana Vajda, Dr.sc. Marta Dragi\u010devi\u0107 Prtenja\u010da, Dr.sc. Aleksandar Mar\u0161avelski &#8211; \u017drtve trgovanja ljudima kao po\u010dinitelji kaznenih djela &#8211; poredbeni pristupi klauzuli o neka\u017enjavanju\u00a0(Rad je u postupku objavljivanja.) 2.\u00a0Prof.dr.sc.Dra\u017een Dragi\u010devi\u0107 doc.dr.sc. Hrvoje Lisi\u010dar doc.dr.sc. Marko Juri\u0107 doc.dr.sc. Tihomir Katuli\u0107 doc.dr.sc. Nina Gumzej dr.sc. Vanda Bo\u017ei\u0107 &#8211; \u00a0REGRUTIRANJE I VRBOVANJE \u017dRTAVA KAZNENOG DJELA TRGOVANJA LJUDIMA&#8230;<\/p>\n","protected":false},"author":2,"featured_media":0,"parent":0,"menu_order":0,"comment_status":"closed","ping_status":"closed","template":"","meta":{"footnotes":""},"_links":{"self":[{"href":"https:\/\/transcrim.pravo.unizg.hr\/index.php\/wp-json\/wp\/v2\/pages\/526"}],"collection":[{"href":"https:\/\/transcrim.pravo.unizg.hr\/index.php\/wp-json\/wp\/v2\/pages"}],"about":[{"href":"https:\/\/transcrim.pravo.unizg.hr\/index.php\/wp-json\/wp\/v2\/types\/page"}],"author":[{"embeddable":true,"href":"https:\/\/transcrim.pravo.unizg.hr\/index.php\/wp-json\/wp\/v2\/users\/2"}],"replies":[{"embeddable":true,"href":"https:\/\/transcrim.pravo.unizg.hr\/index.php\/wp-json\/wp\/v2\/comments?post=526"}],"version-history":[{"count":0,"href":"https:\/\/transcrim.pravo.unizg.hr\/index.php\/wp-json\/wp\/v2\/pages\/526\/revisions"}],"wp:attachment":[{"href":"https:\/\/transcrim.pravo.unizg.hr\/index.php\/wp-json\/wp\/v2\/media?parent=526"}],"curies":[{"name":"wp","href":"https:\/\/api.w.org\/{rel}","templated":true}]}}