{"id":607,"date":"2016-01-26T17:26:30","date_gmt":"2016-01-26T17:26:30","guid":{"rendered":"http:\/\/transcrim.pravo.unizg.hr\/?page_id=607"},"modified":"2016-01-26T20:20:13","modified_gmt":"2016-01-26T20:20:13","slug":"trafdata3","status":"publish","type":"page","link":"https:\/\/transcrim.pravo.unizg.hr\/index.php\/trafdata3\/","title":{"rendered":"<h3>Database on THB and Development of Quantitative Indicators for Evaluating Implementation of THB Policies<\/h3>"},"content":{"rendered":"<br \/>\n<table border=\"0\" width=\"80%\">\n<tbody>\n<tr>\n<td>\n<table border=\"0\" width=\"200\" align=\"right\">\n<tbody>\n<tr>\n<td style=\"text-align: center;\" width=\"60\">\u00a0<a href=\"https:\/\/transcrim.pravo.unizg.hr\/index.php\/trafdata2\/\">Previous<\/a><\/td>\n<td style=\"text-align: center;\" width=\"40\"><a href=\"https:\/\/transcrim.pravo.unizg.hr\/index.php\/trafdata2\/\"><img loading=\"lazy\" decoding=\"async\" class=\"aligncenter wp-image-583 size-full\" src=\"https:\/\/transcrim.pravo.unizg.hr\/wp-content\/uploads\/2016\/01\/panel_left_over-e1453826653583.png\" alt=\"panel_left_over\" width=\"20\" height=\"20\" \/><\/a><\/td>\n<td style=\"text-align: center;\" width=\"40\"><a href=\"https:\/\/transcrim.pravo.unizg.hr\/index.php\/trafdata4\/\"><img loading=\"lazy\" decoding=\"async\" class=\"size-full wp-image-584 aligncenter\" src=\"https:\/\/transcrim.pravo.unizg.hr\/wp-content\/uploads\/2016\/01\/panel_right_over-e1453826639441.png\" alt=\"panel_right_over\" width=\"20\" height=\"20\" \/><\/a><\/td>\n<td style=\"text-align: left;\" width=\"60\">\u00a0<a href=\"https:\/\/transcrim.pravo.unizg.hr\/index.php\/trafdata4\/\">Next<\/a><\/td>\n<\/tr>\n<\/tbody>\n<\/table>\n<\/td>\n<\/tr>\n<tr>\n<td>\u00a0\u00a0\u00a0<h2 id=\"tablepress-7-name\" class=\"tablepress-table-name tablepress-table-name-id-7\"><h5>O\u0161te\u0107ene osobe kaznenim djelom protuzakonitog ula\u017eenja, kretanja i boravka u RH u 2014. i 2013. godini<\/h5><\/h2>\n\n<table id=\"tablepress-7\" class=\"tablepress tablepress-id-7\" aria-labelledby=\"tablepress-7-name\">\n<thead>\n<tr class=\"row-1\">\n\t<th colspan=\"15\" class=\"column-1\">\u010clanak 326. KZ, protuzakonito ula\u017eenje, kretanje i boravak u RH 2014. godine<\/th>\n<\/tr>\n<\/thead>\n<tbody class=\"row-striping row-hover\">\n<tr class=\"row-2\">\n\t<td class=\"column-1\">Godina<\/td><td class=\"column-2\">O\u009a\u0161te\u0107eni<\/td><td class=\"column-3\">Pravne osobe<\/td><td class=\"column-4\">Fizi\u010dke osobe<\/td><td class=\"column-5\">M<\/td><td class=\"column-6\">\u008e\u017d<\/td><td class=\"column-7\">Djeca do 14<\/td><td class=\"column-8\">14-22<\/td><td class=\"column-9\">22-26<\/td><td class=\"column-10\">26-30<\/td><td class=\"column-11\">30-40<\/td><td class=\"column-12\">40-50<\/td><td class=\"column-13\">50-60<\/td><td class=\"column-14\">+ 60<\/td><td class=\"column-15\">Stranci<\/td>\n<\/tr>\n<tr class=\"row-3\">\n\t<td class=\"column-1\">2014<\/td><td class=\"column-2\">14<\/td><td class=\"column-3\">12<\/td><td class=\"column-4\">2<\/td><td class=\"column-5\">2<\/td><td class=\"column-6\">-<\/td><td class=\"column-7\">-<\/td><td class=\"column-8\">-<\/td><td class=\"column-9\">-<\/td><td class=\"column-10\">1<\/td><td class=\"column-11\">-<\/td><td class=\"column-12\">1<\/td><td class=\"column-13\">-<\/td><td class=\"column-14\">-<\/td><td class=\"column-15\">1<\/td>\n<\/tr>\n<tr class=\"row-4\">\n\t<td class=\"column-1\">2013<\/td><td class=\"column-2\">56<\/td><td class=\"column-3\">54<\/td><td class=\"column-4\">2<\/td><td class=\"column-5\">2<\/td><td class=\"column-6\">-<\/td><td class=\"column-7\">-<\/td><td class=\"column-8\">-<\/td><td class=\"column-9\">1<\/td><td class=\"column-10\">1<\/td><td class=\"column-11\">-<\/td><td class=\"column-12\">-<\/td><td class=\"column-13\">-<\/td><td class=\"column-14\">-<\/td><td class=\"column-15\">-<\/td>\n<\/tr>\n<\/tbody>\n<\/table>\n<!-- #tablepress-7 from cache --><\/td>\n<\/tr>\n<tr>\n<td><\/td>\n<\/tr>\n<\/tbody>\n<\/table>\n<br \/>\n","protected":false},"excerpt":{"rendered":"<p>\u00a0Previous \u00a0Next \u00a0\u00a0\u00a0<\/p>\n","protected":false},"author":2,"featured_media":0,"parent":0,"menu_order":0,"comment_status":"closed","ping_status":"closed","template":"","meta":{"footnotes":""},"class_list":["post-607","page","type-page","status-publish","hentry"],"_links":{"self":[{"href":"https:\/\/transcrim.pravo.unizg.hr\/index.php\/wp-json\/wp\/v2\/pages\/607","targetHints":{"allow":["GET"]}}],"collection":[{"href":"https:\/\/transcrim.pravo.unizg.hr\/index.php\/wp-json\/wp\/v2\/pages"}],"about":[{"href":"https:\/\/transcrim.pravo.unizg.hr\/index.php\/wp-json\/wp\/v2\/types\/page"}],"author":[{"embeddable":true,"href":"https:\/\/transcrim.pravo.unizg.hr\/index.php\/wp-json\/wp\/v2\/users\/2"}],"replies":[{"embeddable":true,"href":"https:\/\/transcrim.pravo.unizg.hr\/index.php\/wp-json\/wp\/v2\/comments?post=607"}],"version-history":[{"count":0,"href":"https:\/\/transcrim.pravo.unizg.hr\/index.php\/wp-json\/wp\/v2\/pages\/607\/revisions"}],"wp:attachment":[{"href":"https:\/\/transcrim.pravo.unizg.hr\/index.php\/wp-json\/wp\/v2\/media?parent=607"}],"curies":[{"name":"wp","href":"https:\/\/api.w.org\/{rel}","templated":true}]}}