{"id":645,"date":"2016-01-26T19:25:30","date_gmt":"2016-01-26T19:25:30","guid":{"rendered":"http:\/\/transcrim.pravo.unizg.hr\/?page_id=645"},"modified":"2016-01-26T20:23:10","modified_gmt":"2016-01-26T20:23:10","slug":"trafdata12","status":"publish","type":"page","link":"https:\/\/transcrim.pravo.unizg.hr\/index.php\/trafdata12\/","title":{"rendered":"<h3>Database on THB and Development of Quantitative Indicators for Evaluating Implementation of THB Policies<\/h3>"},"content":{"rendered":"<br \/>\n<table border=\"0\" width=\"80%\">\n<tbody>\n<tr>\n<td>\n<table border=\"0\" width=\"200\" align=\"right\">\n<tbody>\n<tr>\n<td style=\"text-align: center;\" width=\"60\">\u00a0<a href=\"https:\/\/transcrim.pravo.unizg.hr\/index.php\/trafdata11\/\">Previous<\/a><\/td>\n<td style=\"text-align: center;\" width=\"40\"><a href=\"https:\/\/transcrim.pravo.unizg.hr\/index.php\/trafdata11\/\"><img loading=\"lazy\" decoding=\"async\" class=\"wp-image-583 size-full aligncenter\" src=\"https:\/\/transcrim.pravo.unizg.hr\/wp-content\/uploads\/2016\/01\/panel_left_over-e1453826653583.png\" alt=\"panel_left_over\" width=\"20\" height=\"20\" \/><\/a><\/td>\n<td style=\"text-align: center;\" width=\"40\"><a href=\"https:\/\/transcrim.pravo.unizg.hr\/index.php\/trafdata\/\"><img loading=\"lazy\" decoding=\"async\" class=\"size-full wp-image-584 aligncenter\" src=\"https:\/\/transcrim.pravo.unizg.hr\/wp-content\/uploads\/2016\/01\/panel_right_over-e1453826639441.png\" alt=\"panel_right_over\" width=\"20\" height=\"20\" \/><\/a><\/td>\n<td style=\"text-align: left;\" width=\"60\">\u00a0<a href=\"https:\/\/transcrim.pravo.unizg.hr\/index.php\/trafdata\/\">Next<\/a><\/td>\n<\/tr>\n<\/tbody>\n<\/table>\n<\/td>\n<\/tr>\n<tr>\n<td>\u00a0\u00a0\u00a0<h2 id=\"tablepress-16-name\" class=\"tablepress-table-name tablepress-table-name-id-16\"><h5>Osu\u0111ene punoljetne osobe prema poku\u0161aju i izre\u010denim sankcijama  TRGOVANJE LJUDIMA <\/h5><\/h2>\n\n<table id=\"tablepress-16\" class=\"tablepress tablepress-id-16\" aria-labelledby=\"tablepress-16-name\">\n<thead>\n<tr class=\"row-1 odd\">\n\t<th class=\"column-1\"><\/th><th class=\"column-2\">2013<br \/>\n\u010dl.106. Trgovanje ljudima<\/th><th class=\"column-3\">2012<br \/>\n\u010dl.175. Trgovanje ljudima i ropstvo<\/th>\n<\/tr>\n<\/thead>\n<tbody class=\"row-hover\">\n<tr class=\"row-2 even\">\n\t<td class=\"column-1\">Ukupno<\/td><td class=\"column-2\">1<\/td><td class=\"column-3\">2<\/td>\n<\/tr>\n<tr class=\"row-3 odd\">\n\t<td class=\"column-1\">\u017d\u008eene<\/td><td class=\"column-2\">-<\/td><td class=\"column-3\">-<\/td>\n<\/tr>\n<tr class=\"row-4 even\">\n\t<td class=\"column-1\">Poku\u009a\u0161aj<\/td><td class=\"column-2\">-<\/td><td class=\"column-3\">-<\/td>\n<\/tr>\n<tr class=\"row-5 odd\">\n\t<td class=\"column-1\">Zatvorska kazna<\/td><td class=\"column-2\">1<\/td><td class=\"column-3\">2<\/td>\n<\/tr>\n<tr class=\"row-6 even\">\n\t<td class=\"column-1\">Ukupno 2.-3. godine<\/td><td class=\"column-2\">1<\/td><td class=\"column-3\">-<\/td>\n<\/tr>\n<tr class=\"row-7 odd\">\n\t<td class=\"column-1\">Uvjetno 2.-3. godine<\/td><td class=\"column-2\">-<\/td><td class=\"column-3\">-<\/td>\n<\/tr>\n<tr class=\"row-8 even\">\n\t<td class=\"column-1\">Ukupno 1.-2. godine<\/td><td class=\"column-2\">-<\/td><td class=\"column-3\">1<\/td>\n<\/tr>\n<tr class=\"row-9 odd\">\n\t<td class=\"column-1\">Uvjetno 1.-2. godine<\/td><td class=\"column-2\">-<\/td><td class=\"column-3\">-<\/td>\n<\/tr>\n<tr class=\"row-10 even\">\n\t<td class=\"column-1\">Ukupno 6.-12. mjeseci<\/td><td class=\"column-2\">-<\/td><td class=\"column-3\">1<\/td>\n<\/tr>\n<tr class=\"row-11 odd\">\n\t<td class=\"column-1\">Uvjetno 6.-12. mjeseci<\/td><td class=\"column-2\">-<\/td><td class=\"column-3\">-<\/td>\n<\/tr>\n<\/tbody>\n<\/table>\n<\/td>\n<\/tr>\n<tr>\n<td><\/td>\n<\/tr>\n<\/tbody>\n<\/table>\n","protected":false},"excerpt":{"rendered":"<p>\u00a0Previous \u00a0Next \u00a0\u00a0\u00a0<\/p>\n","protected":false},"author":2,"featured_media":0,"parent":0,"menu_order":0,"comment_status":"closed","ping_status":"closed","template":"","meta":{"footnotes":""},"_links":{"self":[{"href":"https:\/\/transcrim.pravo.unizg.hr\/index.php\/wp-json\/wp\/v2\/pages\/645"}],"collection":[{"href":"https:\/\/transcrim.pravo.unizg.hr\/index.php\/wp-json\/wp\/v2\/pages"}],"about":[{"href":"https:\/\/transcrim.pravo.unizg.hr\/index.php\/wp-json\/wp\/v2\/types\/page"}],"author":[{"embeddable":true,"href":"https:\/\/transcrim.pravo.unizg.hr\/index.php\/wp-json\/wp\/v2\/users\/2"}],"replies":[{"embeddable":true,"href":"https:\/\/transcrim.pravo.unizg.hr\/index.php\/wp-json\/wp\/v2\/comments?post=645"}],"version-history":[{"count":0,"href":"https:\/\/transcrim.pravo.unizg.hr\/index.php\/wp-json\/wp\/v2\/pages\/645\/revisions"}],"wp:attachment":[{"href":"https:\/\/transcrim.pravo.unizg.hr\/index.php\/wp-json\/wp\/v2\/media?parent=645"}],"curies":[{"name":"wp","href":"https:\/\/api.w.org\/{rel}","templated":true}]}}