{"id":78,"date":"2015-07-14T14:49:22","date_gmt":"2015-07-14T14:49:22","guid":{"rendered":"http:\/\/transcrim.pravo.unizg.hr\/?page_id=78"},"modified":"2016-01-25T21:11:53","modified_gmt":"2016-01-25T21:11:53","slug":"institutional-framework","status":"publish","type":"page","link":"https:\/\/transcrim.pravo.unizg.hr\/index.php\/institutional-framework\/","title":{"rendered":"Institutional framework"},"content":{"rendered":"<p>Me\u0111unarodne organizacije<\/p>\n<ul>\n<li><a href=\"https:\/\/www.europol.europa.eu\/category\/press-release-category\/human-trafficking\">Europol<\/a><\/li>\n<li><a href=\"http:\/\/council of europe human trafficking\">Vije\u0107e Europe<\/a><\/li>\n<li><a href=\"http:\/\/www.interpol.int\/Crime-areas\/Trafficking-in-human-beings\/Trafficking-in-human-beings\">Interpol<\/a><\/li>\n<li><a href=\"https:\/\/www.unodc.org\/unodc\/human-trafficking\/\">Ujedinjeni narodi<\/a><\/li>\n<\/ul>\n<p>Broj\u010dani prikaz \u017ertava trgovanja ljudima u periodu od 2002.-2012. godine prema slu\u017ebeno objavljenim podacima Ministarstva unutarnjih poslova<\/p>\n<p>2002.- 11 \u017ertava trgovanja ljudima<br \/>\n2003.- 14 \u017ertava trgovanja ljudima<br \/>\n2004.- 7 \u017ertava trgovanja ljudima<br \/>\n2005.- 8 \u017ertava trgovanja ljudima<br \/>\n2006.- 7 (+2)* \u017ertava trgovanja ljudima<br \/>\n2007.- 15 \u017ertava trgovanja ljudima<br \/>\n2008.- 13 \u017ertava trgovanja ljudima<br \/>\n2009.- 6 \u017ertava trgovanja ljudima<br \/>\n2010.- 19 \u017ertava trgovanja ljudima<br \/>\n2011.- 8 \u017ertava trgovanja ljudima<br \/>\n2012.- 8 \u017ertava trgovanja ljudima.<\/p>\n<br \/>\n","protected":false},"excerpt":{"rendered":"<p>Me\u0111unarodne organizacije Europol Vije\u0107e Europe Interpol Ujedinjeni narodi Broj\u010dani prikaz \u017ertava trgovanja ljudima u periodu od 2002.-2012. godine prema slu\u017ebeno objavljenim podacima Ministarstva unutarnjih poslova 2002.- 11 \u017ertava trgovanja ljudima 2003.- 14 \u017ertava trgovanja ljudima 2004.- 7 \u017ertava trgovanja ljudima 2005.- 8 \u017ertava trgovanja ljudima 2006.- 7 (+2)* \u017ertava trgovanja ljudima 2007.- 15 \u017ertava trgovanja&#8230;<\/p>\n","protected":false},"author":2,"featured_media":0,"parent":0,"menu_order":0,"comment_status":"closed","ping_status":"closed","template":"","meta":{"footnotes":""},"_links":{"self":[{"href":"https:\/\/transcrim.pravo.unizg.hr\/index.php\/wp-json\/wp\/v2\/pages\/78"}],"collection":[{"href":"https:\/\/transcrim.pravo.unizg.hr\/index.php\/wp-json\/wp\/v2\/pages"}],"about":[{"href":"https:\/\/transcrim.pravo.unizg.hr\/index.php\/wp-json\/wp\/v2\/types\/page"}],"author":[{"embeddable":true,"href":"https:\/\/transcrim.pravo.unizg.hr\/index.php\/wp-json\/wp\/v2\/users\/2"}],"replies":[{"embeddable":true,"href":"https:\/\/transcrim.pravo.unizg.hr\/index.php\/wp-json\/wp\/v2\/comments?post=78"}],"version-history":[{"count":0,"href":"https:\/\/transcrim.pravo.unizg.hr\/index.php\/wp-json\/wp\/v2\/pages\/78\/revisions"}],"wp:attachment":[{"href":"https:\/\/transcrim.pravo.unizg.hr\/index.php\/wp-json\/wp\/v2\/media?parent=78"}],"curies":[{"name":"wp","href":"https:\/\/api.w.org\/{rel}","templated":true}]}}