{"id":830,"date":"2016-11-10T16:05:03","date_gmt":"2016-11-10T16:05:03","guid":{"rendered":"http:\/\/transcrim.pravo.unizg.hr\/?page_id=830"},"modified":"2018-01-14T16:27:07","modified_gmt":"2018-01-14T16:27:07","slug":"c1","status":"publish","type":"page","link":"https:\/\/transcrim.pravo.unizg.hr\/index.php\/c1\/","title":{"rendered":"<h3>Croatian Academic Anti- Corruption Gateway (ACROWAY)<\/h3>"},"content":{"rendered":"<table border=\"0\" width=\"90%\">\n<tbody>\n<tr>\n<td>\n<table border=\"0\" width=\"200\" align=\"right\">\n<tbody>\n<tr>\n<td style=\"text-align: center;\" width=\"60\"><a href=\"https:\/\/transcrim.pravo.unizg.hr\/index.php\/c1\/\">\u00a0Previous<\/a><\/td>\n<td style=\"text-align: center;\" width=\"40\"><a href=\"https:\/\/transcrim.pravo.unizg.hr\/index.php\/c1\/\"><img loading=\"lazy\" decoding=\"async\" class=\"aligncenter wp-image-583 size-full\" src=\"https:\/\/transcrim.pravo.unizg.hr\/wp-content\/uploads\/2016\/01\/panel_left_over-e1453826653583.png\" alt=\"panel_left_over\" width=\"20\" height=\"20\" \/><\/a><\/td>\n<td style=\"text-align: center;\" width=\"40\"><a href=\"https:\/\/transcrim.pravo.unizg.hr\/index.php\/c2\/\"><img loading=\"lazy\" decoding=\"async\" class=\"aligncenter wp-image-584 size-full\" src=\"https:\/\/transcrim.pravo.unizg.hr\/wp-content\/uploads\/2016\/01\/panel_right_over-e1453826639441.png\" alt=\"panel_right_over\" width=\"20\" height=\"20\" \/><\/a><\/td>\n<td style=\"text-align: left;\" width=\"60\">\u00a0<a href=\"https:\/\/transcrim.pravo.unizg.hr\/index.php\/c2\/\">Next<\/a><\/td>\n<\/tr>\n<\/tbody>\n<\/table>\n<\/td>\n<\/tr>\n<tr>\n<td>\u00a0\u00a0\u00a0<h2 id=\"tablepress-17-name\" class=\"tablepress-table-name tablepress-table-name-id-17\"><h5>Prijave, optu\u017ebe i osude za Gospodarska kaznena djela u 2014. i 2013. godini<\/h5><\/h2>\n\n<table id=\"tablepress-17\" class=\"tablepress tablepress-id-17\" aria-labelledby=\"tablepress-17-name\">\n<thead>\n<tr class=\"row-1 odd\">\n\t<th class=\"column-1\">GOSPODARSKA KAZNENA DJELA<\/th><th class=\"column-2\">PRIJAVE 2013<\/th><th class=\"column-3\">OPTU\u017d\u008eBE 2013<\/th><th class=\"column-4\">OSUDE 2013<\/th><th class=\"column-5\">PRIJAVE 2014<\/th><th class=\"column-6\">OPTU\u008e\u017dBE 2014<\/th><th class=\"column-7\">OSUDE 2014<\/th>\n<\/tr>\n<\/thead>\n<tbody class=\"row-hover\">\n<tr class=\"row-2 even\">\n\t<td class=\"column-1\"><\/td><td class=\"column-2\"><\/td><td class=\"column-3\"><\/td><td class=\"column-4\"><\/td><td class=\"column-5\"><\/td><td class=\"column-6\"><\/td><td class=\"column-7\"><\/td>\n<\/tr>\n<tr class=\"row-3 odd\">\n\t<td class=\"column-1\">Zlouporaba povjerenja u gospodarskom poslovanju,\u010dl. 246.<\/td><td class=\"column-2\">255<\/td><td class=\"column-3\">270<\/td><td class=\"column-4\">81<\/td><td class=\"column-5\">322<\/td><td class=\"column-6\">291<\/td><td class=\"column-7\">171<\/td>\n<\/tr>\n<tr class=\"row-4 even\">\n\t<td class=\"column-1\">Prijevara u gospodarskom poslovanju, \u010dl. 247.<\/td><td class=\"column-2\">665<\/td><td class=\"column-3\">407<\/td><td class=\"column-4\">242<\/td><td class=\"column-5\">523<\/td><td class=\"column-6\">344<\/td><td class=\"column-7\">206<\/td>\n<\/tr>\n<tr class=\"row-5 odd\">\n\t<td class=\"column-1\">Povreda obveze vo\u0111enja trgova\u010dkih i poslovnih knjiga, \u010dl. 248.<\/td><td class=\"column-2\">12<\/td><td class=\"column-3\">43<\/td><td class=\"column-4\">35<\/td><td class=\"column-5\">25<\/td><td class=\"column-6\">27<\/td><td class=\"column-7\">21<\/td>\n<\/tr>\n<tr class=\"row-6 even\">\n\t<td class=\"column-1\">Prouzro\u010denje ste\u010daja, \u010dl. 249.<\/td><td class=\"column-2\">23<\/td><td class=\"column-3\">7<\/td><td class=\"column-4\">4<\/td><td class=\"column-5\">13<\/td><td class=\"column-6\">7<\/td><td class=\"column-7\">3<\/td>\n<\/tr>\n<tr class=\"row-7 odd\">\n\t<td class=\"column-1\">Pogodovanje vjerovnika, \u010dl. 250.<\/td><td class=\"column-2\">24<\/td><td class=\"column-3\">13<\/td><td class=\"column-4\">11<\/td><td class=\"column-5\">15<\/td><td class=\"column-6\">15<\/td><td class=\"column-7\">12<\/td>\n<\/tr>\n<tr class=\"row-8 even\">\n\t<td class=\"column-1\">Davanje mita u gospodarskom poslovanju, \u010dl. 253.<\/td><td class=\"column-2\">2<\/td><td class=\"column-3\">-<\/td><td class=\"column-4\">-<\/td><td class=\"column-5\">2<\/td><td class=\"column-6\">1<\/td><td class=\"column-7\">1<\/td>\n<\/tr>\n<tr class=\"row-9 odd\">\n\t<td class=\"column-1\">Zlouporaba u postupku javne nabave, \u010dl. 254.<\/td><td class=\"column-2\">1<\/td><td class=\"column-3\">-<\/td><td class=\"column-4\">-<\/td><td class=\"column-5\"><\/td><td class=\"column-6\"><\/td><td class=\"column-7\"><\/td>\n<\/tr>\n<tr class=\"row-10 even\">\n\t<td class=\"column-1\">Zavaravaju\u0107e ogla\u0161avanje, \u010dl. 255.<\/td><td class=\"column-2\">1<\/td><td class=\"column-3\">1<\/td><td class=\"column-4\">1<\/td><td class=\"column-5\">1<\/td><td class=\"column-6\">-<\/td><td class=\"column-7\">-<\/td>\n<\/tr>\n<tr class=\"row-11 odd\">\n\t<td class=\"column-1\">Utaja poreza ili carine, \u010dl. 256.<\/td><td class=\"column-2\">83<\/td><td class=\"column-3\">64<\/td><td class=\"column-4\">51<\/td><td class=\"column-5\">107<\/td><td class=\"column-6\">102<\/td><td class=\"column-7\">82<\/td>\n<\/tr>\n<tr class=\"row-12 even\">\n\t<td class=\"column-1\">Izbjegavanje carinskog nadzora, \u010dl. 257.<\/td><td class=\"column-2\">113<\/td><td class=\"column-3\">137<\/td><td class=\"column-4\">122<\/td><td class=\"column-5\">108<\/td><td class=\"column-6\">83<\/td><td class=\"column-7\">72<\/td>\n<\/tr>\n<tr class=\"row-13 odd\">\n\t<td class=\"column-1\">Subvencijska prijevara, \u010dl. 258.<\/td><td class=\"column-2\">6<\/td><td class=\"column-3\">1<\/td><td class=\"column-4\">-<\/td><td class=\"column-5\">10<\/td><td class=\"column-6\">4<\/td><td class=\"column-7\">3<\/td>\n<\/tr>\n<tr class=\"row-14 even\">\n\t<td class=\"column-1\">Zlouporaba tr\u009e\u017ei\u0161\u009ata kapitala, \u010dl. 260.<\/td><td class=\"column-2\">-<\/td><td class=\"column-3\">-<\/td><td class=\"column-4\">-<\/td><td class=\"column-5\">2<\/td><td class=\"column-6\">1<\/td><td class=\"column-7\">-<\/td>\n<\/tr>\n<tr class=\"row-15 odd\">\n\t<td class=\"column-1\">Neovla\u009atena uporaba tu\u0111e tvrtke, \u010dl. 261.<\/td><td class=\"column-2\">2<\/td><td class=\"column-3\">-<\/td><td class=\"column-4\">-<\/td><td class=\"column-5\">1<\/td><td class=\"column-6\">-<\/td><td class=\"column-7\">-<\/td>\n<\/tr>\n<tr class=\"row-16 even\">\n\t<td class=\"column-1\">Odavanje i neovla\u0161\u009ateno pribavljanje poslovne tajne, \u010dl. 262.<\/td><td class=\"column-2\">1<\/td><td class=\"column-3\">1<\/td><td class=\"column-4\">-<\/td><td class=\"column-5\">4<\/td><td class=\"column-6\">-<\/td><td class=\"column-7\">-<\/td>\n<\/tr>\n<tr class=\"row-17 odd\">\n\t<td class=\"column-1\">Nedozvoljena proizvodnja, \u010dl. 263.<\/td><td class=\"column-2\">6<\/td><td class=\"column-3\">-<\/td><td class=\"column-4\">-<\/td><td class=\"column-5\">5<\/td><td class=\"column-6\">1<\/td><td class=\"column-7\">1<\/td>\n<\/tr>\n<tr class=\"row-18 even\">\n\t<td class=\"column-1\">Nedozvoljena trgovina, \u010dl. 264.<\/td><td class=\"column-2\">325<\/td><td class=\"column-3\">233<\/td><td class=\"column-4\">229<\/td><td class=\"column-5\">305<\/td><td class=\"column-6\">249<\/td><td class=\"column-7\">244<\/td>\n<\/tr>\n<tr class=\"row-19 odd\">\n\t<td class=\"column-1\">Pranje novca, \u010dl. 265.<\/td><td class=\"column-2\">2<\/td><td class=\"column-3\">2<\/td><td class=\"column-4\">-<\/td><td class=\"column-5\">10<\/td><td class=\"column-6\">2<\/td><td class=\"column-7\">-<\/td>\n<\/tr>\n<tr class=\"row-20 even\">\n\t<td class=\"column-1\">UKUPNO BROJ\u010cANO<\/td><td class=\"column-2\">1522<\/td><td class=\"column-3\">1179<\/td><td class=\"column-4\">776<\/td><td class=\"column-5\">1454<\/td><td class=\"column-6\">1128<\/td><td class=\"column-7\">817<\/td>\n<\/tr>\n<tr class=\"row-21 odd\">\n\t<td class=\"column-1\">UKUPNO POSTOTNO<\/td><td class=\"column-2\">100%<\/td><td class=\"column-3\">77,46%<\/td><td class=\"column-4\">50,99%<\/td><td class=\"column-5\">100%<\/td><td class=\"column-6\">77,58%<\/td><td class=\"column-7\">56,19%<\/td>\n<\/tr>\n<\/tbody>\n<\/table>\n<!-- #tablepress-17 from cache --><\/td>\n<\/tr>\n<tr>\n<td><\/td>\n<\/tr>\n<\/tbody>\n<\/table>\n","protected":false},"excerpt":{"rendered":"<p>\u00a0Previous \u00a0Next \u00a0\u00a0\u00a0<\/p>\n","protected":false},"author":2,"featured_media":0,"parent":0,"menu_order":0,"comment_status":"closed","ping_status":"closed","template":"","meta":{"footnotes":""},"_links":{"self":[{"href":"https:\/\/transcrim.pravo.unizg.hr\/index.php\/wp-json\/wp\/v2\/pages\/830"}],"collection":[{"href":"https:\/\/transcrim.pravo.unizg.hr\/index.php\/wp-json\/wp\/v2\/pages"}],"about":[{"href":"https:\/\/transcrim.pravo.unizg.hr\/index.php\/wp-json\/wp\/v2\/types\/page"}],"author":[{"embeddable":true,"href":"https:\/\/transcrim.pravo.unizg.hr\/index.php\/wp-json\/wp\/v2\/users\/2"}],"replies":[{"embeddable":true,"href":"https:\/\/transcrim.pravo.unizg.hr\/index.php\/wp-json\/wp\/v2\/comments?post=830"}],"version-history":[{"count":0,"href":"https:\/\/transcrim.pravo.unizg.hr\/index.php\/wp-json\/wp\/v2\/pages\/830\/revisions"}],"wp:attachment":[{"href":"https:\/\/transcrim.pravo.unizg.hr\/index.php\/wp-json\/wp\/v2\/media?parent=830"}],"curies":[{"name":"wp","href":"https:\/\/api.w.org\/{rel}","templated":true}]}}