{"id":937,"date":"2017-01-06T18:05:02","date_gmt":"2017-01-06T18:05:02","guid":{"rendered":"http:\/\/transcrim.pravo.unizg.hr\/?page_id=937"},"modified":"2017-01-12T11:05:09","modified_gmt":"2017-01-12T11:05:09","slug":"second-annual-meeting","status":"publish","type":"page","link":"https:\/\/transcrim.pravo.unizg.hr\/index.php\/second-annual-meeting\/","title":{"rendered":"Second Annual Meeting"},"content":{"rendered":"<br \/>\n<p>U srijedu 21. prosinca u 14,30 sati u Vije\u0107nici Pravnog fakulteta odr\u017ean je drugi godi\u0161nji sastanak i predstavljanje Projekta <em>Hrvatske zaklade za znanost <\/em>voditelja Prof.dr.sc. Davora Deren\u010dinovi\u0107a<\/p>\n<p><strong><em>&#8220;Multidisciplinary Research Cluster on Crime in Transition &#8211; Trafficking in Human Beings, Corruption and Economic Crime&#8221; <\/em><\/strong><\/p>\n<p><center><img loading=\"lazy\" decoding=\"async\" class=\"aligncenter wp-image-939\" src=\"https:\/\/transcrim.pravo.unizg.hr\/wp-content\/uploads\/2017\/01\/gs1-224x300.png\" width=\"306\" height=\"410\" srcset=\"https:\/\/transcrim.pravo.unizg.hr\/wp-content\/uploads\/2017\/01\/gs1-224x300.png 224w, https:\/\/transcrim.pravo.unizg.hr\/wp-content\/uploads\/2017\/01\/gs1-768x1026.png 768w, https:\/\/transcrim.pravo.unizg.hr\/wp-content\/uploads\/2017\/01\/gs1-766x1024.png 766w, https:\/\/transcrim.pravo.unizg.hr\/wp-content\/uploads\/2017\/01\/gs1-710x949.png 710w, https:\/\/transcrim.pravo.unizg.hr\/wp-content\/uploads\/2017\/01\/gs1-1040x1390.png 1040w, https:\/\/transcrim.pravo.unizg.hr\/wp-content\/uploads\/2017\/01\/gs1.png 1320w\" sizes=\"(max-width: 306px) 100vw, 306px\" \/><\/center><br \/>\nS izlaganjima i u raspravi su sudjelovali prof.dr.sc.Davor Deren\u010dinovi\u0107, prof.dr.sc.Jasenko Marin, prof. dr.sc. Nikoleta Radionov, doc.dr.sc. Maja Munivrana Vajda, doc.dr.sc. Hrvoje Lisi\u010dar, dr.sc. Vanda Bo\u017ei\u0107, doc.dr.sc. Sun\u010dana Roksandi\u0107 Vidli\u010dka, doc.dr.sc. Mi\u0161o Mudri\u0107, doc.dr.sc. Frane Stani\u010di\u0107, doc.dr.sc.Aleksandar Mar\u0161avelski, prof.dr.sc. Ivana Jaramaz Reskusi\u0107, doc.dr.sc.Marta Dragi\u010devi\u0107 Prtenja\u010da, doc.dr.sc.Tihomir Katuli\u0107, doc.dr.sc.Marko Juri\u0107, doc.dr.sc.Mateja Crnkovi\u0107 Held, doc.dr.sc.Lana Ofak, doc.dr.sc.Marko Turudi\u0107, doc.dr.sc.Iva Savi\u0107 i doc.dr.sc.Vanja Ivan Savi\u0107.<\/p>\n<p>Naslovi prijavljenih izlaganja:<\/p>\n<p><strong>A- Prosecuting THB as a Crime against Humanity <\/strong>(doc.dr.sc. Maja Munivrana Vajda\u00a0sc.Davor Deren\u010dinovi\u0107, doc.dr.sc.Sun\u010dana Roksandi\u0107 Vidli\u010dka, dr.sc.Vanda Bo\u017ei\u0107)<\/p>\n<p>1.\u00a0<a href=\"https:\/\/transcrim.pravo.unizg.hr\/wp-content\/uploads\/2017\/01\/Maja-Munivrana-Vajda_Marta-Dragicevic-Prtenjaca-Nekadnjavanje-zrtava-trgovanja-ljudima.pdf\">Doc.dr.sc.Maja Munivrana Vajda, doc.dr.sc.Marta Dragi\u010devi\u0107 Prtenja\u010da: <strong>Neka\u017enjavanje \u017ertava trgovine ljudima u RH<\/strong><\/a>\u00a0<img loading=\"lazy\" decoding=\"async\" class=\"size-full wp-image-414 alignnone\" src=\"https:\/\/transcrim.pravo.unizg.hr\/wp-content\/uploads\/2015\/11\/pdf_icon.gif\" alt=\"\" width=\"35\" height=\"17\" \/><\/p>\n<p><strong><br \/>\nB- Improvement of Legal and Institutional Framework for Identification of Victims and Granting Temporary Residence Permits <\/strong>(doc.dr.sc.Marko \u0160iki\u0107, doc.dr.sc. Frane Stani\u010di\u0107, doc.dr.sc.Lana Ofak, doc.dr.sc.Mateja Crnkovi\u0107 Held, doc.dr.sc.Marko Turudi\u0107, dr.sc.Vanda Bo\u017ei\u0107)<\/p>\n<ol>\n<li><em> Doc.dr.sc.Lana Ofak: <strong>Postupci azila (tzv. Dublinski predmeti) u praksi Europskog suda za ljudska prava <\/strong><\/em><\/li>\n<\/ol>\n<p><strong>C- Establishment of Croatian Academic Anti-Corruption Gateway (ACROWAY) <\/strong><\/p>\n<p>(doc.dr.sc. Hrvoje Lisi\u010dar, doc.dr.sc. Tihomir Katuli\u0107, doc.dr.sc. Marko Juri\u0107,prof.dr.sc. Davor Deren\u010dinovi\u0107, doc.dr.sc. Marta Dragi\u010devi\u0107 Prtenja\u010da, dr.sc.Vanda Bo\u017ei\u0107)<\/p>\n<p><em>1- Prof.dr.sc. Davor Deren\u010dinovi\u0107, Dr.sc. Vanda Bo\u017ei\u0107, Doc.dr.sc. Hrvoje Lisi\u010dar: <strong>Prezentacija Web stranice Projekta <\/strong><\/em><\/p>\n<p><strong>D- Legal History Studies on Electoral and Judicial Corruption &#8211; Model for 21st century? <\/strong>(prof.dr.sc. Ivana Jaramaz Reskusi\u0107, dr.sc. Vanda Bo\u017ei\u0107)<\/p>\n<ol>\n<li><a href=\"https:\/\/transcrim.pravo.unizg.hr\/wp-content\/uploads\/2017\/01\/Ivana-Jaramaz-Neki-pravno-retoricki-aspekti-Ciceronova-govora-pro-murena.pdf\"><em> Prof.dr.sc. Ivana Jaramaz Reskusi\u0107: <strong>Neki pravno-retori\u010dki aspekti Ciceronova govora pro murena<img loading=\"lazy\" decoding=\"async\" class=\"alignnone size-full wp-image-414\" src=\"https:\/\/transcrim.pravo.unizg.hr\/wp-content\/uploads\/2015\/11\/pdf_icon.gif\" alt=\"\" width=\"35\" height=\"17\" \/> <\/strong><\/em><\/a><\/li>\n<\/ol>\n<p><strong>E- Research Study on Responsibility of Legal Persons for Corruption and Economic Criminal Offences with Special Emphasize on Political Parties <\/strong>(prof.dr.sc. Davor Deren\u010dinovi\u0107, doc.dr.sc.Aleksandar Mar\u0161avelski, doc.dr.sc.Vanja Ivan Savi\u0107, dr.sc.Vanda Bo\u017ei\u0107)<\/p>\n<ol>\n<li><a href=\"https:\/\/transcrim.pravo.unizg.hr\/wp-content\/uploads\/2017\/01\/Aleksandar-Marsavelski-Procesni-aspekti-kaznene-odgovornosti-politickih-stranaka.pdf\"><em>Doc.dr.sc Aleksandar Mar\u0161avelski: <strong>Procesni aspekti kaznene odgovornosti politi\u010dkih stranaka<img loading=\"lazy\" decoding=\"async\" class=\"alignnone size-full wp-image-414\" src=\"https:\/\/transcrim.pravo.unizg.hr\/wp-content\/uploads\/2015\/11\/pdf_icon.gif\" alt=\"\" width=\"35\" height=\"17\" \/> <\/strong><\/em><\/a><\/li>\n<\/ol>\n<p><strong>F- Analysis of Impact of Economic Crimes on Global and National Economy and Searching for Remedies for Crimes that have been Committed in Period of Transition <\/strong>(doc.dr.sc. Sun\u010dana Roksandi\u0107 Vidli\u010dka, prof.dr.sc. Davor Deren\u010dinovi\u0107, doc.dr.sc. Marko Juri\u0107, dr.sc. Vanda Bo\u017ei\u0107)<\/p>\n<ol>\n<li><a href=\"https:\/\/transcrim.pravo.unizg.hr\/wp-content\/uploads\/2017\/01\/Vanda-Bozic-Gospodarska-kaznena-djela.pdf\"><em> Dr.sc. Vanda Bo\u017ei\u0107: <strong>Gospodarska kaznena djela u hrvatskom kaznenom zakonodavstvu s posebnim osvrtom na prijevaru u gospodarskom poslovanju kao naju\u010destalijim gospodarskim kaznenim djelom u sudskoj praksi<img loading=\"lazy\" decoding=\"async\" class=\"alignnone size-full wp-image-414\" src=\"https:\/\/transcrim.pravo.unizg.hr\/wp-content\/uploads\/2015\/11\/pdf_icon.gif\" alt=\"\" width=\"35\" height=\"17\" \/> <\/strong><\/em><\/a><\/li>\n<li><em> Doc.dr.sc.Tihomir Katuli\u0107, doc.dr.sc.Marko Juri\u0107: <strong>Prikupljanje podataka koji sadr\u017ee govor u okviru zakonitog presretanja i nadgledanja komunikacija <\/strong><\/em><\/li>\n<\/ol>\n<p><strong>G- Dismantling Transnational Organized Crime Networks through Increase of Safety and Security in Transport Management <\/strong>(prof.dr.sc Nikoleta Radionov, prof.dr.sc Jasenko Marin, doc.dr.Mi\u0161o Mudri\u0107, doc.dr.Mi\u0161o Mudri\u0107, doc.dr.sc. Iva Savi\u0107, dr.sc.Vanda Bo\u017ei\u0107)<\/p>\n<ol>\n<li><a href=\"https:\/\/transcrim.pravo.unizg.hr\/wp-content\/uploads\/2017\/01\/Nikoleta-Radionov-Utjecaj-razvoja-pravila-o-sigurnosti-i-sigurnosnoj-zastiti-na-kriminalizaciju-pomoraca.pdf\"><em> Prof.dr.sc. Nikoleta Radionov: <strong>Utjecaj razvoja pravila o sigurnosti i sigurnosnoj za\u0161titi na kriminalizaciju pomoraca<img loading=\"lazy\" decoding=\"async\" class=\"alignnone size-full wp-image-414\" src=\"https:\/\/transcrim.pravo.unizg.hr\/wp-content\/uploads\/2015\/11\/pdf_icon.gif\" alt=\"\" width=\"35\" height=\"17\" \/> <\/strong><\/em><\/a><\/li>\n<li><a href=\"https:\/\/transcrim.pravo.unizg.hr\/wp-content\/uploads\/2017\/01\/Miso-Mudric-Transport-Security.pdf\"><em> Doc.dr.Mi\u0161o Mudri\u0107: <strong>Transport Security vs. Transnational Organized Crime Networks: Contractors and Drones<img loading=\"lazy\" decoding=\"async\" class=\"alignnone size-full wp-image-414\" src=\"https:\/\/transcrim.pravo.unizg.hr\/wp-content\/uploads\/2015\/11\/pdf_icon.gif\" alt=\"\" width=\"35\" height=\"17\" \/> <\/strong><\/em><\/a><\/li>\n<li><a href=\"https:\/\/transcrim.pravo.unizg.hr\/wp-content\/uploads\/2017\/01\/Jasenko-Marin-Europska-granicna-i-obalna-straza.pdf\"><em> Prof.dr.sc.Jasenko Marin: <strong>Europska grani\u010dna i obalna stra\u017ea \u2013 va\u017ean \u010dimbenik u borbi protiv prekograni\u010dnog kriminaliteta<img loading=\"lazy\" decoding=\"async\" class=\"alignnone size-full wp-image-414\" src=\"https:\/\/transcrim.pravo.unizg.hr\/wp-content\/uploads\/2015\/11\/pdf_icon.gif\" alt=\"\" width=\"35\" height=\"17\" \/> <\/strong><\/em><\/a><\/li>\n<\/ol>\n","protected":false},"excerpt":{"rendered":"<p>U srijedu 21. prosinca u 14,30 sati u Vije\u0107nici Pravnog fakulteta odr\u017ean je drugi godi\u0161nji sastanak i predstavljanje Projekta Hrvatske zaklade za znanost voditelja Prof.dr.sc. Davora Deren\u010dinovi\u0107a &#8220;Multidisciplinary Research Cluster on Crime in Transition &#8211; Trafficking in Human Beings, Corruption and Economic Crime&#8221; S izlaganjima i u raspravi su sudjelovali prof.dr.sc.Davor Deren\u010dinovi\u0107, prof.dr.sc.Jasenko Marin, prof&#8230;.<\/p>\n","protected":false},"author":2,"featured_media":0,"parent":0,"menu_order":0,"comment_status":"closed","ping_status":"closed","template":"","meta":{"footnotes":""},"_links":{"self":[{"href":"https:\/\/transcrim.pravo.unizg.hr\/index.php\/wp-json\/wp\/v2\/pages\/937"}],"collection":[{"href":"https:\/\/transcrim.pravo.unizg.hr\/index.php\/wp-json\/wp\/v2\/pages"}],"about":[{"href":"https:\/\/transcrim.pravo.unizg.hr\/index.php\/wp-json\/wp\/v2\/types\/page"}],"author":[{"embeddable":true,"href":"https:\/\/transcrim.pravo.unizg.hr\/index.php\/wp-json\/wp\/v2\/users\/2"}],"replies":[{"embeddable":true,"href":"https:\/\/transcrim.pravo.unizg.hr\/index.php\/wp-json\/wp\/v2\/comments?post=937"}],"version-history":[{"count":0,"href":"https:\/\/transcrim.pravo.unizg.hr\/index.php\/wp-json\/wp\/v2\/pages\/937\/revisions"}],"wp:attachment":[{"href":"https:\/\/transcrim.pravo.unizg.hr\/index.php\/wp-json\/wp\/v2\/media?parent=937"}],"curies":[{"name":"wp","href":"https:\/\/api.w.org\/{rel}","templated":true}]}}